{"id":737447,"date":"2025-08-27T23:29:16","date_gmt":"2025-08-27T20:29:16","guid":{"rendered":"https:\/\/roveyayinevi.com.tr\/index.php\/urun\/ustalik-gerektiren-kafaya-takmama-sanati-ve-her-sey-bktan-kitap-seti-2-kitap-takim\/"},"modified":"2026-04-16T02:46:52","modified_gmt":"2026-04-15T23:46:52","slug":"ustalik-gerektiren-kafaya-takmama-sanati-ve-her-sey-bktan-kitap-seti-2-kitap-takim","status":"publish","type":"product","link":"https:\/\/roveyayinevi.com.tr\/index.php\/urun\/ustalik-gerektiren-kafaya-takmama-sanati-ve-her-sey-bktan-kitap-seti-2-kitap-takim\/","title":{"rendered":"Ustal\u0131k Gerektiren Kafaya Takmama Sanat\u0131 ve Her \u015eey Bktan Kitap Seti &#8211; 2 Kitap Tak\u0131m"},"content":{"rendered":"<p>Ustal\u0131k Gerektiren Kafaya Takmama Sanat\u0131 Kitap A\u00e7\u0131klamas\u0131\u201cB\u00fcy\u00fck G\u00fc\u00e7 B\u00fcy\u00fck Sorumluluklar Getirir.\u201d Do\u011fru. Ama bu s\u00f6z\u00fcn daha iyi bir ak\u0131\u015f a\u00e7\u0131s\u0131 var, ve ger\u00e7ekten derin bir bak\u0131\u015f a\u00e7\u0131s\u0131. Tek yapman\u0131z gereken s\u00f6zlerin yerini de\u011fi\u015ftirmek: \u201cB\u00fcy\u00fck sorumluluklar b\u00fcy\u00fck g\u00fc\u00e7 getirir.\u201d \u201cHer \u015feyi iyi taraf\u0131ndan g\u00f6rmek\u201d gibi bir \u015fey iyi gibi g\u00f6r\u00fcnse de, ger\u00e7ek \u015fu ki hayat bazen berbatt\u0131r ve yapabilece\u011finiz en sa\u011fl\u0131kl\u0131 \u015fey de bunu kabul etmektir. Negatif duygular\u0131 ink\u00e2r etmek daha derin ve daha uzun \u00f6m\u00fcrl\u00fc negatif duygulara ve duygusal bozuklu\u011fa neden olur. S\u00fcrekli pozitif olmak hayat\u0131n sorunlar\u0131 i\u00e7in ge\u00e7erli bir \u00e7\u00f6z\u00fcm de\u011fil, bir ink\u00e2r bi\u00e7imidir. Do\u011fru de\u011ferleri se\u00e7erseniz, bu sorunlar size zindelik, kuvvet ve \u015fevk verir. Dedemin zaman\u0131na d\u00f6nersek, kendini \u00e7ok k\u00f6t\u00fc hissetti\u011finde \u015f\u00f6yle d\u00fc\u015f\u00fcn\u00fcrd\u00fc, \u201cBug\u00fcn berbat bir g\u00fcn\u00fcmdeyim. Ama n\u2019apal\u0131m hayat b\u00f6yle, ben samanlar\u0131 havaland\u0131rmaya devam etmeliyim.\u201d Ama ya \u015fimdi? \u015eimdi be\u015f dakikal\u0131\u011f\u0131na bile kendinizi \u00e7ok k\u00f6t\u00fc hissetseniz son derece mutlu ve harika hayatlar\u0131 varm\u0131\u015f gibi sunan insanlar\u0131n 350 foto\u011fraf\u0131yla bombard\u0131man ediliyorsunuz, bu durumda hatan\u0131n sizde oldu\u011funu hissetmemeniz imk\u00e2ns\u0131z ku\u015fkusuz. De\u011fmeyecek \u015feyleri kafaya takmamak \u00e7ok \u00f6nemlidir. D\u00fcnyay\u0131 kurtaracak olan \u015fey budur. D\u00fcnyan\u0131n bazen berbat oldu\u011funu ama bunun da do\u011fal oldu\u011funu kabul ederek ya\u015famak gerek. \u00c7\u00fcnk\u00fc her zaman b\u00f6yleydi ve her zaman da b\u00f6yle olacak.Sosyal medyada her g\u00fcn milyonlarca kere payla\u015f\u0131lan \u201cNas\u0131l Mutlu Olunur\u201d tarz\u0131 sa\u00e7mal\u0131klarda yanl\u0131\u015f olan ve kimsenin fark etmedi\u011fi \u015fey \u015fudur: Daha pozitif bir deneyimi arzu etmenin kendisi negatif bir deneyimdir. Ve de tam tersine, insan\u0131n negatif deneyimini kabul etmesinin kendisi pozitif bir deneyimdir. Pokerde elinde korkun\u00e7 ka\u011f\u0131tlar olan biri \u00e7ok g\u00fczel eli olan birini yenebilir. Elbette eli g\u00fczel olan\u0131n kazanma ihtimali daha b\u00fcy\u00fckt\u00fcr, ama sonunda kazanan her oyuncunun oyun s\u00fcresinde yapt\u0131\u011f\u0131 se\u00e7imlerle belirlenir. Hayat\u0131 da ayn\u0131 \u015fekilde g\u00f6r\u00fcyorum. Hepimize da\u011f\u0131t\u0131lm\u0131\u015f bir el var. Baz\u0131lar\u0131n\u0131n eli daha iyi. Sadece ka\u011f\u0131tlara bakarak berbat durumda oldu\u011fumuzu s\u00f6ylemek kolaysa da, ger\u00e7ek oyun o ka\u011f\u0131tlarla yapaca\u011f\u0131m\u0131z se\u00e7imlere, almaya karar verdi\u011fimiz risklere ve birlikte ya\u015famay\u0131 se\u00e7ti\u011fimiz sonu\u00e7lara ba\u011fl\u0131d\u0131r. \u0130\u00e7inde bulunduklar\u0131 duruma g\u00f6re s\u00fcrekli en iyi se\u00e7imleri yapanlar t\u0131pk\u0131 pokerde oldu\u011fu gibi hayatta da \u00f6ne \u00e7\u0131karlar ve illa da eline en iyi ka\u011f\u0131tlar gelmi\u015f olmalar\u0131 gerekmez. Her \u015eey Bktan-Umut Hakk\u0131nda Bir Kitap Kitap A\u00e7\u0131klamas\u0131Uluslararas\u0131 mega \u00e7ok satan Ustal\u0131k Gerektiren Kafaya Takmama Sanat\u0131\u2019n\u0131n yazar\u0131ndan umut hakk\u0131nda sezgilere ters d\u00fc\u015fen bir kitap.\u0130lgin\u00e7 zamanlar ya\u015f\u0131yoruz. Maddi olarak her \u015fey daha \u00f6nce hi\u00e7 olmad\u0131\u011f\u0131 kadar iyi, ama bir \u015fekilde her \u015fey korkun\u00e7 bir durumda boktan g\u00f6r\u00fcn\u00fcyor. Neler oluyor?Manson Her \u015eey B*ktan\u2019\u0131 yazarken da\u011flarca psikolojik ara\u015ft\u0131rmay\u0131 inceledi ve Platon\u2019dan Tom Waits\u2019e kadar zaman\u0131 a\u015fan filozoflar\u0131n bilgeli\u011fine ba\u015fvurarak paray\u0131, e\u011flenceyi, politikay\u0131 ve interneti mercek alt\u0131na ald\u0131.Kendimize kar\u015f\u0131 daha d\u00fcr\u00fcst olmam\u0131z i\u00e7in bizlere meydan okudu; a\u00e7\u0131k\u00e7a inan\u00e7, mutluluk, \u00f6zg\u00fcrl\u00fck ve hatta umut tan\u0131mlar\u0131m\u0131z\u0131 sorgulad\u0131. D\u00fcnyan\u0131n en b\u00fcy\u00fck modern yazarlar\u0131ndan olan Manson\u2019un ikinci kitab\u0131 elinizdedir.\u201cTanr\u0131lar Pandora\u2019y\u0131 d\u00fcnyaya kavgalar \u00e7\u0131kmas\u0131 i\u00e7in yollad\u0131lar. Ama bir \u015fey daha yapt\u0131lar: Onu bir kutuyla yollad\u0131lar. G\u00fczel bir kutuydu; alt\u0131n kakmal\u0131 ve \u015f\u0131k, narin s\u00fcslemeleri vard\u0131. Pandora\u2019dan bunu bir erke\u011fe vermesini istediler, ama kutunun hi\u00e7 a\u00e7\u0131lmamas\u0131 gerekti\u011fi talimat\u0131n\u0131 verdiler.Biri kutuyu a\u00e7t\u0131 ve s\u00fcrpriz, s\u00fcrpriz; d\u00fcnyaya t\u00fcrl\u00fc k\u00f6t\u00fcl\u00fck sa\u00e7\u0131ld\u0131: \u00f6l\u00fcm, hastal\u0131klar, nefret ve haset. Art\u0131k insanlar birbirlerini \u00f6ld\u00fcr\u00fcyorlard\u0131.Sava\u015flar ba\u015flad\u0131. Krall\u0131klar ve rekabet ba\u015flad\u0131. K\u00f6lelik ak\u0131llar\u0131na geldi. \u0130mparatorlar birbirlerinin topraklar\u0131n\u0131 fethetmeye ba\u015flayarak binlerce insan\u0131 \u00f6ld\u00fcrd\u00fcler. Koca \u015fehirler in\u015fa edildi ve ard\u0131ndan y\u0131k\u0131ld\u0131. Kad\u0131nlara mallar\u0131 gibi davranmaya ba\u015flayarak aralar\u0131nda sanki birer e\u015fyaym\u0131\u015f gibi de\u011fi\u015f-toku\u015f ettiler ve ticaretini yapt\u0131lar.K\u0131sacas\u0131 insanlar insan olmaya ba\u015flad\u0131lar.Her \u015fey k\u00f6t\u00fc g\u00f6r\u00fcn\u00fcyordu, ama bu kutunun dibinde parlak ve g\u00fczel bir \u015fey kalm\u0131\u015ft\u0131.Umut.Pandora\u2019n\u0131n kutusu efsanesinin bir s\u00fcr\u00fc yorumu vard\u0131r; en bilineni tanr\u0131lar\u0131n bizi her t\u00fcrden k\u00f6t\u00fcl\u00fckle cezaland\u0131rmas\u0131d\u0131r, ama bu k\u00f6t\u00fcl\u00fcklere kar\u015f\u0131 bir panzehirle de donatt\u0131lar: umut. Hastal\u0131k yay\u0131labilir, ama tedavi de yay\u0131l\u0131r, \u00e7\u00fcnk\u00fc umut bula\u015f\u0131c\u0131d\u0131r. Daha iyi bir hayat\u0131 umut etmeyin. Sadece daha iyi bir hayat ya\u015fay\u0131n.Daha iyi olun.Daha \u015fefkatli, dayan\u0131kl\u0131, m\u00fctevaz\u0131, disiplinli.Daha iyi bir insan olun.Ve belki, \u015fansl\u0131ysak bir g\u00fcn insandan daha fazlas\u0131 olabiliriz.\u201d<\/p>\n","protected":false},"excerpt":{"rendered":"<p>Ustal\u0131k Gerektiren Kafaya Takmama Sanat\u0131 Kitap A\u00e7\u0131klamas\u0131\u201cB\u00fcy\u00fck G\u00fc\u00e7 B\u00fcy\u00fck Sorumluluklar Getirir.\u201d Do\u011fru. Ama bu s\u00f6z\u00fcn daha iyi bir ak\u0131\u015f a\u00e7\u0131s\u0131 var, ve ger\u00e7ekten derin bir bak\u0131\u015f<span class=\"excerpt-hellip\"> [\u2026]<\/span><\/p>\n","protected":false},"featured_media":0,"template":"","meta":{"_monsterinsights_skip_tracking":false,"_monsterinsights_sitenote_active":false,"_monsterinsights_sitenote_note":"","_monsterinsights_sitenote_category":0},"product_brand":[],"product_cat":[12364,12376],"product_tag":[],"class_list":{"0":"post-737447","1":"product","2":"type-product","3":"status-publish","5":"product_cat-genel-konular","6":"product_cat-kisisel-gelisim","7":"pa_cilt-ciltsiz","8":"pa_tur-kitap","9":"pa_yayinevi-butik-yayinlari","10":"pa_yazar-mark-manson","12":"first","13":"instock","14":"sale","15":"shipping-taxable","16":"purchasable","17":"product-type-simple"},"_links":{"self":[{"href":"https:\/\/roveyayinevi.com.tr\/index.php\/wp-json\/wp\/v2\/product\/737447","targetHints":{"allow":["GET"]}}],"collection":[{"href":"https:\/\/roveyayinevi.com.tr\/index.php\/wp-json\/wp\/v2\/product"}],"about":[{"href":"https:\/\/roveyayinevi.com.tr\/index.php\/wp-json\/wp\/v2\/types\/product"}],"wp:attachment":[{"href":"https:\/\/roveyayinevi.com.tr\/index.php\/wp-json\/wp\/v2\/media?parent=737447"}],"wp:term":[{"taxonomy":"product_brand","embeddable":true,"href":"https:\/\/roveyayinevi.com.tr\/index.php\/wp-json\/wp\/v2\/product_brand?post=737447"},{"taxonomy":"product_cat","embeddable":true,"href":"https:\/\/roveyayinevi.com.tr\/index.php\/wp-json\/wp\/v2\/product_cat?post=737447"},{"taxonomy":"product_tag","embeddable":true,"href":"https:\/\/roveyayinevi.com.tr\/index.php\/wp-json\/wp\/v2\/product_tag?post=737447"}],"curies":[{"name":"wp","href":"https:\/\/api.w.org\/{rel}","templated":true}]}}