{"id":737446,"date":"2025-08-27T23:29:15","date_gmt":"2025-08-27T20:29:15","guid":{"rendered":"https:\/\/roveyayinevi.com.tr\/index.php\/urun\/simdi-onlar-dusunsun\/"},"modified":"2026-04-16T02:46:52","modified_gmt":"2026-04-15T23:46:52","slug":"simdi-onlar-dusunsun","status":"publish","type":"product","link":"https:\/\/roveyayinevi.com.tr\/index.php\/urun\/simdi-onlar-dusunsun\/","title":{"rendered":"\u015eimdi Onlar D\u00fc\u015f\u00fcns\u00fcn"},"content":{"rendered":"<p>Ruhun \u015fark\u0131 s\u00f6ylerse hayat seni mutlaka dansa kald\u0131r\u0131r.*   Bundan b\u00f6yle kartlar yeniden da\u011f\u0131t\u0131lacak. Oyunun kural\u0131 de\u011fi\u015fti. Sevebildi\u011fin i\u00e7in sevileceksin, kaybetmekten korkmad\u0131\u011f\u0131n i\u00e7in vazge\u00e7ilmez olacaks\u0131n. Sava\u015fmad\u0131\u011f\u0131n i\u00e7in kazanacaks\u0131n, \u00e7\u00fcnk\u00fc sava\u015flar\u0131n galibi olmaz. M\u00fccadele etmedi\u011fin i\u00e7in kolayca elde edeceksin. Kopar\u0131p almayacaks\u0131n, uzan\u0131p alacaks\u0131n.Bask\u0131yla ve kaybetme korkusuyla elinde tutmaya \u00e7al\u0131\u015fmayacaks\u0131n, avu\u00e7lar\u0131n a\u00e7\u0131k halde \u015fefkatle ve g\u00fcvenle seveceksin. \u00c7ok para pe\u015finde ko\u015fmak zorunda kalmayacaks\u0131n \u00e7\u00fcnk\u00fc neye ihtiyac\u0131n varsa zaten kar\u015f\u0131layabiliyor olacaks\u0131n. Yaralar\u0131n\u0131 iyile\u015ftirebileceksin. Kimsenin \u00fczerine yaftalad\u0131\u011f\u0131 rollerin kahramanl\u0131\u011f\u0131na soyunmak zorunda kalmayacaks\u0131n, olmak istemedi\u011fin bir insan\u0131n ya\u015fam\u0131n\u0131 s\u00fcrmeyeceksin. Hayalindeki seni ya\u015fayacaks\u0131n. Hayallerini m\u00fcmk\u00fcn k\u0131lacaks\u0131n. Cehennemin i\u00e7inde kendine bir cennet yaratabileceksin. Bu y\u00fczden elinde tutuyorsun bu kitab\u0131. \u00c7\u00fcnk\u00fc hepsine haz\u0131rs\u0131n. Yapabilece\u011fini sen de biliyorsun. Sen de biliyorsun ki bundan sonra hi\u00e7bir \u015fey eskisi gibi olmayacak. \u015eimdi onlar d\u00fc\u015f\u00fcns\u00fcn&#8230; Sen hayalindeki sana ho\u015f geldin.     <\/p>\n","protected":false},"excerpt":{"rendered":"<p>Ruhun \u015fark\u0131 s\u00f6ylerse hayat seni mutlaka dansa kald\u0131r\u0131r.* Bundan b\u00f6yle kartlar yeniden da\u011f\u0131t\u0131lacak. Oyunun kural\u0131 de\u011fi\u015fti. Sevebildi\u011fin i\u00e7in sevileceksin, kaybetmekten korkmad\u0131\u011f\u0131n i\u00e7in vazge\u00e7ilmez olacaks\u0131n. Sava\u015fmad\u0131\u011f\u0131n i\u00e7in<span class=\"excerpt-hellip\"> [\u2026]<\/span><\/p>\n","protected":false},"featured_media":0,"template":"","meta":{"_monsterinsights_skip_tracking":false,"_monsterinsights_sitenote_active":false,"_monsterinsights_sitenote_note":"","_monsterinsights_sitenote_category":0},"product_brand":[],"product_cat":[12364,12376],"product_tag":[],"class_list":{"0":"post-737446","1":"product","2":"type-product","3":"status-publish","5":"product_cat-genel-konular","6":"product_cat-kisisel-gelisim","7":"pa_cilt-ciltsiz","8":"pa_tur-kitap","9":"pa_yayinevi-destek-yayinlari","10":"pa_yazar-bircan-yildirim","12":"first","13":"instock","14":"sale","15":"shipping-taxable","16":"purchasable","17":"product-type-simple"},"_links":{"self":[{"href":"https:\/\/roveyayinevi.com.tr\/index.php\/wp-json\/wp\/v2\/product\/737446","targetHints":{"allow":["GET"]}}],"collection":[{"href":"https:\/\/roveyayinevi.com.tr\/index.php\/wp-json\/wp\/v2\/product"}],"about":[{"href":"https:\/\/roveyayinevi.com.tr\/index.php\/wp-json\/wp\/v2\/types\/product"}],"wp:attachment":[{"href":"https:\/\/roveyayinevi.com.tr\/index.php\/wp-json\/wp\/v2\/media?parent=737446"}],"wp:term":[{"taxonomy":"product_brand","embeddable":true,"href":"https:\/\/roveyayinevi.com.tr\/index.php\/wp-json\/wp\/v2\/product_brand?post=737446"},{"taxonomy":"product_cat","embeddable":true,"href":"https:\/\/roveyayinevi.com.tr\/index.php\/wp-json\/wp\/v2\/product_cat?post=737446"},{"taxonomy":"product_tag","embeddable":true,"href":"https:\/\/roveyayinevi.com.tr\/index.php\/wp-json\/wp\/v2\/product_tag?post=737446"}],"curies":[{"name":"wp","href":"https:\/\/api.w.org\/{rel}","templated":true}]}}