{"id":737442,"date":"2025-08-27T23:29:10","date_gmt":"2025-08-27T20:29:10","guid":{"rendered":"https:\/\/roveyayinevi.com.tr\/index.php\/urun\/kafamdaki-karincalar\/"},"modified":"2026-03-23T02:54:00","modified_gmt":"2026-03-22T23:54:00","slug":"kafamdaki-karincalar","status":"publish","type":"product","link":"https:\/\/roveyayinevi.com.tr\/index.php\/urun\/kafamdaki-karincalar\/","title":{"rendered":"Kafamdaki Kar\u0131ncalar"},"content":{"rendered":"<p>\u201cYA \u00d6LECEK YA YANACAKTI, O YANMAYI TERC\u0130H ETT\u0130&#8230;\u201d   Bir tarafta ge\u00e7mi\u015fe saplanan, gelece\u011fi mahvetmeye meyilli, sahip oldu\u011fu obsesif kompulsif bozuklukla m\u00fccadele etmeye \u00e7al\u0131\u015fan bir kad\u0131n: Ceyla. Di\u011fer tarafta kendini \u00e7evresinden soyutlayan, ya\u015fad\u0131\u011f\u0131 kay\u0131plarla kafas\u0131ndaki kar\u0131ncalar aras\u0131nda s\u0131k\u0131\u015fm\u0131\u015f, yaln\u0131z bir erkek: Egemen. Ve Egemen\u2019in tercihlerine y\u00f6n veren dedesi Mustafa Bey taraf\u0131ndan yaz\u0131lm\u0131\u015f k\u0131rm\u0131z\u0131 kapl\u0131 eski bir g\u00fcnl\u00fck&#8230; Egemen\u2019le Ceyla\u2019n\u0131n yolu Be\u015fikta\u015f-Kad\u0131k\u00f6y vapurunda kesi\u015fir ve kar\u015f\u0131la\u015ft\u0131klar\u0131 tesad\u00fcfler onlar\u0131 su\u00e7lulukla masumiyet, do\u011fru ile yanl\u0131\u015f, a\u015fk ve nefret, ya\u015fam ve \u00f6l\u00fcm aras\u0131nda bir muhasebe yapmaya s\u00fcr\u00fckler&#8230; Onur Akhan KAFAMDAK\u0130 KARINCALAR isimli eserinde insan hayat\u0131na y\u00f6n veren kar\u015f\u0131tl\u0131klar\u0131, tuzaklarla \u00f6r\u00fcl\u00fc bir a\u015fk hik\u00e2yesi \u00fczerinden anlat\u0131yor. \u201cBir olay\u0131, mefhumu muhalifiyle d\u00fc\u015f\u00fcnmek gerek o\u011ful! Gece olmadan g\u00fcnd\u00fcz\u00fcn, k\u00f6t\u00fc olmadan iyinin, darl\u0131k olmadan dirli\u011fin, hastal\u0131k olmadan s\u0131hhatin, \u00f6l\u00fcm olmadan ya\u015fam\u0131n de\u011feri yoktur&#8230; Demem odur ki \u015fu fani d\u00fcnyada her \u015feyin bir z\u0131dd\u0131 vard\u0131r ve her \u015fey z\u0131dd\u0131yla de\u011fer bulur, z\u0131dd\u0131yla anla\u015f\u0131l\u0131r. Hayat insan\u0131n kar\u015f\u0131s\u0131na hep se\u00e7enekler sunar. Yanl\u0131\u015f\u0131 se\u00e7tim diye \u00fcz\u00fclmeyeceksin. Do\u011fruyu se\u00e7tim diye kibirlenmeyeceksin. Allah\u2019\u0131n i\u015fini biz bilemeyiz. O her zaman en do\u011frusunu bilir. G\u00fcn gelir, o yanl\u0131\u015f seni do\u011fruya g\u00f6t\u00fcren bir k\u0131lavuza d\u00f6n\u00fc\u015f\u00fcr. G\u00fcn gelir, o do\u011fru seni \u00f6yle bir yakar ki d\u00fcnya hayat\u0131nda cehennem azab\u0131 \u00e7ekersin.\u201d <\/p>\n","protected":false},"excerpt":{"rendered":"<p>\u201cYA \u00d6LECEK YA YANACAKTI, O YANMAYI TERC\u0130H ETT\u0130&#8230;\u201d Bir tarafta ge\u00e7mi\u015fe saplanan, gelece\u011fi mahvetmeye meyilli, sahip oldu\u011fu obsesif kompulsif bozuklukla m\u00fccadele etmeye \u00e7al\u0131\u015fan bir kad\u0131n: Ceyla.<span class=\"excerpt-hellip\"> [\u2026]<\/span><\/p>\n","protected":false},"featured_media":0,"template":"","meta":{"_monsterinsights_skip_tracking":false,"_monsterinsights_sitenote_active":false,"_monsterinsights_sitenote_note":"","_monsterinsights_sitenote_category":0},"product_brand":[],"product_cat":[12291,12711],"product_tag":[],"class_list":{"0":"post-737442","1":"product","2":"type-product","3":"status-publish","5":"product_cat-edebiyat","6":"product_cat-roman-oyku","7":"pa_cilt-ciltsiz","8":"pa_tur-kitap","9":"pa_yayinevi-destek-yayinlari","10":"pa_yazar-onur-akhan","12":"first","13":"instock","14":"sale","15":"shipping-taxable","16":"purchasable","17":"product-type-simple"},"_links":{"self":[{"href":"https:\/\/roveyayinevi.com.tr\/index.php\/wp-json\/wp\/v2\/product\/737442","targetHints":{"allow":["GET"]}}],"collection":[{"href":"https:\/\/roveyayinevi.com.tr\/index.php\/wp-json\/wp\/v2\/product"}],"about":[{"href":"https:\/\/roveyayinevi.com.tr\/index.php\/wp-json\/wp\/v2\/types\/product"}],"wp:attachment":[{"href":"https:\/\/roveyayinevi.com.tr\/index.php\/wp-json\/wp\/v2\/media?parent=737442"}],"wp:term":[{"taxonomy":"product_brand","embeddable":true,"href":"https:\/\/roveyayinevi.com.tr\/index.php\/wp-json\/wp\/v2\/product_brand?post=737442"},{"taxonomy":"product_cat","embeddable":true,"href":"https:\/\/roveyayinevi.com.tr\/index.php\/wp-json\/wp\/v2\/product_cat?post=737442"},{"taxonomy":"product_tag","embeddable":true,"href":"https:\/\/roveyayinevi.com.tr\/index.php\/wp-json\/wp\/v2\/product_tag?post=737442"}],"curies":[{"name":"wp","href":"https:\/\/api.w.org\/{rel}","templated":true}]}}