{"id":737440,"date":"2025-08-27T23:29:08","date_gmt":"2025-08-27T20:29:08","guid":{"rendered":"https:\/\/roveyayinevi.com.tr\/index.php\/urun\/gecekondu-2\/"},"modified":"2026-04-16T02:46:52","modified_gmt":"2026-04-15T23:46:52","slug":"gecekondu-2","status":"publish","type":"product","link":"https:\/\/roveyayinevi.com.tr\/index.php\/urun\/gecekondu-2\/","title":{"rendered":"Gecekondu"},"content":{"rendered":"<p>Kemal H. Karpat bu \u00e7al\u0131\u015fmas\u0131nda; T\u00fcrkiye&#8217;nin kentle\u015fme problemati\u011fini g\u00f6\u00e7 literat\u00fcr\u00fc \u00e7er\u00e7evesinde \u00e7ok boyutlu bir \u015fekilde de\u011ferlendirmektedir. T\u00fcrkiye&#8217;de \u00f6zellikle 1950&#8217;lerden sonra ortaya \u00e7\u0131kan k\u0131rdan kente g\u00f6\u00e7 T\u00fcrk modernle\u015fmesinin en b\u00fcy\u00fck tart\u0131\u015fma alanlar\u0131ndan biridir. Bu durum b\u00fct\u00fcn\u00fcyle T\u00fcrkiye&#8217;nin sosyal, siyasal, iktisadi ve k\u00fclt\u00fcrel yap\u0131s\u0131n\u0131 de\u011fi\u015ftirmi\u015f ve de\u011fi\u015ftirmeye de devam etmektedir. \u0130\u015fte bu \u00e7al\u0131\u015fmada bu de\u011fi\u015fimlerin nas\u0131l meydana geldi\u011fi, T\u00fcrkiye&#8217;de k\u0131rdan kente g\u00f6\u00e7\u00fcn hangi ama\u00e7larla ba\u015flad\u0131\u011f\u0131, kentin yap\u0131s\u0131n\u0131 nas\u0131l de\u011fi\u015ftirdi\u011fi, gecekondula\u015fma kavram\u0131, T\u00fcrk siyasi partilerinin bu b\u00f6lgelere y\u00f6nelik bak\u0131\u015flar\u0131, kentte ya\u015fayanlar ve gecekonduda ya\u015fayan aras\u0131ndaki \u00e7at\u0131\u015fmalar, bunun yan\u0131nda kentin mi k\u0131rsal\u0131 yoksa k\u0131rsaldan yap\u0131lan g\u00f6\u00e7\u00fcn m\u00fc kenti etkiledi\u011fi gibi g\u00fcn\u00fcm\u00fczdeki kentlile\u015fme, kentsel d\u00f6n\u00fc\u015f\u00fcm \u00e7al\u0131\u015fmalar\u0131n\u0131 da etkileyen sorulara Kemal H. Karpat\u2019\u0131n \u00e7ok uzun ara\u015ft\u0131rmalar sonucunda yapt\u0131\u011f\u0131 de\u011ferlendirmeler \u0131\u015f\u0131\u011f\u0131nda cevaplar bulunabilir. Gecekondu, \u201cgecekondula\u015fma\u201dy\u0131, derin bir tarihsel kavray\u0131\u015f i\u00e7inde, evrensel ve kuramsal boyutunu ihmal etmeden, \u00f6zg\u00fcn bir \u00fcslupla inceleyen ender \u00e7al\u0131\u015fmalardan biridir.<\/p>\n","protected":false},"excerpt":{"rendered":"<p>Kemal H. Karpat bu \u00e7al\u0131\u015fmas\u0131nda; T\u00fcrkiye&#8217;nin kentle\u015fme problemati\u011fini g\u00f6\u00e7 literat\u00fcr\u00fc \u00e7er\u00e7evesinde \u00e7ok boyutlu bir \u015fekilde de\u011ferlendirmektedir. T\u00fcrkiye&#8217;de \u00f6zellikle 1950&#8217;lerden sonra ortaya \u00e7\u0131kan k\u0131rdan kente g\u00f6\u00e7 T\u00fcrk<span class=\"excerpt-hellip\"> [\u2026]<\/span><\/p>\n","protected":false},"featured_media":0,"template":"","meta":{"_monsterinsights_skip_tracking":false,"_monsterinsights_sitenote_active":false,"_monsterinsights_sitenote_note":"","_monsterinsights_sitenote_category":0},"product_brand":[],"product_cat":[12370,12304],"product_tag":[],"class_list":{"0":"post-737440","1":"product","2":"type-product","3":"status-publish","5":"product_cat-arastirma-inceleme","6":"product_cat-tarih","7":"pa_cilt-ciltsiz","8":"pa_tur-kitap","9":"pa_yayinevi-timas-yayinlari","10":"pa_yazar-kemal-karpat","12":"first","13":"instock","14":"sale","15":"shipping-taxable","16":"purchasable","17":"product-type-simple"},"_links":{"self":[{"href":"https:\/\/roveyayinevi.com.tr\/index.php\/wp-json\/wp\/v2\/product\/737440","targetHints":{"allow":["GET"]}}],"collection":[{"href":"https:\/\/roveyayinevi.com.tr\/index.php\/wp-json\/wp\/v2\/product"}],"about":[{"href":"https:\/\/roveyayinevi.com.tr\/index.php\/wp-json\/wp\/v2\/types\/product"}],"wp:attachment":[{"href":"https:\/\/roveyayinevi.com.tr\/index.php\/wp-json\/wp\/v2\/media?parent=737440"}],"wp:term":[{"taxonomy":"product_brand","embeddable":true,"href":"https:\/\/roveyayinevi.com.tr\/index.php\/wp-json\/wp\/v2\/product_brand?post=737440"},{"taxonomy":"product_cat","embeddable":true,"href":"https:\/\/roveyayinevi.com.tr\/index.php\/wp-json\/wp\/v2\/product_cat?post=737440"},{"taxonomy":"product_tag","embeddable":true,"href":"https:\/\/roveyayinevi.com.tr\/index.php\/wp-json\/wp\/v2\/product_tag?post=737440"}],"curies":[{"name":"wp","href":"https:\/\/api.w.org\/{rel}","templated":true}]}}