{"id":737436,"date":"2025-08-27T23:29:03","date_gmt":"2025-08-27T20:29:03","guid":{"rendered":"https:\/\/roveyayinevi.com.tr\/index.php\/urun\/yaban-cilekleri-aynadaki-gibi\/"},"modified":"2026-04-16T02:46:52","modified_gmt":"2026-04-15T23:46:52","slug":"yaban-cilekleri-aynadaki-gibi","status":"publish","type":"product","link":"https:\/\/roveyayinevi.com.tr\/index.php\/urun\/yaban-cilekleri-aynadaki-gibi\/","title":{"rendered":"Yaban \u00c7ilekleri &#8211; Aynadaki Gibi"},"content":{"rendered":"<p>Elinizde tuttu\u011funuz derlemede, modern sinemaya m\u00fchr\u00fcn\u00fc vurmu\u015f y\u00f6netmenlerden Ingmar Bergman\u2019\u0131n en kal\u0131c\u0131 eserlerinden ikisinin, 1957 yap\u0131m\u0131 Yaban \u00c7ilekleri ile 1961 yap\u0131m\u0131 Aynadaki Gibi\u2019nin senaryo metinlerini bir araya getiriyoruz. Her ikisi de kabaca yirmi d\u00f6rt saat gibi k\u0131sa bir zaman dilimi i\u00e7inde ge\u00e7en, ilkinde \u00f6l\u00fcm\u00fcn k\u0131y\u0131s\u0131nda aray\u0131\u015f i\u00e7indeki bir profes\u00f6r\u00fcn, ikincisindeyse bir ailenin trajik ser\u00fcvenini t\u00fcm girdaplar\u0131yla sergileyen bu filmler, bizleri diyaloglar\u0131 ve y\u00f6netmenin notlar\u0131yla bir okuma ser\u00fcvenine davet ediyor.    \u00dcstelik, Tezer \u00d6zl\u00fc\u2019n\u00fcn k\u0131ymetli \u00e7evirisiyle.   \u201cD\u00fc\u015fler bir cins delilik, delilik de bir cins d\u00fc\u015ft\u00fcr \u2012 ve ya\u015fam da bir d\u00fc\u015f olmal\u0131.\u201d.   <\/p>\n","protected":false},"excerpt":{"rendered":"<p>Elinizde tuttu\u011funuz derlemede, modern sinemaya m\u00fchr\u00fcn\u00fc vurmu\u015f y\u00f6netmenlerden Ingmar Bergman\u2019\u0131n en kal\u0131c\u0131 eserlerinden ikisinin, 1957 yap\u0131m\u0131 Yaban \u00c7ilekleri ile 1961 yap\u0131m\u0131 Aynadaki Gibi\u2019nin senaryo metinlerini bir<span class=\"excerpt-hellip\"> [\u2026]<\/span><\/p>\n","protected":false},"featured_media":0,"template":"","meta":{"_monsterinsights_skip_tracking":false,"_monsterinsights_sitenote_active":false,"_monsterinsights_sitenote_note":"","_monsterinsights_sitenote_category":0},"product_brand":[],"product_cat":[12291,12332],"product_tag":[],"class_list":{"0":"post-737436","1":"product","2":"type-product","3":"status-publish","5":"product_cat-edebiyat","6":"product_cat-senaryo","7":"pa_cilt-ciltsiz","8":"pa_tur-kitap","9":"pa_yayinevi-kirmizi-kedi-yayinevi","10":"pa_yazar-ingmar-bergman","12":"first","13":"instock","14":"sale","15":"shipping-taxable","16":"purchasable","17":"product-type-simple"},"_links":{"self":[{"href":"https:\/\/roveyayinevi.com.tr\/index.php\/wp-json\/wp\/v2\/product\/737436","targetHints":{"allow":["GET"]}}],"collection":[{"href":"https:\/\/roveyayinevi.com.tr\/index.php\/wp-json\/wp\/v2\/product"}],"about":[{"href":"https:\/\/roveyayinevi.com.tr\/index.php\/wp-json\/wp\/v2\/types\/product"}],"wp:attachment":[{"href":"https:\/\/roveyayinevi.com.tr\/index.php\/wp-json\/wp\/v2\/media?parent=737436"}],"wp:term":[{"taxonomy":"product_brand","embeddable":true,"href":"https:\/\/roveyayinevi.com.tr\/index.php\/wp-json\/wp\/v2\/product_brand?post=737436"},{"taxonomy":"product_cat","embeddable":true,"href":"https:\/\/roveyayinevi.com.tr\/index.php\/wp-json\/wp\/v2\/product_cat?post=737436"},{"taxonomy":"product_tag","embeddable":true,"href":"https:\/\/roveyayinevi.com.tr\/index.php\/wp-json\/wp\/v2\/product_tag?post=737436"}],"curies":[{"name":"wp","href":"https:\/\/api.w.org\/{rel}","templated":true}]}}