{"id":737435,"date":"2025-08-27T23:29:02","date_gmt":"2025-08-27T20:29:02","guid":{"rendered":"https:\/\/roveyayinevi.com.tr\/index.php\/urun\/lupin\/"},"modified":"2026-04-16T02:46:52","modified_gmt":"2026-04-15T23:46:52","slug":"lupin","status":"publish","type":"product","link":"https:\/\/roveyayinevi.com.tr\/index.php\/urun\/lupin\/","title":{"rendered":"Lupin"},"content":{"rendered":"<p>\u0130zlenme rekorlar\u0131 k\u0131ran ayn\u0131 isimli Netflix dizisine ilham veren Lupin, savundu\u011fu idealleri ve imaj\u0131n\u0131n zarar g\u00f6rmemesi i\u00e7in ak\u0131lalmaz bir m\u00fccadeleye ba\u015flayacakt\u0131r.Gerek alayc\u0131 ki\u015fili\u011fi, gerek d\u00e2hili\u011fi, gerekse kurnazl\u0131\u011f\u0131 ile kahraman\u0131m\u0131z Lupin, hayal g\u00fcc\u00fcn\u00fcz\u00fc \u00e7ok zorlayacak\u2026<\/p>\n","protected":false},"excerpt":{"rendered":"<p>\u0130zlenme rekorlar\u0131 k\u0131ran ayn\u0131 isimli Netflix dizisine ilham veren Lupin, savundu\u011fu idealleri ve imaj\u0131n\u0131n zarar g\u00f6rmemesi i\u00e7in ak\u0131lalmaz bir m\u00fccadeleye ba\u015flayacakt\u0131r.Gerek alayc\u0131 ki\u015fili\u011fi, gerek d\u00e2hili\u011fi, gerekse<span class=\"excerpt-hellip\"> [\u2026]<\/span><\/p>\n","protected":false},"featured_media":0,"template":"","meta":{"_monsterinsights_skip_tracking":false,"_monsterinsights_sitenote_active":false,"_monsterinsights_sitenote_note":"","_monsterinsights_sitenote_category":0},"product_brand":[],"product_cat":[12291,12711],"product_tag":[],"class_list":{"0":"post-737435","1":"product","2":"type-product","3":"status-publish","5":"product_cat-edebiyat","6":"product_cat-roman-oyku","7":"pa_cilt-ciltsiz","8":"pa_tur-kitap","9":"pa_yayinevi-theseus-yayinevi","10":"pa_yazar-maurice-leblanc","12":"first","13":"instock","14":"sale","15":"shipping-taxable","16":"purchasable","17":"product-type-simple"},"_links":{"self":[{"href":"https:\/\/roveyayinevi.com.tr\/index.php\/wp-json\/wp\/v2\/product\/737435","targetHints":{"allow":["GET"]}}],"collection":[{"href":"https:\/\/roveyayinevi.com.tr\/index.php\/wp-json\/wp\/v2\/product"}],"about":[{"href":"https:\/\/roveyayinevi.com.tr\/index.php\/wp-json\/wp\/v2\/types\/product"}],"wp:attachment":[{"href":"https:\/\/roveyayinevi.com.tr\/index.php\/wp-json\/wp\/v2\/media?parent=737435"}],"wp:term":[{"taxonomy":"product_brand","embeddable":true,"href":"https:\/\/roveyayinevi.com.tr\/index.php\/wp-json\/wp\/v2\/product_brand?post=737435"},{"taxonomy":"product_cat","embeddable":true,"href":"https:\/\/roveyayinevi.com.tr\/index.php\/wp-json\/wp\/v2\/product_cat?post=737435"},{"taxonomy":"product_tag","embeddable":true,"href":"https:\/\/roveyayinevi.com.tr\/index.php\/wp-json\/wp\/v2\/product_tag?post=737435"}],"curies":[{"name":"wp","href":"https:\/\/api.w.org\/{rel}","templated":true}]}}