{"id":737434,"date":"2025-08-27T23:29:01","date_gmt":"2025-08-27T20:29:01","guid":{"rendered":"https:\/\/roveyayinevi.com.tr\/index.php\/urun\/ingiliz-kalbi\/"},"modified":"2026-04-16T02:46:52","modified_gmt":"2026-04-15T23:46:52","slug":"ingiliz-kalbi","status":"publish","type":"product","link":"https:\/\/roveyayinevi.com.tr\/index.php\/urun\/ingiliz-kalbi\/","title":{"rendered":"\u0130ngiliz Kalbi"},"content":{"rendered":"<p>K\u0131z, t\u00fcm hayat\u0131n\u0131 planlam\u0131\u015ft\u0131. O\u011flansa kedini r\u00fczg\u00e2r\u0131n rehberli\u011fine b\u0131rakm\u0131\u015ft\u0131. So\u011fuk Sava\u015f giderek \u0131s\u0131n\u0131rken demir perdenin iki yan\u0131ndaki \u00e2\u015f\u0131klar, a\u015fklar\u0131n\u0131 canl\u0131 tutabilecekler miydi?Finlandiya, 1980. Kaisa, risk alan biri olmam\u0131\u015ft\u0131 hi\u00e7. Mezuniyetinin ard\u0131ndan okul \u00fccretini \u00f6deyen ve ba\u015f\u0131n\u0131n \u00fcst\u00fcnde bir \u00e7at\u0131 olmas\u0131n\u0131 sa\u011flayan g\u00fcvenilir ve kendinden b\u00fcy\u00fck bir adamla evlenmeyi planl\u0131yordu. Ancak \u0130ngiliz B\u00fcy\u00fckel\u00e7ili\u011fi\u2019ndeki bir parti davetini kabul etti\u011finde yak\u0131\u015f\u0131kl\u0131 bir deniz subay\u0131 onun, hayattaki t\u00fcm ihtiyat\u0131n\u0131 bir kenara b\u0131rakmak istemesine neden olmu\u015ftu. Y\u0131ld\u0131zlar\u0131n alt\u0131nda ya\u015fad\u0131klar\u0131 tutkulu \u00f6p\u00fc\u015fme ve birbirlerini yeniden g\u00f6rmek i\u00e7in verdikleri s\u00f6z ile Kaisa, kendisini bile \u015fa\u015f\u0131rtm\u0131\u015ft\u0131. Ama zar zor tan\u0131d\u0131\u011f\u0131 bu adam i\u00e7in, kesin g\u00f6z\u00fcyle bakt\u0131\u011f\u0131 ili\u015fkisini nas\u0131l bitirebilirdi?Peter Williams, gelece\u011fini hayal etti\u011fi anlarda donanmada ald\u0131\u011f\u0131 terfileri ve bitmek bilmez d\u00fcnya seyahatlerini g\u00f6r\u00fcrd\u00fc. Ancak Helsinki\u2019de tan\u0131\u015ft\u0131\u011f\u0131 iradeli Kaisa\u2019n\u0131n ard\u0131ndan, denize kar\u015f\u0131 duydu\u011fu tutkuda da ciddi bir de\u011fi\u015fiklik olmu\u015ftu. Bir Rus denizalt\u0131lar\u0131n\u0131 yakalaman\u0131n verdi\u011fi heyecan bile dudaklar\u0131 k\u0131z\u0131n dudaklar\u0131ndayken ya\u015fad\u0131\u011f\u0131 heyecanla kar\u015f\u0131la\u015ft\u0131r\u0131lamazd\u0131. Ama giderek b\u00fcy\u00fcyen duygular\u0131na ra\u011fmen, komutanlar\u0131 onun Sovyet dostu bir ulustan bir kad\u0131n\u0131n pe\u015finde ko\u015fmas\u0131na tahamm\u00fcl etmeyecekti.\u0130mk\u00e2ns\u0131z se\u00e7imler aras\u0131nda s\u0131k\u0131\u015f\u0131p kalan Kaisa ve Peter, do\u011fru cevab\u0131 bulmak i\u00e7in kedi kalplerine d\u00f6nmeliydiler. Aralar\u0131ndaki giderek \u0131s\u0131nan bir So\u011fuk Sava\u015f varken, bu iki talihsiz \u00e2\u015f\u0131k cesaretlerini toplayabilecekler mi? Yoksa ili\u015fkileri, a\u00e7\u0131k denizlerde bo\u011fulmaya mahk\u00fbm mu olacak?The English Heart; romantizm ile bezeli, nefes kesici bir \u00e7a\u011fda\u015f romand\u0131r. Detayl\u0131 tarihi ayr\u0131nt\u0131lar\u0131, imk\u00e2ns\u0131z a\u015fk\u0131n \u00e7ekimini ve karma\u015f\u0131k karakterleri seviyorsan\u0131z, Helena Halme\u2019nin anlatt\u0131\u011f\u0131 bu So\u011fuk Sava\u015f romantizm hik\u00e2yesini de seveceksiniz.<\/p>\n","protected":false},"excerpt":{"rendered":"<p>K\u0131z, t\u00fcm hayat\u0131n\u0131 planlam\u0131\u015ft\u0131. O\u011flansa kedini r\u00fczg\u00e2r\u0131n rehberli\u011fine b\u0131rakm\u0131\u015ft\u0131. So\u011fuk Sava\u015f giderek \u0131s\u0131n\u0131rken demir perdenin iki yan\u0131ndaki \u00e2\u015f\u0131klar, a\u015fklar\u0131n\u0131 canl\u0131 tutabilecekler miydi?Finlandiya, 1980. Kaisa, risk alan<span class=\"excerpt-hellip\"> [\u2026]<\/span><\/p>\n","protected":false},"featured_media":0,"template":"","meta":{"_monsterinsights_skip_tracking":false,"_monsterinsights_sitenote_active":false,"_monsterinsights_sitenote_note":"","_monsterinsights_sitenote_category":0},"product_brand":[],"product_cat":[12291,12711],"product_tag":[],"class_list":{"0":"post-737434","1":"product","2":"type-product","3":"status-publish","5":"product_cat-edebiyat","6":"product_cat-roman-oyku","7":"pa_cilt-ciltsiz","8":"pa_tur-kitap","9":"pa_yayinevi-theseus-yayinevi","10":"pa_yazar-helena-halme","12":"first","13":"instock","14":"sale","15":"shipping-taxable","16":"purchasable","17":"product-type-simple"},"_links":{"self":[{"href":"https:\/\/roveyayinevi.com.tr\/index.php\/wp-json\/wp\/v2\/product\/737434","targetHints":{"allow":["GET"]}}],"collection":[{"href":"https:\/\/roveyayinevi.com.tr\/index.php\/wp-json\/wp\/v2\/product"}],"about":[{"href":"https:\/\/roveyayinevi.com.tr\/index.php\/wp-json\/wp\/v2\/types\/product"}],"wp:attachment":[{"href":"https:\/\/roveyayinevi.com.tr\/index.php\/wp-json\/wp\/v2\/media?parent=737434"}],"wp:term":[{"taxonomy":"product_brand","embeddable":true,"href":"https:\/\/roveyayinevi.com.tr\/index.php\/wp-json\/wp\/v2\/product_brand?post=737434"},{"taxonomy":"product_cat","embeddable":true,"href":"https:\/\/roveyayinevi.com.tr\/index.php\/wp-json\/wp\/v2\/product_cat?post=737434"},{"taxonomy":"product_tag","embeddable":true,"href":"https:\/\/roveyayinevi.com.tr\/index.php\/wp-json\/wp\/v2\/product_tag?post=737434"}],"curies":[{"name":"wp","href":"https:\/\/api.w.org\/{rel}","templated":true}]}}