{"id":737431,"date":"2025-08-27T23:28:56","date_gmt":"2025-08-27T20:28:56","guid":{"rendered":"https:\/\/roveyayinevi.com.tr\/index.php\/urun\/hasat-katil-dogan\/"},"modified":"2026-04-16T02:46:51","modified_gmt":"2026-04-15T23:46:51","slug":"hasat-katil-dogan","status":"publish","type":"product","link":"https:\/\/roveyayinevi.com.tr\/index.php\/urun\/hasat-katil-dogan\/","title":{"rendered":"Hasat &#8211; Katil Do\u011fan"},"content":{"rendered":"<p>Seri cinayetler i\u015fleyen profesyonel bir katil, kulland\u0131\u011f\u0131 vah\u015fi ve korkun\u00e7 i\u015fkencelerle gelinleri \u00f6ld\u00fcrmektedir. Medya ard\u0131 arkas\u0131 kesilmeyen gelin cinayetleri ile \u00e7alkalanmaktad\u0131r. Bir g\u00fcn, bu gelin cinayetlerine bir yenisi daha eklenir. D\u00fc\u011f\u00fcn g\u00fcn\u00fc ka\u00e7\u0131r\u0131lan gelin, G\u00fclcan Soydere \u00f6ld\u00fcr\u00fclm\u00fc\u015ft\u00fcr. Ve olayda ilk \u015f\u00fcpheli d\u00fc\u011f\u00fcn gecesi g\u00f6zalt\u0131na al\u0131nan gelinin k\u0131z karde\u015fi \u00d6zge Soydere\u2019dir. Bir anda hedef haline gelen \u00d6zge\u2019nin bir gece de b\u00fct\u00fcn hayat\u0131 alt \u00fcst olur. Sorgulamalar sonucu masum oldu\u011fu anla\u015f\u0131lan kad\u0131n\u0131n katil ile ak\u0131l almaz bir ba\u011flant\u0131s\u0131 oldu\u011fu ortaya \u00e7\u0131kar. Herkes korkuyla bu cinayet olaylar\u0131n\u0131 takip ederken \u00d6zge\u2019nin ise tek amac\u0131 vard\u0131r: K\u0131z karde\u015finin intikam\u0131n\u0131 almak. \u201cAyd\u0131nlanmaya \u00e7al\u0131\u015fan seri cinayetler\u2026\u015eeytan\u0131n akl\u0131na gelmeyecek y\u00f6ntemler kullanan psikopat bir katil\u2026Tek amac\u0131 intikam olan bir kad\u0131n\u2026Sevdi\u011fi kad\u0131n\u0131 korumak i\u00e7in fedak\u00e2rl\u0131k yapan \u00e2\u015f\u0131k bir adam\u2026\u201d<\/p>\n","protected":false},"excerpt":{"rendered":"<p>Seri cinayetler i\u015fleyen profesyonel bir katil, kulland\u0131\u011f\u0131 vah\u015fi ve korkun\u00e7 i\u015fkencelerle gelinleri \u00f6ld\u00fcrmektedir. Medya ard\u0131 arkas\u0131 kesilmeyen gelin cinayetleri ile \u00e7alkalanmaktad\u0131r. Bir g\u00fcn, bu gelin cinayetlerine<span class=\"excerpt-hellip\"> [\u2026]<\/span><\/p>\n","protected":false},"featured_media":0,"template":"","meta":{"_monsterinsights_skip_tracking":false,"_monsterinsights_sitenote_active":false,"_monsterinsights_sitenote_note":"","_monsterinsights_sitenote_category":0},"product_brand":[],"product_cat":[12291,12711],"product_tag":[],"class_list":{"0":"post-737431","1":"product","2":"type-product","3":"status-publish","5":"product_cat-edebiyat","6":"product_cat-roman-oyku","7":"pa_cilt-ciltsiz","8":"pa_tur-kitap","9":"pa_yayinevi-theseus-yayinevi","10":"pa_yazar-ozlem-coban","12":"first","13":"instock","14":"sale","15":"shipping-taxable","16":"purchasable","17":"product-type-simple"},"_links":{"self":[{"href":"https:\/\/roveyayinevi.com.tr\/index.php\/wp-json\/wp\/v2\/product\/737431","targetHints":{"allow":["GET"]}}],"collection":[{"href":"https:\/\/roveyayinevi.com.tr\/index.php\/wp-json\/wp\/v2\/product"}],"about":[{"href":"https:\/\/roveyayinevi.com.tr\/index.php\/wp-json\/wp\/v2\/types\/product"}],"wp:attachment":[{"href":"https:\/\/roveyayinevi.com.tr\/index.php\/wp-json\/wp\/v2\/media?parent=737431"}],"wp:term":[{"taxonomy":"product_brand","embeddable":true,"href":"https:\/\/roveyayinevi.com.tr\/index.php\/wp-json\/wp\/v2\/product_brand?post=737431"},{"taxonomy":"product_cat","embeddable":true,"href":"https:\/\/roveyayinevi.com.tr\/index.php\/wp-json\/wp\/v2\/product_cat?post=737431"},{"taxonomy":"product_tag","embeddable":true,"href":"https:\/\/roveyayinevi.com.tr\/index.php\/wp-json\/wp\/v2\/product_tag?post=737431"}],"curies":[{"name":"wp","href":"https:\/\/api.w.org\/{rel}","templated":true}]}}