{"id":737430,"date":"2025-08-27T23:28:55","date_gmt":"2025-08-27T20:28:55","guid":{"rendered":"https:\/\/roveyayinevi.com.tr\/index.php\/urun\/harikalar-cikmazi-alis\/"},"modified":"2026-04-16T02:46:51","modified_gmt":"2026-04-15T23:46:51","slug":"harikalar-cikmazi-alis","status":"publish","type":"product","link":"https:\/\/roveyayinevi.com.tr\/index.php\/urun\/harikalar-cikmazi-alis\/","title":{"rendered":"Harikalar \u00c7\u0131kmaz\u0131 &#8211; Alis"},"content":{"rendered":"<p>Ger\u00e7ek ile oyunun birbirine kar\u0131\u015ft\u0131\u011f\u0131, en masum masal karakterlerinin ihaneti y\u00f6nlendirdi\u011fi yeni d\u00fczende herkes ihanet \u00f6d\u00fcl\u00fc i\u00e7in birbiriyle yar\u0131\u015f\u0131yor.\u201c\u0130nsan\u0131 ge\u00e7mi\u015fe g\u00f6t\u00fcren sadece foto\u011fraflar de\u011fildir. Bazen havayla size ula\u015fan ve nereden geldi\u011fini bile bilmedi\u011finiz bir koku g\u00f6t\u00fcr\u00fcr \u00e7ocuklu\u011funuza, bazen uzun zamand\u0131r yemedi\u011finiz bir yemek ya da birka\u00e7 nota. Bazen de hi\u00e7biri olmadan tesad\u00fcfen yan yana gelen birka\u00e7 kelime yeterli olur.\u201dBaz\u0131 insanlara mal m\u00fclk miras kal\u0131rken baz\u0131lar\u0131na da bedeller miras kal\u0131r&#8230;Trajik bir trafik kazas\u0131 y\u00fcz\u00fcnden evini terk etmek zorunda kalan Alis, ard\u0131nda ge\u00e7mi\u015fiyle birlikte ad\u0131n\u0131 da b\u0131rakacakt\u0131r. Alt\u0131 y\u0131l sonra kay\u0131p annesinden gelen ufak bir notla Alis, hem s\u0131rlarla dolu karanl\u0131k ge\u00e7mi\u015fine hem de ard\u0131nda b\u0131rakmak zorunda oldu\u011fu masallarla oyunlar\u0131n b\u00fcy\u00fcl\u00fc ve bir o kadar tehlikeli d\u00fcnyas\u0131na yeniden d\u00f6nmek zorunda kalacakt\u0131r.Alis kay\u0131p annesini bulmak istiyorsa y\u0131llard\u0131r sakland\u0131\u011f\u0131 ge\u00e7mi\u015fine g\u00f6m\u00fclm\u00fc\u015f insanlarla y\u00fczle\u015fmeli.\u201cHi\u00e7bir \u015fey tesad\u00fcf de\u011fildir\u2026\u201d<\/p>\n","protected":false},"excerpt":{"rendered":"<p>Ger\u00e7ek ile oyunun birbirine kar\u0131\u015ft\u0131\u011f\u0131, en masum masal karakterlerinin ihaneti y\u00f6nlendirdi\u011fi yeni d\u00fczende herkes ihanet \u00f6d\u00fcl\u00fc i\u00e7in birbiriyle yar\u0131\u015f\u0131yor.\u201c\u0130nsan\u0131 ge\u00e7mi\u015fe g\u00f6t\u00fcren sadece foto\u011fraflar de\u011fildir. Bazen havayla<span class=\"excerpt-hellip\"> [\u2026]<\/span><\/p>\n","protected":false},"featured_media":0,"template":"","meta":{"_monsterinsights_skip_tracking":false,"_monsterinsights_sitenote_active":false,"_monsterinsights_sitenote_note":"","_monsterinsights_sitenote_category":0},"product_brand":[],"product_cat":[12291,12711],"product_tag":[],"class_list":{"0":"post-737430","1":"product","2":"type-product","3":"status-publish","5":"product_cat-edebiyat","6":"product_cat-roman-oyku","7":"pa_cilt-ciltsiz","8":"pa_tur-kitap","9":"pa_yayinevi-theseus-yayinevi","10":"pa_yazar-ilkim-ipek","12":"first","13":"instock","14":"sale","15":"shipping-taxable","16":"purchasable","17":"product-type-simple"},"_links":{"self":[{"href":"https:\/\/roveyayinevi.com.tr\/index.php\/wp-json\/wp\/v2\/product\/737430","targetHints":{"allow":["GET"]}}],"collection":[{"href":"https:\/\/roveyayinevi.com.tr\/index.php\/wp-json\/wp\/v2\/product"}],"about":[{"href":"https:\/\/roveyayinevi.com.tr\/index.php\/wp-json\/wp\/v2\/types\/product"}],"wp:attachment":[{"href":"https:\/\/roveyayinevi.com.tr\/index.php\/wp-json\/wp\/v2\/media?parent=737430"}],"wp:term":[{"taxonomy":"product_brand","embeddable":true,"href":"https:\/\/roveyayinevi.com.tr\/index.php\/wp-json\/wp\/v2\/product_brand?post=737430"},{"taxonomy":"product_cat","embeddable":true,"href":"https:\/\/roveyayinevi.com.tr\/index.php\/wp-json\/wp\/v2\/product_cat?post=737430"},{"taxonomy":"product_tag","embeddable":true,"href":"https:\/\/roveyayinevi.com.tr\/index.php\/wp-json\/wp\/v2\/product_tag?post=737430"}],"curies":[{"name":"wp","href":"https:\/\/api.w.org\/{rel}","templated":true}]}}