{"id":737429,"date":"2025-08-27T23:28:04","date_gmt":"2025-08-27T20:28:04","guid":{"rendered":"https:\/\/roveyayinevi.com.tr\/index.php\/urun\/tenisin-icsel-oyunlari\/"},"modified":"2026-04-16T02:46:51","modified_gmt":"2026-04-15T23:46:51","slug":"tenisin-icsel-oyunlari","status":"publish","type":"product","link":"https:\/\/roveyayinevi.com.tr\/index.php\/urun\/tenisin-icsel-oyunlari\/","title":{"rendered":"Tenisin \u0130\u00e7sel Oyunlar\u0131"},"content":{"rendered":"<p>\u201cNerede yanl\u0131\u015f yapt\u0131\u011f\u0131m\u0131 s\u00f6ylemek yerine bana kendimi izlettin. Ger\u00e7ek geli\u015fim, g\u00f6zlemlemeye ba\u015flad\u0131\u011f\u0131mda ortaya \u00e7\u0131kt\u0131.\u201d \u0130lk olarak 1974 y\u0131l\u0131nda yay\u0131nland\u0131ktan sonra performans geli\u015ftirme konusunda d\u00fcnyan\u0131n en \u00e7ok okunan kitaplar\u0131ndan biri olan \u201cTenisin \u0130\u00e7sel Oyunlar\u0131\u201d milyonlarca insan i\u00e7in bir mihenk ta\u015f\u0131 h\u00e2line geldi. Sadece tenis\u00e7iler, sporcular i\u00e7in de\u011fil, bu el kitab\u0131, m\u00fczik performans\u0131ndan i\u015f hayat\u0131nda liderli\u011fe kadar herhangi bir aktivitede performans\u0131n\u0131 geli\u015ftirmek isteyen herkes i\u00e7in zihinsel bir devrimi ortaya koyuyordu! Spor psikolojisinde \u00f6nde gelen bir yenilik\u00e7i olan W. Timothy Gallwey; endi\u015feli olma h\u00e2linin, kendinden \u015f\u00fcphe duyman\u0131n ve dikkat da\u011f\u0131n\u0131kl\u0131\u011f\u0131n\u0131n \u00fcstesinden gelmek i\u00e7in zihninizi nas\u0131l odaklayaca\u011f\u0131n\u0131z\u0131, en iyi \u015fekilde var olman\u0131z\u0131 sa\u011flayan \u2018rahatlam\u0131\u015f konsantrasyon\u2019 seviyesini nas\u0131l bulaca\u011f\u0131n\u0131z\u0131 ve ak\u0131ll\u0131 al\u0131\u015ft\u0131rmalarla becerilerinizi geli\u015ftirip bu becerilerin hepsinden oyun esnas\u0131nda nas\u0131l faydalanaca\u011f\u0131n\u0131z\u0131 \u00f6rneklerle anlat\u0131yor. \u0130ster acemi ister profesyonel olun, Gallwey\u2019in ilgi \u00e7ekici anlat\u0131m\u0131, net \u00f6rnekleri ve ayd\u0131nlat\u0131c\u0131 anekdotlar\u0131 ba\u015far\u0131l\u0131 olman\u0131z i\u00e7in gereken en \u00f6nemli ara\u00e7lar\u0131 sa\u011flayacakt\u0131r.<\/p>\n","protected":false},"excerpt":{"rendered":"<p>\u201cNerede yanl\u0131\u015f yapt\u0131\u011f\u0131m\u0131 s\u00f6ylemek yerine bana kendimi izlettin. Ger\u00e7ek geli\u015fim, g\u00f6zlemlemeye ba\u015flad\u0131\u011f\u0131mda ortaya \u00e7\u0131kt\u0131.\u201d \u0130lk olarak 1974 y\u0131l\u0131nda yay\u0131nland\u0131ktan sonra performans geli\u015ftirme konusunda d\u00fcnyan\u0131n en \u00e7ok<span class=\"excerpt-hellip\"> [\u2026]<\/span><\/p>\n","protected":false},"featured_media":0,"template":"","meta":{"_monsterinsights_skip_tracking":false,"_monsterinsights_sitenote_active":false,"_monsterinsights_sitenote_note":"","_monsterinsights_sitenote_category":0},"product_brand":[],"product_cat":[15563,15564],"product_tag":[],"class_list":{"0":"post-737429","1":"product","2":"type-product","3":"status-publish","5":"product_cat-hobi","6":"product_cat-spor","7":"pa_cilt-ciltsiz","8":"pa_tur-kitap","9":"pa_yayinevi-sola-unitas","10":"pa_yazar-w-timothy-gallway","12":"first","13":"instock","14":"sale","15":"shipping-taxable","16":"purchasable","17":"product-type-simple"},"_links":{"self":[{"href":"https:\/\/roveyayinevi.com.tr\/index.php\/wp-json\/wp\/v2\/product\/737429","targetHints":{"allow":["GET"]}}],"collection":[{"href":"https:\/\/roveyayinevi.com.tr\/index.php\/wp-json\/wp\/v2\/product"}],"about":[{"href":"https:\/\/roveyayinevi.com.tr\/index.php\/wp-json\/wp\/v2\/types\/product"}],"wp:attachment":[{"href":"https:\/\/roveyayinevi.com.tr\/index.php\/wp-json\/wp\/v2\/media?parent=737429"}],"wp:term":[{"taxonomy":"product_brand","embeddable":true,"href":"https:\/\/roveyayinevi.com.tr\/index.php\/wp-json\/wp\/v2\/product_brand?post=737429"},{"taxonomy":"product_cat","embeddable":true,"href":"https:\/\/roveyayinevi.com.tr\/index.php\/wp-json\/wp\/v2\/product_cat?post=737429"},{"taxonomy":"product_tag","embeddable":true,"href":"https:\/\/roveyayinevi.com.tr\/index.php\/wp-json\/wp\/v2\/product_tag?post=737429"}],"curies":[{"name":"wp","href":"https:\/\/api.w.org\/{rel}","templated":true}]}}