{"id":737428,"date":"2025-08-27T23:28:03","date_gmt":"2025-08-27T20:28:03","guid":{"rendered":"https:\/\/roveyayinevi.com.tr\/index.php\/urun\/uluslararasi-iliskiler-2\/"},"modified":"2026-04-16T02:46:51","modified_gmt":"2026-04-15T23:46:51","slug":"uluslararasi-iliskiler-2","status":"publish","type":"product","link":"https:\/\/roveyayinevi.com.tr\/index.php\/urun\/uluslararasi-iliskiler-2\/","title":{"rendered":"Uluslararas\u0131 \u0130li\u015fkiler"},"content":{"rendered":"<p>Art\u0131k markala\u015fm\u0131\u015f yazarlar olan Goldstein ve Pevehouse\u2019un d\u00fcnyada \u00e7ok satan ve en \u00e7ok ba\u015fvurulan, alan\u0131ndaki lider ders kitab\u0131 Uluslararas\u0131 \u0130li\u015fkiler, hem alan\u0131n teorisine hem de akt\u00fcel geli\u015fmelere dair en kapsaml\u0131 ve en g\u00fcncel giri\u015f kayna\u011f\u0131d\u0131r. Uluslararas\u0131 ili\u015fkilerin \u00e7ekirde\u011fi say\u0131lan klasik konular\u0131n yan\u0131nda daha b\u00fct\u00fcnle\u015fmi\u015f ve giriftle\u015fmi\u015f akt\u00f6rler ve aralar\u0131ndaki ili\u015fkilerin do\u011fas\u0131 ve muhtevas\u0131na dair, standart ders kitab\u0131 s\u0131k\u0131c\u0131l\u0131\u011f\u0131ndan olduk\u00e7a uzak, kolay anla\u015f\u0131l\u0131r ve zevkle okunur bir dile s\u00e2hip olan bu kitapta, g\u00fcn\u00fcm\u00fcz d\u00fcnyas\u0131n\u0131n \u00f6ne \u00e7\u0131kan uluslararas\u0131 ekonomi-politik, uluslararas\u0131 ticaret, finans, s\u00fcrd\u00fcr\u00fclebilir kalk\u0131nma, \u00e7evre, sa\u011fl\u0131k ve n\u00fcfus politikalar\u0131 ve k\u00fcresel e\u015fitsizlik gibi meseleleri \u00fczerine de kapsaml\u0131 bir perspektif sunulmakta. 2013-2014 g\u00fcncellemesini i\u00e7eren 10. edisyondan yap\u0131lan bu \u00e7eviri bir\u00e7ok uluslararas\u0131 ili\u015fkiler kitab\u0131 taraf\u0131ndan da \u00f6rnek al\u0131nan sistemati\u011fi ve i\u00e7eri\u011fi ile pedagojik ve akademik y\u00f6nden olduk\u00e7a tatmin edicidir. Okunurlu\u011fu ve anla\u015f\u0131l\u0131rl\u0131\u011f\u0131 daha da art\u0131ran ve peki\u015ftirmeyi kolayla\u015ft\u0131ran di\u011fer ba\u015fl\u0131ca \u00f6zellikler ise \u015funlard\u0131r: \u00b7         Kavramlar\u0131 ve G\u00fcncel Olaylar\u0131 Ke\u015ffedin G\u00fcvenlikle ilgili, ekonomik ve uluslararas\u0131 olaylar hakk\u0131nda dengeli bir ara\u015ft\u0131rma i\u00e7ermektedir. \u00b7         Terminolojik Da\u011farc\u0131\u011f\u0131n\u0131z\u0131 Geni\u015fletin Sayfa kenarlar\u0131nda, b\u00f6l\u00fcmde ge\u00e7en anahtar terimler hakk\u0131ndaki a\u00e7\u0131klamalar kitab\u0131n verimlili\u011fini art\u0131rmaktad\u0131r. \u00b7         Ele\u015ftirel D\u00fc\u015f\u00fcncenizi Geli\u015ftirin \u201cEle\u015ftirel D\u00fc\u015f\u00fcnce Sorular\u0131\u201d b\u00f6l\u00fcm\u00fc \u00f6\u011frencilere uluslararas\u0131 ili\u015fkiler teorisini g\u00fcncel d\u00fcnya problemlerine nas\u0131l uygulayacaklar\u0131 konusunda yard\u0131mc\u0131 olur. \u00d6\u011frencilerin Dikkatini \u00c7ekin Say\u0131s\u0131z \u015fekil, harita ve foto\u011fraf g\u00fcncel ve canl\u0131 bir okuma deneyimi sunmaktad\u0131r.<\/p>\n","protected":false},"excerpt":{"rendered":"<p>Art\u0131k markala\u015fm\u0131\u015f yazarlar olan Goldstein ve Pevehouse\u2019un d\u00fcnyada \u00e7ok satan ve en \u00e7ok ba\u015fvurulan, alan\u0131ndaki lider ders kitab\u0131 Uluslararas\u0131 \u0130li\u015fkiler, hem alan\u0131n teorisine hem de akt\u00fcel<span class=\"excerpt-hellip\"> [\u2026]<\/span><\/p>\n","protected":false},"featured_media":0,"template":"","meta":{"_monsterinsights_skip_tracking":false,"_monsterinsights_sitenote_active":false,"_monsterinsights_sitenote_note":"","_monsterinsights_sitenote_category":0},"product_brand":[],"product_cat":[12337,17225],"product_tag":[],"class_list":{"0":"post-737428","1":"product","2":"type-product","3":"status-publish","5":"product_cat-politika-siyaset","6":"product_cat-uluslararasi-iliskiler","7":"pa_cilt-ciltsiz","8":"pa_tur-kitap","9":"pa_yayinevi-serbest-akademi","10":"pa_yazar-jon-c-pevehouse-joshua-s-goldstein","12":"first","13":"instock","14":"sale","15":"shipping-taxable","16":"purchasable","17":"product-type-simple"},"_links":{"self":[{"href":"https:\/\/roveyayinevi.com.tr\/index.php\/wp-json\/wp\/v2\/product\/737428","targetHints":{"allow":["GET"]}}],"collection":[{"href":"https:\/\/roveyayinevi.com.tr\/index.php\/wp-json\/wp\/v2\/product"}],"about":[{"href":"https:\/\/roveyayinevi.com.tr\/index.php\/wp-json\/wp\/v2\/types\/product"}],"wp:attachment":[{"href":"https:\/\/roveyayinevi.com.tr\/index.php\/wp-json\/wp\/v2\/media?parent=737428"}],"wp:term":[{"taxonomy":"product_brand","embeddable":true,"href":"https:\/\/roveyayinevi.com.tr\/index.php\/wp-json\/wp\/v2\/product_brand?post=737428"},{"taxonomy":"product_cat","embeddable":true,"href":"https:\/\/roveyayinevi.com.tr\/index.php\/wp-json\/wp\/v2\/product_cat?post=737428"},{"taxonomy":"product_tag","embeddable":true,"href":"https:\/\/roveyayinevi.com.tr\/index.php\/wp-json\/wp\/v2\/product_tag?post=737428"}],"curies":[{"name":"wp","href":"https:\/\/api.w.org\/{rel}","templated":true}]}}