{"id":737425,"date":"2025-08-27T23:28:00","date_gmt":"2025-08-27T20:28:00","guid":{"rendered":"https:\/\/roveyayinevi.com.tr\/index.php\/urun\/yasam-ciceginin-unutulmus-sirri-2\/"},"modified":"2026-04-16T02:46:51","modified_gmt":"2026-04-15T23:46:51","slug":"yasam-ciceginin-unutulmus-sirri-2","status":"publish","type":"product","link":"https:\/\/roveyayinevi.com.tr\/index.php\/urun\/yasam-ciceginin-unutulmus-sirri-2\/","title":{"rendered":"Ya\u015fam \u00c7i\u00e7e\u011finin Unutulmu\u015f S\u0131rr\u0131 2"},"content":{"rendered":"<p>T\u00fcm fiziksel formun en \u00f6nemli geometrik yarat\u0131c\u0131s\u0131 Kutsal Ya\u015fam \u00c7i\u00e7e\u011fi deseni, bu kitapta, \u00fcnl\u00fc Ya\u015fam \u00c7i\u00e7e\u011fi \u00c7al\u0131\u015fma Gruplar\u0131\u00b4n\u0131n ikinci yar\u0131s\u0131 olarakdaha derinlemesine incelenmektedir. \u0130nsan bedenini orant\u0131lar\u0131, insan bilincinin ayr\u0131nt\u0131lar\u0131, y\u0131ld\u0131zlar\u0131n boyut ve uzakl\u0131klar\u0131, gezegenler ve aylar, hatta insanl\u0131\u011f\u0131n yarad\u0131l\u0131\u015f\u0131 bu g\u00fczel ve ilahi desende kaynaklar\u0131n\u0131 yans\u0131tmak \u00fczere g\u00f6stermektedir&#8230;<\/p>\n","protected":false},"excerpt":{"rendered":"<p>T\u00fcm fiziksel formun en \u00f6nemli geometrik yarat\u0131c\u0131s\u0131 Kutsal Ya\u015fam \u00c7i\u00e7e\u011fi deseni, bu kitapta, \u00fcnl\u00fc Ya\u015fam \u00c7i\u00e7e\u011fi \u00c7al\u0131\u015fma Gruplar\u0131\u00b4n\u0131n ikinci yar\u0131s\u0131 olarakdaha derinlemesine incelenmektedir. \u0130nsan bedenini orant\u0131lar\u0131,<span class=\"excerpt-hellip\"> [\u2026]<\/span><\/p>\n","protected":false},"featured_media":0,"template":"","meta":{"_monsterinsights_skip_tracking":false,"_monsterinsights_sitenote_active":false,"_monsterinsights_sitenote_note":"","_monsterinsights_sitenote_category":0},"product_brand":[],"product_cat":[12364,16154],"product_tag":[],"class_list":{"0":"post-737425","1":"product","2":"type-product","3":"status-publish","5":"product_cat-genel-konular","6":"product_cat-parapsikoloji","7":"pa_cilt-ciltsiz","8":"pa_tur-kitap","9":"pa_yayinevi-butik-yayinlari","10":"pa_yazar-drunvalo-melchizedek","12":"first","13":"instock","14":"sale","15":"shipping-taxable","16":"purchasable","17":"product-type-simple"},"_links":{"self":[{"href":"https:\/\/roveyayinevi.com.tr\/index.php\/wp-json\/wp\/v2\/product\/737425","targetHints":{"allow":["GET"]}}],"collection":[{"href":"https:\/\/roveyayinevi.com.tr\/index.php\/wp-json\/wp\/v2\/product"}],"about":[{"href":"https:\/\/roveyayinevi.com.tr\/index.php\/wp-json\/wp\/v2\/types\/product"}],"wp:attachment":[{"href":"https:\/\/roveyayinevi.com.tr\/index.php\/wp-json\/wp\/v2\/media?parent=737425"}],"wp:term":[{"taxonomy":"product_brand","embeddable":true,"href":"https:\/\/roveyayinevi.com.tr\/index.php\/wp-json\/wp\/v2\/product_brand?post=737425"},{"taxonomy":"product_cat","embeddable":true,"href":"https:\/\/roveyayinevi.com.tr\/index.php\/wp-json\/wp\/v2\/product_cat?post=737425"},{"taxonomy":"product_tag","embeddable":true,"href":"https:\/\/roveyayinevi.com.tr\/index.php\/wp-json\/wp\/v2\/product_tag?post=737425"}],"curies":[{"name":"wp","href":"https:\/\/api.w.org\/{rel}","templated":true}]}}