{"id":737424,"date":"2025-08-27T23:27:59","date_gmt":"2025-08-27T20:27:59","guid":{"rendered":"https:\/\/roveyayinevi.com.tr\/index.php\/urun\/sanatcinin-yolu\/"},"modified":"2026-04-16T02:46:51","modified_gmt":"2026-04-15T23:46:51","slug":"sanatcinin-yolu","status":"publish","type":"product","link":"https:\/\/roveyayinevi.com.tr\/index.php\/urun\/sanatcinin-yolu\/","title":{"rendered":"Sanat\u00e7\u0131n\u0131n Yolu"},"content":{"rendered":"<p>\u0130\u00e7inizde bilmedi\u011finiz bir sanat\u00e7\u0131 vard\u0131r&#8230; E\u011fer biliyorsan\u0131z, evrenin ba\u015flang\u0131c\u0131ndan beri biliyorsan\u0131z hemen evet deyin. -Mevlana Celaleddin Rumi- Her \u00e7ocuk bir sanat\u00e7\u0131d\u0131r. Sorun, b\u00fcy\u00fcd\u00fckten sonra da sanat\u00e7\u0131 olarak kalabilmektir. -Pablo Picasso- Sanat\u0131n s\u00fcre\u00e7 oldu\u011funu an\u0131msay\u0131n. S\u00fcre\u00e7 e\u011flenceli olmal\u0131d\u0131r. &#8220;Tek var\u0131\u015f vard\u0131r, o da yolculu\u011fun kendisidir&#8221; s\u00f6z\u00fc bizim i\u00e7in &#8220;Yarat\u0131c\u0131 \u00e7al\u0131\u015fmam\u0131z asl\u0131nda zaman i\u00e7inde kendini g\u00f6stermekte olan yarat\u0131c\u0131l\u0131\u011f\u0131m\u0131z\u0131n kendisidir&#8221; \u015feklinde alg\u0131lanmal\u0131d\u0131r. E\u011fer yazarak, resim yaparak, \u015fark\u0131 s\u00f6yleyerek, oyunculuk yaparak, y\u00f6neterek daha mutlu oluyorsan\u0131z Allah a\u015fk\u0131na bunu yap\u0131n. Yaratan bizi yarat\u0131c\u0131 yapt\u0131. Yarat\u0131c\u0131l\u0131\u011f\u0131m\u0131z Tanr\u0131\u2019dan gelen bir hediyedir. Onu kullanarak biz de Tanr\u0131\u2019ya hediyemizi g\u00f6ndeririz. Yarat\u0131c\u0131l\u0131\u011f\u0131n merkezinde gizem vard\u0131r. Ve ayn\u0131 zamanda \u015fa\u015f\u0131rt\u0131c\u0131 \u015feyler. Yarat\u0131c\u0131 olmak istiyorum dedi\u011fimiz zaman s\u0131kl\u0131kla, \u00fcretken olabilmeyi istiyorum demeye \u00e7al\u0131\u015f\u0131yoruz. Yarat\u0131c\u0131 olmak zaten \u00fcretici olmak demektir ama yarat\u0131c\u0131 s\u00fcre\u00e7 ile i\u015fbirli\u011fi yaparak, onu zorlayarak de\u011fil. Fikir olu\u015fturmak ekmek pi\u015firmeye benzer. Bir fikrin kabarmaya ihtiyac\u0131 vard\u0131r. E\u011fer ba\u015fta onu a\u015f\u0131r\u0131 kurcalarsan\u0131z, s\u00fcrekli kontrol ederseniz kabarmaz. Pi\u015fmekte olan bir ekmek veya bir kek, f\u0131r\u0131n\u0131n karanl\u0131\u011f\u0131nda ve g\u00fcvenli ortam\u0131nda uzun s\u00fcre kalmak durumundad\u0131r. F\u0131r\u0131n\u0131 zaman\u0131ndan \u00f6nce a\u00e7\u0131n, ekmek \u00e7\u00f6ker veya kekin ortas\u0131nda, t\u00fcm buhar ka\u00e7\u0131p gitti\u011fi i\u00e7in bir delik olu\u015fur. Yarat\u0131c\u0131l\u0131\u011f\u0131n sayg\u0131n bir suskunlu\u011fa ihtiyac\u0131 vard\u0131r. En iyi fikirlerin bu \u015fekilde \u00e7\u0131kt\u0131\u011f\u0131 bir ger\u00e7ektir. B\u0131rak\u0131n onlar karanl\u0131k ve gizem i\u00e7inde geli\u015fsinler. Bilincimizin \u00e7at\u0131s\u0131nda olu\u015fsunlar. Sayfaya damlac\u0131k halinde d\u00fc\u015fs\u00fcnler. Bu yava\u015f ve g\u00f6r\u00fcn\u00fcrde geli\u015fig\u00fczel damlamaya g\u00fcvendi\u011fimizde bir g\u00fcn aniden &#8220;\u0130\u015fte, demek bu imi\u015f!&#8221; diye \u015fa\u015f\u0131rabiliriz. Yapt\u0131\u011f\u0131m\u0131z t\u00fcm sanat \u00e7\u0131rakl\u0131kt\u0131r. Sanat\u0131n b\u00fcy\u00fc\u011f\u00fc, ya\u015famd\u0131r. -M. C. Richards<\/p>\n","protected":false},"excerpt":{"rendered":"<p>\u0130\u00e7inizde bilmedi\u011finiz bir sanat\u00e7\u0131 vard\u0131r&#8230; E\u011fer biliyorsan\u0131z, evrenin ba\u015flang\u0131c\u0131ndan beri biliyorsan\u0131z hemen evet deyin. -Mevlana Celaleddin Rumi- Her \u00e7ocuk bir sanat\u00e7\u0131d\u0131r. Sorun, b\u00fcy\u00fcd\u00fckten sonra da sanat\u00e7\u0131<span class=\"excerpt-hellip\"> [\u2026]<\/span><\/p>\n","protected":false},"featured_media":0,"template":"","meta":{"_monsterinsights_skip_tracking":false,"_monsterinsights_sitenote_active":false,"_monsterinsights_sitenote_note":"","_monsterinsights_sitenote_category":0},"product_brand":[],"product_cat":[12364,12376],"product_tag":[],"class_list":{"0":"post-737424","1":"product","2":"type-product","3":"status-publish","5":"product_cat-genel-konular","6":"product_cat-kisisel-gelisim","7":"pa_cilt-ciltsiz","8":"pa_tur-kitap","9":"pa_yayinevi-butik-yayinlari","10":"pa_yazar-julia-cameron","12":"first","13":"instock","14":"sale","15":"shipping-taxable","16":"purchasable","17":"product-type-simple"},"_links":{"self":[{"href":"https:\/\/roveyayinevi.com.tr\/index.php\/wp-json\/wp\/v2\/product\/737424","targetHints":{"allow":["GET"]}}],"collection":[{"href":"https:\/\/roveyayinevi.com.tr\/index.php\/wp-json\/wp\/v2\/product"}],"about":[{"href":"https:\/\/roveyayinevi.com.tr\/index.php\/wp-json\/wp\/v2\/types\/product"}],"wp:attachment":[{"href":"https:\/\/roveyayinevi.com.tr\/index.php\/wp-json\/wp\/v2\/media?parent=737424"}],"wp:term":[{"taxonomy":"product_brand","embeddable":true,"href":"https:\/\/roveyayinevi.com.tr\/index.php\/wp-json\/wp\/v2\/product_brand?post=737424"},{"taxonomy":"product_cat","embeddable":true,"href":"https:\/\/roveyayinevi.com.tr\/index.php\/wp-json\/wp\/v2\/product_cat?post=737424"},{"taxonomy":"product_tag","embeddable":true,"href":"https:\/\/roveyayinevi.com.tr\/index.php\/wp-json\/wp\/v2\/product_tag?post=737424"}],"curies":[{"name":"wp","href":"https:\/\/api.w.org\/{rel}","templated":true}]}}