{"id":737423,"date":"2025-08-27T23:27:58","date_gmt":"2025-08-27T20:27:58","guid":{"rendered":"https:\/\/roveyayinevi.com.tr\/index.php\/urun\/ruhun-anatomisi-gucun-ve-sifanin-yedi-asamasi\/"},"modified":"2026-04-16T02:46:51","modified_gmt":"2026-04-15T23:46:51","slug":"ruhun-anatomisi-gucun-ve-sifanin-yedi-asamasi","status":"publish","type":"product","link":"https:\/\/roveyayinevi.com.tr\/index.php\/urun\/ruhun-anatomisi-gucun-ve-sifanin-yedi-asamasi\/","title":{"rendered":"Ruhun Anatomisi &#8211; G\u00fcc\u00fcn Ve \u015eifan\u0131n Yedi A\u015famas\u0131"},"content":{"rendered":"<p>Ruhun Anatomisi, enerji t\u0131bb\u0131n\u0131n bu g\u00fcne kadar yap\u0131lm\u0131\u015f en cesur sunumu; \u00fcstelik ilk uygulay\u0131c\u0131lar\u0131ndan biri olan uluslararas\u0131 takdir g\u00f6ren medikal sezgici ve alternatif sa\u011fl\u0131k\/spirit\u00fcellik sahnesinin en ate\u015fli seslerinden biri Caroline Myss taraf\u0131ndan. (Publishers Weekly)Enerji t\u0131bb\u0131 \u00fczerinde yapm\u0131\u015f oldu\u011fu on be\u015f y\u0131ll\u0131k ara\u015ft\u0131rmalar\u0131 temel alan Dr. Myss&#8217;in bu \u00e7al\u0131\u015fmas\u0131 her bir hastal\u0131\u011f\u0131n duygusal ve psikolojik stres ve inan\u00e7 kal\u0131plar\u0131na nas\u0131l kar\u015f\u0131l\u0131k geldi\u011fini ve insan bedeninin ilgili alanlar\u0131na denk gelen tutumlar\u0131n nas\u0131l etkili oldu\u011funu anlat\u0131yor. Ruhun Anatomisi&#8217;nde Dr. Myss ayr\u0131ca, bedenin yedi ruhsal ve fiziksel g\u00fc\u00e7 merkezine dair \u00e7\u0131\u011f\u0131r a\u00e7an bulu\u015funu da okuyucuya sunarak her birimizin daha y\u00fcksek bir bilin\u00e7 haline ve ruhsal olgunlu\u011fa ula\u015fmak i\u00e7in ge\u00e7memiz gereken yedi a\u015famay\u0131 anlat\u0131rken antik bilgeliklerin -Hindu \u00e7akralar\u0131 ve Kabala&#8217;n\u0131n Hayat a\u011fac\u0131 olmak \u00fczere- sentezini yapmakta. Dr. Myss okuyucuya sunmakta oldu\u011fu bu modelle, bir yandan ki\u015fisel g\u00fcc\u00fcm\u00fcz\u00fc ve ruhsal b\u00fcy\u00fcmemizi ger\u00e7ekle\u015ftirirken bir yandan da \u00f6rt\u00fck kalm\u0131\u015f sezgi g\u00fcc\u00fcm\u00fcz\u00fc nas\u0131l geli\u015ftirebilece\u011fimizi g\u00f6steriyor. Ruhun Anatomisi bize bedenimizi ve ruhumuzu yeni bir g\u00f6zle g\u00f6rmeyi \u00f6\u011freterek hayat\u0131m\u0131z\u0131 de\u011fi\u015ftirecek baz\u0131 ruhsal olgunluk ve fiziksel b\u00fct\u00fcnl\u00fck ara\u00e7lar\u0131 elde etmemi- zi de sa\u011fl\u0131yor.Hayret verici Caroline Myss&#8217;in &#8216;ruhumuzun sonsuz g\u00fcc\u00fcn\u00fcn&#8217; t\u00fcm varl\u0131klarda bulundu\u011funa ili\u015fkin mesajlar\u0131n antik ve \u00e7e\u015fitli kaynaklarla paralellik g\u00f6sterdi\u011fine dair ke\u015ffinin yaratt\u0131\u011f\u0131 keyfi payla\u015f\u0131yoruz.<\/p>\n","protected":false},"excerpt":{"rendered":"<p>Ruhun Anatomisi, enerji t\u0131bb\u0131n\u0131n bu g\u00fcne kadar yap\u0131lm\u0131\u015f en cesur sunumu; \u00fcstelik ilk uygulay\u0131c\u0131lar\u0131ndan biri olan uluslararas\u0131 takdir g\u00f6ren medikal sezgici ve alternatif sa\u011fl\u0131k\/spirit\u00fcellik sahnesinin en<span class=\"excerpt-hellip\"> [\u2026]<\/span><\/p>\n","protected":false},"featured_media":0,"template":"","meta":{"_monsterinsights_skip_tracking":false,"_monsterinsights_sitenote_active":false,"_monsterinsights_sitenote_note":"","_monsterinsights_sitenote_category":0},"product_brand":[],"product_cat":[12364,12376],"product_tag":[],"class_list":{"0":"post-737423","1":"product","2":"type-product","3":"status-publish","5":"product_cat-genel-konular","6":"product_cat-kisisel-gelisim","7":"pa_cilt-ciltsiz","8":"pa_tur-kitap","9":"pa_yayinevi-butik-yayinlari","10":"pa_yazar-caroline-myss","12":"first","13":"instock","14":"sale","15":"shipping-taxable","16":"purchasable","17":"product-type-simple"},"_links":{"self":[{"href":"https:\/\/roveyayinevi.com.tr\/index.php\/wp-json\/wp\/v2\/product\/737423","targetHints":{"allow":["GET"]}}],"collection":[{"href":"https:\/\/roveyayinevi.com.tr\/index.php\/wp-json\/wp\/v2\/product"}],"about":[{"href":"https:\/\/roveyayinevi.com.tr\/index.php\/wp-json\/wp\/v2\/types\/product"}],"wp:attachment":[{"href":"https:\/\/roveyayinevi.com.tr\/index.php\/wp-json\/wp\/v2\/media?parent=737423"}],"wp:term":[{"taxonomy":"product_brand","embeddable":true,"href":"https:\/\/roveyayinevi.com.tr\/index.php\/wp-json\/wp\/v2\/product_brand?post=737423"},{"taxonomy":"product_cat","embeddable":true,"href":"https:\/\/roveyayinevi.com.tr\/index.php\/wp-json\/wp\/v2\/product_cat?post=737423"},{"taxonomy":"product_tag","embeddable":true,"href":"https:\/\/roveyayinevi.com.tr\/index.php\/wp-json\/wp\/v2\/product_tag?post=737423"}],"curies":[{"name":"wp","href":"https:\/\/api.w.org\/{rel}","templated":true}]}}