{"id":737422,"date":"2025-08-27T23:27:57","date_gmt":"2025-08-27T20:27:57","guid":{"rendered":"https:\/\/roveyayinevi.com.tr\/index.php\/urun\/ozgurluk-3\/"},"modified":"2026-04-16T02:46:51","modified_gmt":"2026-04-15T23:46:51","slug":"ozgurluk-3","status":"publish","type":"product","link":"https:\/\/roveyayinevi.com.tr\/index.php\/urun\/ozgurluk-3\/","title":{"rendered":"\u00d6zg\u00fcrl\u00fck"},"content":{"rendered":"<p>\u00d6zg\u00fcrl\u00fck: Kendin Olma Cesareti adl\u0131 bu kitapta, yirminci y\u00fczy\u0131l\u0131n en b\u00fcy\u00fck spirit\u00fcel ustalar\u0131ndan birinin felsefesiyle kendinizi nas\u0131l \u00f6zg\u00fcr k\u0131laca\u011f\u0131n\u0131z\u0131 \u00f6\u011freneceksiniz.Bu eserde Osho, \u00f6zg\u00fcrl\u00fc\u011f\u00fcn \u00fc\u00e7 a\u015famas\u0131n\u0131n anahatlar\u0131n\u0131 \u00e7iziyor. Birincisi, ebeveynler, toplum veya din gibi d\u0131\u015f g\u00fc\u00e7ler taraf\u0131ndan dayat\u0131lan \u201cpsikolojik k\u00f6leli\u011fin\u201d d\u0131\u015f\u0131na \u00e7\u0131kman\u0131n getirdi\u011fi bir \u00f6zg\u00fcrl\u00fck olan \u201cbir \u015feyden \u00f6zg\u00fcrl\u00fck\u201d a\u015famas\u0131d\u0131r. Bir sonraki a\u015fama \u201cbir \u015fey i\u00e7in \u00f6zg\u00fcrl\u00fck\u201d a\u015famas\u0131d\u0131r ve bu, bir \u015feyi kucaklamaktan ve yaratmaktan gelen olumlu bir \u00f6zg\u00fcrl\u00fckt\u00fcr; tatmin edici bir ili\u015fki ya da sanatsal veya yard\u0131msever bir vizyon olabilir. Ve son olarak \u201cmutlak \u00f6zg\u00fcrl\u00fck\u201d vard\u0131r ve bu da en y\u00fcksek ve nihai \u00f6zg\u00fcrl\u00fckt\u00fcr. Bu son \u00f6zg\u00fcrl\u00fck, bir \u015feyden ka\u00e7man\u0131n veya bir \u015feye y\u00f6nelmenin \u00f6zg\u00fcrl\u00fc\u011f\u00fcnden \u00e7ok daha fazlas\u0131d\u0131r; o sadece kendin olman\u0131n ve her \u00e2na do\u011fru yan\u0131t vermenin \u00f6zg\u00fcrl\u00fc\u011f\u00fcd\u00fcr.Bu kitap, okuyuculara \u00f6zg\u00fcrl\u00fcklerinin \u00f6n\u00fcndeki tesad\u00fcfi ve isteyerek olu\u015fan t\u00fcm engelleri belirlemelerinde, sava\u015flar\u0131n\u0131 ak\u0131ll\u0131ca se\u00e7melerinde ve kendilerine kar\u015f\u0131 d\u00fcr\u00fcst olma cesaretini bulmalar\u0131nda yard\u0131mc\u0131 oluyor.Osho, bizleri hayat\u0131 t\u00fcm zenginlikleriyle ya\u015fama kapasitemizi s\u0131n\u0131rlayan ko\u015fullu inan\u00e7 sistemlerinden ve \u00f6nyarg\u0131lardan kurtulmaya davet ediyor. Kendisi, Sunday Times of London taraf\u0131ndan \u201c20\u2019nci Y\u00fczy\u0131l\u0131n En B\u00fcy\u00fck 1000 Kurucusu\u201d listesine dahil edilmi\u015ftir. Ve Hindistan\u2019da yay\u0131nlanan Sunday Mid-Day, Osho\u2019yu Hindistan\u2019\u0131n tarihini de\u011fi\u015ftiren 10 insan\u0131n aras\u0131nda olmaya lay\u0131k g\u00f6rm\u00fc\u015f, onu Gandhi, Nehru ve Buda gibi \u015fahsiyetlerin aras\u0131na yerle\u015ftirmi\u015ftir. 1990\u2019daki \u00f6l\u00fcm\u00fcnden bu yana Osho\u2019nun \u00f6\u011fretilerinin etkisi geni\u015flemeye devam ediyor ve d\u00fcnyan\u0131n hemen her \u00fclkesinde her ya\u015ftan aray\u0131c\u0131ya ula\u015f\u0131yor.<\/p>\n","protected":false},"excerpt":{"rendered":"<p>\u00d6zg\u00fcrl\u00fck: Kendin Olma Cesareti adl\u0131 bu kitapta, yirminci y\u00fczy\u0131l\u0131n en b\u00fcy\u00fck spirit\u00fcel ustalar\u0131ndan birinin felsefesiyle kendinizi nas\u0131l \u00f6zg\u00fcr k\u0131laca\u011f\u0131n\u0131z\u0131 \u00f6\u011freneceksiniz.Bu eserde Osho, \u00f6zg\u00fcrl\u00fc\u011f\u00fcn \u00fc\u00e7 a\u015famas\u0131n\u0131n anahatlar\u0131n\u0131<span class=\"excerpt-hellip\"> [\u2026]<\/span><\/p>\n","protected":false},"featured_media":0,"template":"","meta":{"_monsterinsights_skip_tracking":false,"_monsterinsights_sitenote_active":false,"_monsterinsights_sitenote_note":"","_monsterinsights_sitenote_category":0},"product_brand":[],"product_cat":[12364,12376],"product_tag":[],"class_list":{"0":"post-737422","1":"product","2":"type-product","3":"status-publish","5":"product_cat-genel-konular","6":"product_cat-kisisel-gelisim","7":"pa_cilt-ciltsiz","8":"pa_tur-kitap","9":"pa_yayinevi-butik-yayinlari","10":"pa_yazar-osho","12":"first","13":"instock","14":"sale","15":"shipping-taxable","16":"purchasable","17":"product-type-simple"},"_links":{"self":[{"href":"https:\/\/roveyayinevi.com.tr\/index.php\/wp-json\/wp\/v2\/product\/737422","targetHints":{"allow":["GET"]}}],"collection":[{"href":"https:\/\/roveyayinevi.com.tr\/index.php\/wp-json\/wp\/v2\/product"}],"about":[{"href":"https:\/\/roveyayinevi.com.tr\/index.php\/wp-json\/wp\/v2\/types\/product"}],"wp:attachment":[{"href":"https:\/\/roveyayinevi.com.tr\/index.php\/wp-json\/wp\/v2\/media?parent=737422"}],"wp:term":[{"taxonomy":"product_brand","embeddable":true,"href":"https:\/\/roveyayinevi.com.tr\/index.php\/wp-json\/wp\/v2\/product_brand?post=737422"},{"taxonomy":"product_cat","embeddable":true,"href":"https:\/\/roveyayinevi.com.tr\/index.php\/wp-json\/wp\/v2\/product_cat?post=737422"},{"taxonomy":"product_tag","embeddable":true,"href":"https:\/\/roveyayinevi.com.tr\/index.php\/wp-json\/wp\/v2\/product_tag?post=737422"}],"curies":[{"name":"wp","href":"https:\/\/api.w.org\/{rel}","templated":true}]}}