{"id":737417,"date":"2025-08-27T23:27:52","date_gmt":"2025-08-27T20:27:52","guid":{"rendered":"https:\/\/roveyayinevi.com.tr\/index.php\/urun\/guven-3\/"},"modified":"2026-04-07T02:54:18","modified_gmt":"2026-04-06T23:54:18","slug":"guven-3","status":"publish","type":"product","link":"https:\/\/roveyayinevi.com.tr\/index.php\/urun\/guven-3\/","title":{"rendered":"G\u00fcven"},"content":{"rendered":"<p>\u0130nsan bilincinde g\u00fcvenmeye ve g\u00fcvenilmeye y\u00f6nelik i\u00e7sel bir nitelik vard\u0131r. Herkes g\u00fcvenilmekten haz al\u0131r. Di\u011fer ki\u015fiden gelen bir sayg\u0131d\u0131r bu ve bir yabanc\u0131ya g\u00fcvendi\u011finde daha da artar.G\u00fcven, \u015f\u00fcpheyle ayn\u0131 y\u00fcksek enerjiyi ta\u015f\u0131r; \u015f\u00fcphe, merdivenin en alt basama\u011f\u0131d\u0131r, G\u00fcven ise ayn\u0131 merdivenin en y\u00fcksek basama\u011f\u0131.G\u00fcvendi\u011finde rahatlars\u0131n. Ama i\u00e7inde herhangi bir \u015f\u00fcpheye izin verdi\u011finde ise gerginle\u015firsin, \u00e7\u00fcnk\u00fc kalp g\u00fcvenle gev\u015fer ve \u015f\u00fcpheyle kas\u0131l\u0131r.\u015e\u00fcphe i\u00e7inde ya\u015famaktansa g\u00fcven i\u00e7inde \u00f6lmek daha iyidir.Bu kitapta Osho, okuyucular\u0131 her bireyde do\u011fu\u015ftan var olan g\u00fcveni yeniden ke\u015ffetmeye ve onu geri kazanmaya te\u015fvik ediyor.<\/p>\n","protected":false},"excerpt":{"rendered":"<p>\u0130nsan bilincinde g\u00fcvenmeye ve g\u00fcvenilmeye y\u00f6nelik i\u00e7sel bir nitelik vard\u0131r. Herkes g\u00fcvenilmekten haz al\u0131r. Di\u011fer ki\u015fiden gelen bir sayg\u0131d\u0131r bu ve bir yabanc\u0131ya g\u00fcvendi\u011finde daha da<span class=\"excerpt-hellip\"> [\u2026]<\/span><\/p>\n","protected":false},"featured_media":0,"template":"","meta":{"_monsterinsights_skip_tracking":false,"_monsterinsights_sitenote_active":false,"_monsterinsights_sitenote_note":"","_monsterinsights_sitenote_category":0},"product_brand":[],"product_cat":[12364,12376],"product_tag":[],"class_list":{"0":"post-737417","1":"product","2":"type-product","3":"status-publish","5":"product_cat-genel-konular","6":"product_cat-kisisel-gelisim","7":"pa_cilt-ciltsiz","8":"pa_tur-kitap","9":"pa_yayinevi-butik-yayinlari","10":"pa_yazar-osho","12":"first","13":"instock","14":"sale","15":"shipping-taxable","16":"purchasable","17":"product-type-simple"},"_links":{"self":[{"href":"https:\/\/roveyayinevi.com.tr\/index.php\/wp-json\/wp\/v2\/product\/737417","targetHints":{"allow":["GET"]}}],"collection":[{"href":"https:\/\/roveyayinevi.com.tr\/index.php\/wp-json\/wp\/v2\/product"}],"about":[{"href":"https:\/\/roveyayinevi.com.tr\/index.php\/wp-json\/wp\/v2\/types\/product"}],"wp:attachment":[{"href":"https:\/\/roveyayinevi.com.tr\/index.php\/wp-json\/wp\/v2\/media?parent=737417"}],"wp:term":[{"taxonomy":"product_brand","embeddable":true,"href":"https:\/\/roveyayinevi.com.tr\/index.php\/wp-json\/wp\/v2\/product_brand?post=737417"},{"taxonomy":"product_cat","embeddable":true,"href":"https:\/\/roveyayinevi.com.tr\/index.php\/wp-json\/wp\/v2\/product_cat?post=737417"},{"taxonomy":"product_tag","embeddable":true,"href":"https:\/\/roveyayinevi.com.tr\/index.php\/wp-json\/wp\/v2\/product_tag?post=737417"}],"curies":[{"name":"wp","href":"https:\/\/api.w.org\/{rel}","templated":true}]}}