{"id":737416,"date":"2025-08-27T23:27:51","date_gmt":"2025-08-27T20:27:51","guid":{"rendered":"https:\/\/roveyayinevi.com.tr\/index.php\/urun\/sir-5\/"},"modified":"2026-04-16T02:46:51","modified_gmt":"2026-04-15T23:46:51","slug":"sir-5","status":"publish","type":"product","link":"https:\/\/roveyayinevi.com.tr\/index.php\/urun\/sir-5\/","title":{"rendered":"S\u0131r"},"content":{"rendered":"<p>S\u0131r. Ssssss&#8230;..Bu asl\u0131nda bir kitap de\u011fil. Daha \u00e7ok bir dans bu.S\u0131radan bir dans ta de\u011fil. Kalpten esen bir sufi kas\u0131rgas\u0131 bu.Bu kitap bir \u015farki, bir an\u0131msama, bir kucaklama, o gizli ana duyulan bir \u00f6zlem, bir zikirdir&#8230;.Ben s\u00fcrekli tekrar tekrar, Zen ve Tasavvuftan bahsediyorum ki her insan bunlardan faydalans\u0131n. Se\u00e7im yapman gerekiyor. Kendini, enerjini izleyip, ona g\u00f6re se\u00e7men gerekiyor. \u0130kisi de ge\u00e7erli yollard\u0131r, ikisi de ayni hedefe gider. Her iki yol da hedefe ula\u015fman\u0131n farkl\u0131 bi\u00e7imleridir \u00e7\u00fcnk\u00fc hedef tam ortadad\u0131r. Pozitifle negatifin ortas\u0131nda bir nokta vard\u0131r, tam ortadad\u0131r ve d\u00f6n\u00fc\u015f\u00fcm\u00fcn ger\u00e7ekle\u015fti\u011fi, ki\u015finin d\u00fcnyan\u0131n ve her \u015feyin \u00f6tesine ge\u00e7ti\u011fi, Tanr\u0131&#8217;ya adim att\u0131\u011f\u0131 yerdir buras\u0131.Pasif tipte biri oldu\u011funu hissediyorsan Zen&#8217;i takip edip, pasifli\u011fin derinliklerine do\u011fru ilerlemeye baslarsan bir g\u00fcn gelir, orta noktaya var\u0131rs\u0131n. Aktif, enerjik, pozitif biri oldu\u011funu hissediyorsan ve sessizce oturmak sana zor, gereksiz yere bir i\u015fkence geliyorsa, o zaman tasavvuf yolunu takip et.Mevlana Ey dost! Bu ate\u015ften \u015farab\u0131, ate\u015fin i\u011fnelerini i\u00e7 de \u00f6yle sarho\u015f ol ki, mah\u015fer g\u00fcn\u00fc uyanmayas\u0131n der. Tasavvuf yolu dans\u0131yla neredeyse sarho\u015f olan, ba\u015fka bir aleme ta\u015f\u0131nan dans\u00e7\u0131n\u0131n yoludur. Mest olmu\u015ftur o; dans\u0131 sarho\u015f edici bir danst\u0131r.Sufizm yo\u011fun a\u015fk\u0131n, tutkulu ask\u0131n yoludur..<\/p>\n","protected":false},"excerpt":{"rendered":"<p>S\u0131r. Ssssss&#8230;..Bu asl\u0131nda bir kitap de\u011fil. Daha \u00e7ok bir dans bu.S\u0131radan bir dans ta de\u011fil. Kalpten esen bir sufi kas\u0131rgas\u0131 bu.Bu kitap bir \u015farki, bir an\u0131msama,<span class=\"excerpt-hellip\"> [\u2026]<\/span><\/p>\n","protected":false},"featured_media":0,"template":"","meta":{"_monsterinsights_skip_tracking":false,"_monsterinsights_sitenote_active":false,"_monsterinsights_sitenote_note":"","_monsterinsights_sitenote_category":0},"product_brand":[],"product_cat":[12364,12376],"product_tag":[],"class_list":{"0":"post-737416","1":"product","2":"type-product","3":"status-publish","5":"product_cat-genel-konular","6":"product_cat-kisisel-gelisim","7":"pa_cilt-ciltsiz","8":"pa_tur-kitap","9":"pa_yayinevi-butik-yayinlari","10":"pa_yazar-osho","12":"first","13":"instock","14":"sale","15":"shipping-taxable","16":"purchasable","17":"product-type-simple"},"_links":{"self":[{"href":"https:\/\/roveyayinevi.com.tr\/index.php\/wp-json\/wp\/v2\/product\/737416","targetHints":{"allow":["GET"]}}],"collection":[{"href":"https:\/\/roveyayinevi.com.tr\/index.php\/wp-json\/wp\/v2\/product"}],"about":[{"href":"https:\/\/roveyayinevi.com.tr\/index.php\/wp-json\/wp\/v2\/types\/product"}],"wp:attachment":[{"href":"https:\/\/roveyayinevi.com.tr\/index.php\/wp-json\/wp\/v2\/media?parent=737416"}],"wp:term":[{"taxonomy":"product_brand","embeddable":true,"href":"https:\/\/roveyayinevi.com.tr\/index.php\/wp-json\/wp\/v2\/product_brand?post=737416"},{"taxonomy":"product_cat","embeddable":true,"href":"https:\/\/roveyayinevi.com.tr\/index.php\/wp-json\/wp\/v2\/product_cat?post=737416"},{"taxonomy":"product_tag","embeddable":true,"href":"https:\/\/roveyayinevi.com.tr\/index.php\/wp-json\/wp\/v2\/product_tag?post=737416"}],"curies":[{"name":"wp","href":"https:\/\/api.w.org\/{rel}","templated":true}]}}