{"id":737414,"date":"2025-08-27T23:27:49","date_gmt":"2025-08-27T20:27:49","guid":{"rendered":"https:\/\/roveyayinevi.com.tr\/index.php\/urun\/farkindalik\/"},"modified":"2026-04-03T02:52:36","modified_gmt":"2026-04-02T23:52:36","slug":"farkindalik","status":"publish","type":"product","link":"https:\/\/roveyayinevi.com.tr\/index.php\/urun\/farkindalik\/","title":{"rendered":"Fark\u0131ndal\u0131k"},"content":{"rendered":"<p>Fark\u0131ndal\u0131k: Dengeli Ya\u015faman\u0131n Anahtar\u0131 adl\u0131 bu kitapta, yirminci y\u00fczy\u0131l\u0131n en b\u00fcy\u00fck spirit\u00fcel ustalar\u0131ndan birinden, burada ve \u015fimdide nas\u0131l ya\u015fayaca\u011f\u0131m\u0131z\u0131 \u00f6\u011freniyoruz.T\u00fcm meditasyon tekniklerinin -ve asl\u0131nda d\u00f6v\u00fc\u015f sanatlar\u0131 da dahil olmak \u00fczere t\u00fcm b\u00fcy\u00fck atletik performanslar\u0131n- temelinde bir t\u00fcr uyan\u0131kl\u0131k ya da \u00e2n\u0131n i\u00e7inde olabilme niteli\u011fi vard\u0131r; Bu, Osho\u2019nun fark\u0131ndal\u0131k dedi\u011fi bir niteliktir. Bu fark\u0131ndal\u0131k niteli\u011finin tam olarak ne oldu\u011funu belirleyip anlad\u0131\u011f\u0131m\u0131zda, hayat\u0131m\u0131z\u0131n neredeyse her alan\u0131nda kendi kendine h\u00e2kim olman\u0131n anahtar\u0131na sahip olabiliriz.Lao Tzu veya Buda gibi b\u00fcy\u00fck ustalara g\u00f6re \u00e7o\u011fumuz hayat\u0131m\u0131z\u0131 birer uyurgezer gibi s\u00fcrd\u00fcr\u00fcyoruz. Yapt\u0131\u011f\u0131m\u0131z hi\u00e7bir eylemde ger\u00e7ekten mevcut de\u011filiz; \u00e7evremize kar\u015f\u0131 asla tetikte olam\u0131yoruz; yapt\u0131\u011f\u0131m\u0131z ve s\u00f6yledi\u011fimiz \u015feylerde bizi tam olarak neyin motive etti\u011fini bilmiyoruz.Bununla birlikte, hepimiz ola\u011fan\u00fcst\u00fc ko\u015fullarda fark\u0131ndal\u0131k -ya da uyan\u0131\u015f da denebilir- anlar\u0131 ya\u015fam\u0131\u015f\u0131zd\u0131r. Yolda giderken ani ve beklenmedik bir kazada zaman adeta durur ve insan aniden her hareketin, her sesin ve her d\u00fc\u015f\u00fcncenin fark\u0131na var\u0131r. Ya da bizi derinden etkileyen anlarda da ayn\u0131 fark\u0131ndal\u0131\u011f\u0131 ya\u015far\u0131z: d\u00fcnyaya yeni gelen bir bebe\u011fi ilk kez kar\u015f\u0131larken veya \u00f6l\u00fcm \u00e2n\u0131nda birinin yan\u0131 ba\u015f\u0131ndayken.Osho\u2019ya g\u00f6re fark\u0131ndal\u0131k, hayat\u0131m\u0131z\u0131n her alan\u0131nda kendi kendini y\u00f6netmenin, merkezlenmenin ve sonu\u00e7ta \u00f6zg\u00fcr olman\u0131n anahtar\u0131d\u0131r. Bu kitapta Osho, sevgi, \u015fefkat ve bilin\u00e7lilikle beraber hayat\u0131 nas\u0131l daha tetikte ve meditasyon halinde ya\u015fayaca\u011f\u0131m\u0131z\u0131 \u00f6\u011fretiyor.Osho, hayat\u0131 t\u00fcm zenginlikleriyle ya\u015fama kapasitemizi s\u0131n\u0131rlayan ko\u015fullu inan\u00e7 sistemlerini ve \u00f6nyarg\u0131lar\u0131 incelememiz ve onlardan \u00f6zg\u00fcrle\u015fmemiz i\u00e7in bizi zorluyor. Kendisi, Sunday Times of London taraf\u0131ndan \u201c20\u2019nci Y\u00fczy\u0131l\u0131n En B\u00fcy\u00fck 1000 Kurucusu\u201d listesine dahil edilmi\u015ftir. Ve Hindistan\u2019da yay\u0131nlanan Sunday Mid-Day, Osho\u2019yu Hindistan\u2019\u0131n tarihini de\u011fi\u015ftiren 10 insan\u0131n aras\u0131nda olmaya lay\u0131k g\u00f6rm\u00fc\u015f, onu Gandhi, Nehru ve Buda gibi \u015fahsiyetlerin aras\u0131na yerle\u015ftirmi\u015ftir. 1990\u2019daki \u00f6l\u00fcm\u00fcnden bu yana Osho\u2019nun \u00f6\u011fretilerinin etkisi geni\u015flemeye devam ediyor ve d\u00fcnyan\u0131n hemen her \u00fclkesinde her ya\u015ftan aray\u0131c\u0131ya ula\u015f\u0131yor.<\/p>\n","protected":false},"excerpt":{"rendered":"<p>Fark\u0131ndal\u0131k: Dengeli Ya\u015faman\u0131n Anahtar\u0131 adl\u0131 bu kitapta, yirminci y\u00fczy\u0131l\u0131n en b\u00fcy\u00fck spirit\u00fcel ustalar\u0131ndan birinden, burada ve \u015fimdide nas\u0131l ya\u015fayaca\u011f\u0131m\u0131z\u0131 \u00f6\u011freniyoruz.T\u00fcm meditasyon tekniklerinin -ve asl\u0131nda d\u00f6v\u00fc\u015f sanatlar\u0131<span class=\"excerpt-hellip\"> [\u2026]<\/span><\/p>\n","protected":false},"featured_media":0,"template":"","meta":{"_monsterinsights_skip_tracking":false,"_monsterinsights_sitenote_active":false,"_monsterinsights_sitenote_note":"","_monsterinsights_sitenote_category":0},"product_brand":[],"product_cat":[12364,12376],"product_tag":[],"class_list":{"0":"post-737414","1":"product","2":"type-product","3":"status-publish","5":"product_cat-genel-konular","6":"product_cat-kisisel-gelisim","7":"pa_cilt-ciltsiz","8":"pa_tur-kitap","9":"pa_yayinevi-butik-yayinlari","10":"pa_yazar-osho","12":"first","13":"instock","14":"sale","15":"shipping-taxable","16":"purchasable","17":"product-type-simple"},"_links":{"self":[{"href":"https:\/\/roveyayinevi.com.tr\/index.php\/wp-json\/wp\/v2\/product\/737414","targetHints":{"allow":["GET"]}}],"collection":[{"href":"https:\/\/roveyayinevi.com.tr\/index.php\/wp-json\/wp\/v2\/product"}],"about":[{"href":"https:\/\/roveyayinevi.com.tr\/index.php\/wp-json\/wp\/v2\/types\/product"}],"wp:attachment":[{"href":"https:\/\/roveyayinevi.com.tr\/index.php\/wp-json\/wp\/v2\/media?parent=737414"}],"wp:term":[{"taxonomy":"product_brand","embeddable":true,"href":"https:\/\/roveyayinevi.com.tr\/index.php\/wp-json\/wp\/v2\/product_brand?post=737414"},{"taxonomy":"product_cat","embeddable":true,"href":"https:\/\/roveyayinevi.com.tr\/index.php\/wp-json\/wp\/v2\/product_cat?post=737414"},{"taxonomy":"product_tag","embeddable":true,"href":"https:\/\/roveyayinevi.com.tr\/index.php\/wp-json\/wp\/v2\/product_tag?post=737414"}],"curies":[{"name":"wp","href":"https:\/\/api.w.org\/{rel}","templated":true}]}}