{"id":737413,"date":"2025-08-27T23:27:48","date_gmt":"2025-08-27T20:27:48","guid":{"rendered":"https:\/\/roveyayinevi.com.tr\/index.php\/urun\/oz-isik-sifasi\/"},"modified":"2026-04-16T02:46:50","modified_gmt":"2026-04-15T23:46:50","slug":"oz-isik-sifasi","status":"publish","type":"product","link":"https:\/\/roveyayinevi.com.tr\/index.php\/urun\/oz-isik-sifasi\/","title":{"rendered":"\u00d6z I\u015f\u0131k \u015eifas\u0131"},"content":{"rendered":"<p>\u00d6z I\u015f\u0131k \u015eifas\u0131 hep hayalini kurdu\u011funuz hayat\u0131 yaratmak \u00fczere bir yolculu\u011fa \u00e7\u0131kma f\u0131rsat\u0131n\u0131 sunuyor.Barbara Ann Brennan \u015eifa Okullar\u0131\u2019n\u0131n kurucusu, d\u00fcnyaca \u00fcnl\u00fc I\u015f\u0131\u011f\u0131n Elleri ve I\u015f\u0131\u011f\u0131n Do\u011fu\u015fu kitaplar\u0131n\u0131n yazar\u0131 Barbara Ann Brennan, yirmi birinci y\u00fczy\u0131l\u0131n en etkili \u015fifac\u0131lar\u0131ndan ve spirit\u00fcel liderlerinden biridir. \u015eimdi ise, son kitab\u0131 \u00d6z I\u015f\u0131k \u015eifas\u0131\u2019ndaki yarat\u0131c\u0131 s\u00fcre\u00e7 ve d\u00f6rd\u00fcnc\u00fc seviye \u00fczerinde \u00e7al\u0131\u015fmakla ilgili devrim niteli\u011finde bilgiler e\u015fli\u011finde \u00e7al\u0131\u015fmalar\u0131 devam ediyor. D\u00f6rd\u00fcnc\u00fc seviye veya astral d\u00fcnya, daha y\u00fcksek seviyelere ge\u00e7i\u015fini sa\u011fl\u0131yor. \u00d6z I\u015f\u0131k \u015eifas\u0131 ayn\u0131 zamanda Barbara Ann Brennan\u2019\u0131n ya\u015fam yolculu\u011funu ve ki\u015fisel deneyimlerini de anlat\u0131yor.\u00d6z I\u015f\u0131k \u015eifas\u0131\u2019nda;\u2022 \u0130nsan Enerjisi Bilinci a\u00e7\u0131s\u0131ndan yarat\u0131c\u0131 s\u00fcrecin do\u011fas\u0131n\u0131\u2022 Hepimizin kendi enerji alanlar\u0131m\u0131zda nas\u0131l t\u0131kan\u0131kl\u0131k yaratt\u0131\u011f\u0131m\u0131z\u0131; bu t\u0131kan\u0131kl\u0131klar\u0131n neye benzedi\u011fini, birbiriyle etkile\u015fimini ve ka\u00e7\u0131n\u0131lmaz olarak ya\u015fam\u0131m\u0131zda i\u015flev bozuklu\u011fu yaratt\u0131klar\u0131n\u0131; t\u0131kan\u0131kl\u0131klar\u0131n a\u00e7\u0131lmas\u0131 ve yarat\u0131c\u0131 potansiyelinizin serbest b\u0131rak\u0131lmas\u0131 i\u00e7in uygulanan s\u00fcreci\u2022 Y\u00fcksek Duyu Alg\u0131lama\u2019n\u0131n (YDA) nas\u0131l geli\u015ftirilece\u011fi ve onunla nas\u0131l \u00e7al\u0131\u015f\u0131laca\u011f\u0131, YDA\u2019n\u0131n enerji alanlar\u0131m\u0131zdaki t\u0131kan\u0131kl\u0131klar\u0131n a\u00e7\u0131lmas\u0131n\u0131 sa\u011flamaktaki rol\u00fcn\u00fc\u2022 D\u00f6rd\u00fcnc\u00fc seviye ger\u00e7ekli\u011fin do\u011fas\u0131n\u0131 ve yarat\u0131c\u0131 s\u00fcre\u00e7teki hayati rol\u00fcn\u00fc\u2022 \u0130li\u015fkileri ve o ili\u015fkilerin alt\u0131nda yatan kordon ba\u011flant\u0131lar\u0131n\u0131 iyile\u015ftirmekle ilgili olan d\u00f6rd\u00fcnc\u00fc seviyeyiVe \u00e7ok daha fazlas\u0131n\u0131 ke\u015ffedeceksiniz.<\/p>\n","protected":false},"excerpt":{"rendered":"<p>\u00d6z I\u015f\u0131k \u015eifas\u0131 hep hayalini kurdu\u011funuz hayat\u0131 yaratmak \u00fczere bir yolculu\u011fa \u00e7\u0131kma f\u0131rsat\u0131n\u0131 sunuyor.Barbara Ann Brennan \u015eifa Okullar\u0131\u2019n\u0131n kurucusu, d\u00fcnyaca \u00fcnl\u00fc I\u015f\u0131\u011f\u0131n Elleri ve I\u015f\u0131\u011f\u0131n Do\u011fu\u015fu<span class=\"excerpt-hellip\"> [\u2026]<\/span><\/p>\n","protected":false},"featured_media":0,"template":"","meta":{"_monsterinsights_skip_tracking":false,"_monsterinsights_sitenote_active":false,"_monsterinsights_sitenote_note":"","_monsterinsights_sitenote_category":0},"product_brand":[],"product_cat":[13772,12364],"product_tag":[],"class_list":{"0":"post-737413","1":"product","2":"type-product","3":"status-publish","5":"product_cat-basvuru-kitaplari","6":"product_cat-genel-konular","7":"pa_cilt-ciltsiz","8":"pa_tur-kitap","9":"pa_yayinevi-butik-yayinlari","10":"pa_yazar-barbara-ann-brennan","12":"first","13":"instock","14":"sale","15":"shipping-taxable","16":"purchasable","17":"product-type-simple"},"_links":{"self":[{"href":"https:\/\/roveyayinevi.com.tr\/index.php\/wp-json\/wp\/v2\/product\/737413","targetHints":{"allow":["GET"]}}],"collection":[{"href":"https:\/\/roveyayinevi.com.tr\/index.php\/wp-json\/wp\/v2\/product"}],"about":[{"href":"https:\/\/roveyayinevi.com.tr\/index.php\/wp-json\/wp\/v2\/types\/product"}],"wp:attachment":[{"href":"https:\/\/roveyayinevi.com.tr\/index.php\/wp-json\/wp\/v2\/media?parent=737413"}],"wp:term":[{"taxonomy":"product_brand","embeddable":true,"href":"https:\/\/roveyayinevi.com.tr\/index.php\/wp-json\/wp\/v2\/product_brand?post=737413"},{"taxonomy":"product_cat","embeddable":true,"href":"https:\/\/roveyayinevi.com.tr\/index.php\/wp-json\/wp\/v2\/product_cat?post=737413"},{"taxonomy":"product_tag","embeddable":true,"href":"https:\/\/roveyayinevi.com.tr\/index.php\/wp-json\/wp\/v2\/product_tag?post=737413"}],"curies":[{"name":"wp","href":"https:\/\/api.w.org\/{rel}","templated":true}]}}