{"id":737410,"date":"2025-08-27T23:27:45","date_gmt":"2025-08-27T20:27:45","guid":{"rendered":"https:\/\/roveyayinevi.com.tr\/index.php\/urun\/akil\/"},"modified":"2026-04-16T02:46:50","modified_gmt":"2026-04-15T23:46:50","slug":"akil","status":"publish","type":"product","link":"https:\/\/roveyayinevi.com.tr\/index.php\/urun\/akil\/","title":{"rendered":"Ak\u0131l"},"content":{"rendered":"<p>Ak\u0131l: \u015eimdiye Verilen Yarat\u0131c\u0131 Yan\u0131t adl\u0131 bu kitapta, yirminci y\u00fczy\u0131l\u0131n en b\u00fcy\u00fck spirit\u00fcel ustalar\u0131ndan biri olan Osho, beyin g\u00fcc\u00fcm\u00fcz\u00fc ele almaya dair farkl\u0131 bir yakla\u015f\u0131m sunuyor.Bu kitapta Osho, akl\u0131 geli\u015ftirmenin en iyi yolunun zihni e\u011fitmek oldu\u011fu \u015feklindeki ortak anlay\u0131\u015fa meydan okuyor. \u201cZek\u00e2 mant\u0131kl\u0131d\u0131r, ak\u0131l ise paradoksald\u0131r,\u201d diyor. \u201cZek\u00e2, nas\u0131l \u00e7al\u0131\u015ft\u0131klar\u0131n\u0131 g\u00f6rmek i\u00e7in bir \u015feyleri par\u00e7alara ay\u0131r\u0131r; ak\u0131l ise b\u00fct\u00fcn\u00fcn i\u015fleyi\u015fini g\u00f6rmek i\u00e7in onlar\u0131 bir araya getirir.\u201d Osho, mevcut e\u011fitim sistemimizin zihni geli\u015ftirmeye \u00e7ok fazla \u00f6nem verdi\u011fini, b\u00f6ylece bir dengesizlik yarat\u0131ld\u0131\u011f\u0131n\u0131 ve hem bireyin hem de toplumun bu y\u00fczden ac\u0131 \u00e7ekti\u011fini \u00f6ne s\u00fcr\u00fcyor. De\u011fi\u015fen d\u00fcnyan\u0131n zorluklar\u0131na yarat\u0131c\u0131 bir \u015fekilde yan\u0131t verebilmemiz sadece ak\u0131l yoluyla m\u00fcmk\u00fcnd\u00fcr.Zek\u00e2 ve ak\u0131l aras\u0131ndaki ayr\u0131m\u0131 ara\u015ft\u0131ran bu kitap, okuyucular\u0131 sorunlara -mant\u0131kl\u0131, duygusal ve nesnel- nas\u0131l yakla\u015ft\u0131klar\u0131 ve bunlar\u0131 nas\u0131l \u00e7\u00f6zd\u00fckleri konusunda daha bilin\u00e7li olmaya te\u015fvik ediyor.Osho, bizleri hayat\u0131 t\u00fcm zenginlikleriyle ya\u015fama kapasitemizi s\u0131n\u0131rlayan ko\u015fullu inan\u00e7 sistemlerinden ve \u00f6nyarg\u0131lardan kurtulmaya davet ediyor. Kendisi, Sunday Times of London taraf\u0131ndan \u201c20. Y\u00fczy\u0131l\u0131n En B\u00fcy\u00fck 1000 Kurucusu\u201d listesine dahil edilmi\u015ftir. Ve Hindistan\u2019da yay\u0131nlanan Sunday Mid-Day, Osho\u2019yu Hindistan\u2019\u0131n tarihini de\u011fi\u015ftiren 10 insan\u0131n aras\u0131nda olmaya lay\u0131k g\u00f6rm\u00fc\u015f, onu Gandhi, Nehru ve Buda gibi \u015fahsiyetlerin aras\u0131na yerle\u015ftirmi\u015ftir. 1990\u2019daki \u00f6l\u00fcm\u00fcnden bu yana Osho\u2019nun \u00f6\u011fretilerinin etkisi geni\u015flemeye devam ediyor ve d\u00fcnyan\u0131n hemen her \u00fclkesinde her ya\u015ftan aray\u0131c\u0131ya ula\u015f\u0131yor.<\/p>\n","protected":false},"excerpt":{"rendered":"<p>Ak\u0131l: \u015eimdiye Verilen Yarat\u0131c\u0131 Yan\u0131t adl\u0131 bu kitapta, yirminci y\u00fczy\u0131l\u0131n en b\u00fcy\u00fck spirit\u00fcel ustalar\u0131ndan biri olan Osho, beyin g\u00fcc\u00fcm\u00fcz\u00fc ele almaya dair farkl\u0131 bir yakla\u015f\u0131m sunuyor.Bu<span class=\"excerpt-hellip\"> [\u2026]<\/span><\/p>\n","protected":false},"featured_media":0,"template":"","meta":{"_monsterinsights_skip_tracking":false,"_monsterinsights_sitenote_active":false,"_monsterinsights_sitenote_note":"","_monsterinsights_sitenote_category":0},"product_brand":[],"product_cat":[12364,12376],"product_tag":[],"class_list":{"0":"post-737410","1":"product","2":"type-product","3":"status-publish","5":"product_cat-genel-konular","6":"product_cat-kisisel-gelisim","7":"pa_cilt-ciltsiz","8":"pa_tur-kitap","9":"pa_yayinevi-butik-yayinlari","10":"pa_yazar-osho","12":"first","13":"instock","14":"sale","15":"shipping-taxable","16":"purchasable","17":"product-type-simple"},"_links":{"self":[{"href":"https:\/\/roveyayinevi.com.tr\/index.php\/wp-json\/wp\/v2\/product\/737410","targetHints":{"allow":["GET"]}}],"collection":[{"href":"https:\/\/roveyayinevi.com.tr\/index.php\/wp-json\/wp\/v2\/product"}],"about":[{"href":"https:\/\/roveyayinevi.com.tr\/index.php\/wp-json\/wp\/v2\/types\/product"}],"wp:attachment":[{"href":"https:\/\/roveyayinevi.com.tr\/index.php\/wp-json\/wp\/v2\/media?parent=737410"}],"wp:term":[{"taxonomy":"product_brand","embeddable":true,"href":"https:\/\/roveyayinevi.com.tr\/index.php\/wp-json\/wp\/v2\/product_brand?post=737410"},{"taxonomy":"product_cat","embeddable":true,"href":"https:\/\/roveyayinevi.com.tr\/index.php\/wp-json\/wp\/v2\/product_cat?post=737410"},{"taxonomy":"product_tag","embeddable":true,"href":"https:\/\/roveyayinevi.com.tr\/index.php\/wp-json\/wp\/v2\/product_tag?post=737410"}],"curies":[{"name":"wp","href":"https:\/\/api.w.org\/{rel}","templated":true}]}}