{"id":737409,"date":"2025-08-27T23:27:44","date_gmt":"2025-08-27T20:27:44","guid":{"rendered":"https:\/\/roveyayinevi.com.tr\/index.php\/urun\/oyun-3\/"},"modified":"2025-09-20T07:16:08","modified_gmt":"2025-09-20T04:16:08","slug":"oyun-3","status":"publish","type":"product","link":"https:\/\/roveyayinevi.com.tr\/index.php\/urun\/oyun-3\/","title":{"rendered":"Oyun"},"content":{"rendered":"<p>Erkekler! Diledi\u011finiz kad\u0131n\u0131, diledi\u011finiz yerde ve diledi\u011finiz andatavlamak istiyorsan\u0131z, kadmlan tavlaman\u0131n s\u0131rlar\u0131n\u0131 merak ediyorsan\u0131z, bu kitap tam size g\u00f6re&#8230;Ve kad\u0131nlar! \u00c7evirdikleri binbir d\u00fcmenle sizi a\u011f\u0131na d\u00fc\u015f\u00fcrecekKad\u0131n Avc\u0131lar\u0131n\u0131 ay\u0131rt etmek istiyorsan\u0131z bu kitap ayn\u0131 zamanda size de g\u00f6re&#8230;Gazeteci yazar Neil Strauss kad\u0131n tavlaman\u0131n \u00fcstatlar\u0131 aras\u0131ndage\u00e7irdigi iki y\u0131l ve bu s\u00fcre i\u00e7inde ya\u015fad\u0131\u011f\u0131 de\u011fi\u015fimi anlat\u0131yor.Kendi deyi\u015fiyle, burnu y\u00fcz\u00fcne oranla son derece b\u00fcy\u00fck, hen\u00fcz kel de\u011filse bile kellik yolunda, arzu etti\u011finden daha k\u0131sa boylu ve o kadar zay\u0131f ki, ne kadar \u00e7ok yerse yesin bir\u00e7ok insan yetersiz beslendi\u011fini d\u00fc\u015f\u00fcn\u00fcyor ve sonu\u00e7 olarak, k\u0131zlarla tan\u0131\u015fmak onun i\u00e7in ciddi bir mesele.Ancak Kad\u0131n Avc\u0131lar\u0131 aras\u0131nda ge\u00e7irdi\u011fi iki y\u0131l\u0131n sonunda, bir kad\u0131n\u0131 tavlamak i\u00e7in koluna Rolex saat tak\u0131p Ferrari kullanan bir film y\u0131ld\u0131z\u0131 olmak gerekmedi\u011fini \u00f6\u011freniyor.Oyun, Kad\u0131n Avc\u0131lar\u0131n\u0131n bunu nas\u0131l yapt\u0131klar\u0131n\u0131 anlat\u0131yor.Ba\u015fta Amerika&#8217;da olmak \u00fczere, yay\u0131nland\u0131\u011f\u0131 andan itibaren d\u00fcnyada b\u00fcy\u00fck ilgi g\u00f6ren ve yak\u0131nda Hollywood yap\u0131m\u0131 filmi gelecek olan bu kitab\u0131 elinizden b\u0131rakamayacaks\u0131n\u0131z.Bu kitapta kad\u0131n-erkek herkesin ilgisini \u00e7ekecek \u015feyler var! \u00c7\u00fcnk\u00fc anlat\u0131lanlar\u0131n hepsi ya\u015fanm\u0131\u015f, hepsi ger\u00e7ek&#8230;<\/p>\n","protected":false},"excerpt":{"rendered":"<p>Erkekler! Diledi\u011finiz kad\u0131n\u0131, diledi\u011finiz yerde ve diledi\u011finiz andatavlamak istiyorsan\u0131z, kadmlan tavlaman\u0131n s\u0131rlar\u0131n\u0131 merak ediyorsan\u0131z, bu kitap tam size g\u00f6re&#8230;Ve kad\u0131nlar! \u00c7evirdikleri binbir d\u00fcmenle sizi a\u011f\u0131na d\u00fc\u015f\u00fcrecekKad\u0131n<span class=\"excerpt-hellip\"> [\u2026]<\/span><\/p>\n","protected":false},"featured_media":0,"template":"","meta":{"_monsterinsights_skip_tracking":false,"_monsterinsights_sitenote_active":false,"_monsterinsights_sitenote_note":"","_monsterinsights_sitenote_category":0},"product_brand":[],"product_cat":[13252,12324],"product_tag":[],"class_list":{"0":"post-737409","1":"product","2":"type-product","3":"status-publish","5":"product_cat-kadin-calismalari","6":"product_cat-sosyoloji","7":"pa_cilt-ciltsiz","8":"pa_tur-kitap","9":"pa_yayinevi-butik-yayinlari","10":"pa_yazar-neil-strauss","12":"first","13":"instock","14":"sale","15":"shipping-taxable","16":"purchasable","17":"product-type-simple"},"_links":{"self":[{"href":"https:\/\/roveyayinevi.com.tr\/index.php\/wp-json\/wp\/v2\/product\/737409","targetHints":{"allow":["GET"]}}],"collection":[{"href":"https:\/\/roveyayinevi.com.tr\/index.php\/wp-json\/wp\/v2\/product"}],"about":[{"href":"https:\/\/roveyayinevi.com.tr\/index.php\/wp-json\/wp\/v2\/types\/product"}],"wp:attachment":[{"href":"https:\/\/roveyayinevi.com.tr\/index.php\/wp-json\/wp\/v2\/media?parent=737409"}],"wp:term":[{"taxonomy":"product_brand","embeddable":true,"href":"https:\/\/roveyayinevi.com.tr\/index.php\/wp-json\/wp\/v2\/product_brand?post=737409"},{"taxonomy":"product_cat","embeddable":true,"href":"https:\/\/roveyayinevi.com.tr\/index.php\/wp-json\/wp\/v2\/product_cat?post=737409"},{"taxonomy":"product_tag","embeddable":true,"href":"https:\/\/roveyayinevi.com.tr\/index.php\/wp-json\/wp\/v2\/product_tag?post=737409"}],"curies":[{"name":"wp","href":"https:\/\/api.w.org\/{rel}","templated":true}]}}