{"id":737405,"date":"2025-08-27T23:27:39","date_gmt":"2025-08-27T20:27:39","guid":{"rendered":"https:\/\/roveyayinevi.com.tr\/index.php\/urun\/seytanin-fisildadiklari\/"},"modified":"2026-04-16T02:46:50","modified_gmt":"2026-04-15T23:46:50","slug":"seytanin-fisildadiklari","status":"publish","type":"product","link":"https:\/\/roveyayinevi.com.tr\/index.php\/urun\/seytanin-fisildadiklari\/","title":{"rendered":"\u015eeytan\u0131n F\u0131s\u0131ldad\u0131klar\u0131"},"content":{"rendered":"<p>Kad\u0131nlar ancak kendilerinden daha zeki ve daha \u00fcst\u00fcn bir erke\u011fe a\u015f\u0131k olabilirler. \u0130nsanl\u0131k i\u015fte bu y\u00fczden ilerliyor. Kad\u0131nlar, \u00f6zg\u00fcrl\u00fck ve ba\u011f\u0131ms\u0131zl\u0131klar\u0131n\u0131 her \u015feyin \u00fcst\u00fcnde tutan erkeklere ger\u00e7ekten \u00e2\u015f\u0131k olurlar. Kad\u0131n erke\u011finin kendisine ba\u011flanmas\u0131n\u0131 isterken bilin\u00e7alt\u0131nda hi\u00e7bir kad\u0131na asla ba\u011flanmayacak yarad\u0131l\u0131\u015ftaki erkekleri &#8220;ger\u00e7ek erkek&#8221; diye kabul eder. Kad\u0131n\u0131 a\u015fkta peri\u015fan eden de i\u00e7ine d\u00fc\u015ft\u00fc\u011f\u00fc bu paradokstur. Erkekler de bir gariptir. Mesela ben, beni aldatmayaca\u011f\u0131ndan emin oldu\u011fum hi\u00e7bir kad\u0131na \u00e2\u015f\u0131k olamam. Buyurun bakal\u0131m! . . . Kad\u0131n k\u0131skan\u0131ld\u0131\u011f\u0131 zaman sevildi\u011fini san\u0131r. Halbuki erkekler kad\u0131nlar\u0131n\u0131 k\u0131skanmaz; birbirlerini k\u0131skan\u0131r. Kahpece seven kahpece aldat\u0131l\u0131r. Ya mert\u00e7e seven? &#8211; O enayi de mert\u00e7e aldat\u0131l\u0131r. Sekste d\u00fcr\u00fcstl\u00fck, a\u00e7\u0131kl\u0131k ve samimiyet \u00e7al\u0131\u015fmaz. Kand\u0131rmadan kand\u0131r\u0131r gibi yapana kanmadan kanarm\u0131\u015f gibi yapmak gerekir. \u00b7 \u00b7 \u00b7 &#8220;E\u015fim&#8221; s\u00f6z\u00fc, ili\u015fkileri had\u0131m eden en tehlikeli s\u00f6zd\u00fcr. D\u00fcnyada kimse e\u015fitine \u00e2\u015f\u0131k olmaz. Ya k\u00f6lesine \u00e2\u015f\u0131k olur ya efendisine. \u00b7 \u00b7 \u00b7 Seksin ger\u00e7ek efendisi kad\u0131nd\u0131r. A\u015fk\u0131n ger\u00e7ek efendisi erkektir. \u0130\u015fte bu y\u00fczden kad\u0131nlar orgazm taklidi yaparlar. Erkekler a\u015fk.<\/p>\n","protected":false},"excerpt":{"rendered":"<p>Kad\u0131nlar ancak kendilerinden daha zeki ve daha \u00fcst\u00fcn bir erke\u011fe a\u015f\u0131k olabilirler. \u0130nsanl\u0131k i\u015fte bu y\u00fczden ilerliyor. Kad\u0131nlar, \u00f6zg\u00fcrl\u00fck ve ba\u011f\u0131ms\u0131zl\u0131klar\u0131n\u0131 her \u015feyin \u00fcst\u00fcnde tutan erkeklere<span class=\"excerpt-hellip\"> [\u2026]<\/span><\/p>\n","protected":false},"featured_media":0,"template":"","meta":{"_monsterinsights_skip_tracking":false,"_monsterinsights_sitenote_active":false,"_monsterinsights_sitenote_note":"","_monsterinsights_sitenote_category":0},"product_brand":[],"product_cat":[12777,12291],"product_tag":[],"class_list":{"0":"post-737405","1":"product","2":"type-product","3":"status-publish","5":"product_cat-deneme","6":"product_cat-edebiyat","7":"pa_cilt-ciltsiz","8":"pa_tur-kitap","9":"pa_yayinevi-butik-yayinlari","10":"pa_yazar-emre-yilmaz","12":"first","13":"instock","14":"sale","15":"shipping-taxable","16":"purchasable","17":"product-type-simple"},"_links":{"self":[{"href":"https:\/\/roveyayinevi.com.tr\/index.php\/wp-json\/wp\/v2\/product\/737405","targetHints":{"allow":["GET"]}}],"collection":[{"href":"https:\/\/roveyayinevi.com.tr\/index.php\/wp-json\/wp\/v2\/product"}],"about":[{"href":"https:\/\/roveyayinevi.com.tr\/index.php\/wp-json\/wp\/v2\/types\/product"}],"wp:attachment":[{"href":"https:\/\/roveyayinevi.com.tr\/index.php\/wp-json\/wp\/v2\/media?parent=737405"}],"wp:term":[{"taxonomy":"product_brand","embeddable":true,"href":"https:\/\/roveyayinevi.com.tr\/index.php\/wp-json\/wp\/v2\/product_brand?post=737405"},{"taxonomy":"product_cat","embeddable":true,"href":"https:\/\/roveyayinevi.com.tr\/index.php\/wp-json\/wp\/v2\/product_cat?post=737405"},{"taxonomy":"product_tag","embeddable":true,"href":"https:\/\/roveyayinevi.com.tr\/index.php\/wp-json\/wp\/v2\/product_tag?post=737405"}],"curies":[{"name":"wp","href":"https:\/\/api.w.org\/{rel}","templated":true}]}}