{"id":737398,"date":"2025-08-27T23:27:32","date_gmt":"2025-08-27T20:27:32","guid":{"rendered":"https:\/\/roveyayinevi.com.tr\/index.php\/urun\/islamin-ilk-donemlerinde-yazi-ve-rivayet\/"},"modified":"2026-04-16T02:46:50","modified_gmt":"2026-04-15T23:46:50","slug":"islamin-ilk-donemlerinde-yazi-ve-rivayet","status":"publish","type":"product","link":"https:\/\/roveyayinevi.com.tr\/index.php\/urun\/islamin-ilk-donemlerinde-yazi-ve-rivayet\/","title":{"rendered":"\u0130slam&#8217;\u0131n \u0130lk D\u00f6nemlerinde Yaz\u0131 ve Rivayet"},"content":{"rendered":"<p>Bas\u0327lang\u0131c\u0327ta, [Hz.] Muhammed\u2019in ashab\u0131ndan okuma yazma bilenlerin, onun so\u0308zlerinden baz\u0131lar\u0131n\u0131 herhangi bir endis\u0327e duymadan yazmay\u0131 al\u0131s\u0327kanl\u0131k ha\u0302line getirdikleri go\u0308ru\u0308lu\u0308rken, hadis a\u0302limleri 8. yu\u0308zy\u0131l boyunca ve sonras\u0131nda bu tu\u0308r hadisleri yazman\u0131n caiz olup olmad\u0131g\u0306\u0131n\u0131 tart\u0131s\u0327t\u0131. Birc\u0327ok kis\u0327i bunun yasak oldug\u0306unu du\u0308s\u0327u\u0308nu\u0308yordu. C\u0327u\u0308nku\u0308 Kur\u2019an\u2019\u0131n, \u0130slam\u2019\u0131n tek kitab\u0131 olarak kalmas\u0131 gerekiyordu\u2026 \u0130slam\u2019\u0131n \u0130lk D\u00f6nemlerinde Yaz\u0131 ve Riv\u00e2yet, \u0130slam tarihi ve \u0130slami ilimlerin te\u015fekk\u00fcl s\u00fcreciyle ilgili \u00e7a\u011fda\u015f \u0130slamiyat ara\u015ft\u0131rmalar\u0131n\u0131n en ihtilafl\u0131 meselesi hakk\u0131ndad\u0131r: Hadislerin ve hadis ilminin bu s\u00fcre\u00e7teki yeri tart\u0131\u015fmalar\u0131n oda\u011f\u0131n\u0131 olu\u015fturur. Do\u011frudan Kur\u2019an-\u0131 Kerim\u2019in yaz\u0131l\u0131 bir Kitap h\u00e2line gelmesi ile ba\u011flant\u0131l\u0131 olan bu konu hakk\u0131nda Bat\u0131l\u0131 ara\u015ft\u0131rmac\u0131lar, s\u00fcreci farkl\u0131 \u015fekillerde yorumlam\u0131\u015ft\u0131r. Elinizdeki kitapta Gregor Schoeler, \u0130slami ilimlerin olu\u015fumunda s\u00f6zl\u00fc olan\u0131n yaz\u0131ya aktar\u0131m\u0131 s\u00fcrecini, Arap edebiyat\u0131n\u0131n 7. ve 8. y\u00fczy\u0131llar\u0131ndaki al\u0131\u015fkanl\u0131klar\u0131ndan koparmadan de\u011ferlendiriyor. Shoeler, Goldziher ve Schact\u2019\u0131n, hadislerin kan\u0131tlanamaz olu\u015funa dayal\u0131 klasik oryantalist ezberi, riv\u00e2yet s\u00fcrecine ili\u015fkin tespitleriyle farkl\u0131 bir noktaya ta\u015f\u0131yor. Farkl\u0131 ba\u015fl\u0131klar alt\u0131nda C\u00e2hiliye d\u00f6neminde ne\u015fir; Kur\u2019an ve Kurr\u00e2; Mekke ve Medine ekol\u00fcnde Siyer, Hadis ve Tefsir; saray \u00e7evrelerinin bu s\u00fcre\u00e7teki yeri; tasn\u00eef ve dil bilgisi gibi konular\u0131n\u0131 ele al\u0131yor. \u0130ngilizce ve Arap\u00e7a terc\u00fcmelerinden sonra \u0130slam\u2019\u0131n \u0130lk D\u00f6nemlerinde Yaz\u0131 ve Riv\u00e2yet ad\u0131yla T\u00fcrk\u00e7eye kazand\u0131rd\u0131\u011f\u0131m\u0131z eser, ara\u015ft\u0131rmac\u0131n\u0131n Frans\u0131zca verdi\u011fi bir dizi konferanstan olu\u015fuyor ve dikkat \u00e7ekti\u011fi noktalarla saha ile ilgili tart\u0131\u015fmalar\u0131 ileriye ta\u015f\u0131yor. <\/p>\n","protected":false},"excerpt":{"rendered":"<p>Bas\u0327lang\u0131c\u0327ta, [Hz.] Muhammed\u2019in ashab\u0131ndan okuma yazma bilenlerin, onun so\u0308zlerinden baz\u0131lar\u0131n\u0131 herhangi bir endis\u0327e duymadan yazmay\u0131 al\u0131s\u0327kanl\u0131k ha\u0302line getirdikleri go\u0308ru\u0308lu\u0308rken, hadis a\u0302limleri 8. yu\u0308zy\u0131l boyunca ve sonras\u0131nda<span class=\"excerpt-hellip\"> [\u2026]<\/span><\/p>\n","protected":false},"featured_media":0,"template":"","meta":{"_monsterinsights_skip_tracking":false,"_monsterinsights_sitenote_active":false,"_monsterinsights_sitenote_note":"","_monsterinsights_sitenote_category":0},"product_brand":[],"product_cat":[13036,12718,12719],"product_tag":[],"class_list":{"0":"post-737398","1":"product","2":"type-product","3":"status-publish","5":"product_cat-arastirma-inceleme-islam","6":"product_cat-din","7":"product_cat-islam","8":"pa_cilt-ciltsiz","9":"pa_tur-kitap","10":"pa_yayinevi-vakifbank-kultur-yayinlari","11":"pa_yazar-gregor-schoeler","13":"first","14":"instock","15":"sale","16":"shipping-taxable","17":"purchasable","18":"product-type-simple"},"_links":{"self":[{"href":"https:\/\/roveyayinevi.com.tr\/index.php\/wp-json\/wp\/v2\/product\/737398","targetHints":{"allow":["GET"]}}],"collection":[{"href":"https:\/\/roveyayinevi.com.tr\/index.php\/wp-json\/wp\/v2\/product"}],"about":[{"href":"https:\/\/roveyayinevi.com.tr\/index.php\/wp-json\/wp\/v2\/types\/product"}],"wp:attachment":[{"href":"https:\/\/roveyayinevi.com.tr\/index.php\/wp-json\/wp\/v2\/media?parent=737398"}],"wp:term":[{"taxonomy":"product_brand","embeddable":true,"href":"https:\/\/roveyayinevi.com.tr\/index.php\/wp-json\/wp\/v2\/product_brand?post=737398"},{"taxonomy":"product_cat","embeddable":true,"href":"https:\/\/roveyayinevi.com.tr\/index.php\/wp-json\/wp\/v2\/product_cat?post=737398"},{"taxonomy":"product_tag","embeddable":true,"href":"https:\/\/roveyayinevi.com.tr\/index.php\/wp-json\/wp\/v2\/product_tag?post=737398"}],"curies":[{"name":"wp","href":"https:\/\/api.w.org\/{rel}","templated":true}]}}