{"id":737397,"date":"2025-08-27T23:27:31","date_gmt":"2025-08-27T20:27:31","guid":{"rendered":"https:\/\/roveyayinevi.com.tr\/index.php\/urun\/filozoflar-mutasavviflar-halifeler\/"},"modified":"2026-04-16T02:46:50","modified_gmt":"2026-04-15T23:46:50","slug":"filozoflar-mutasavviflar-halifeler","status":"publish","type":"product","link":"https:\/\/roveyayinevi.com.tr\/index.php\/urun\/filozoflar-mutasavviflar-halifeler\/","title":{"rendered":"Filozoflar, Mutasavv\u0131flar, Halifeler"},"content":{"rendered":"<p>\u0130slam d\u00fcnyas\u0131n\u0131n Kurtuba\u2019da End\u00fcl\u00fcs Emevi, Kahire\u2019de Fat\u0131mi ve Ba\u011fdat\u2019ta Abbasi h\u00fck\u00fcmdarlar\u0131 aras\u0131nda siyaseten \u00fc\u00e7e b\u00f6l\u00fcnd\u00fc\u011f\u00fc bir \u00e7a\u011fda, ilmi tart\u0131\u015fmalar da bu siyasi rekabetin d\u00f6n\u00fc\u015ft\u00fcr\u00fcc\u00fc etkisi alt\u0131nda \u015fekillenmekteydi. Bir yanda halifeler siyasi otoritelerini tan\u0131mlamak ve sa\u011flamla\u015ft\u0131rmak i\u00e7in ulema ve mutasavv\u0131flar\u0131n kavramsalla\u015ft\u0131rmalar\u0131na ba\u015fvururken, fakihler, filozoflar, m\u00fctekellim ve mutasavv\u0131flar da ilmi otorite ve toplumsal rehberlik tart\u0131\u015fmalar\u0131n\u0131 bu iktidar m\u00fccadelesi alt\u0131nda s\u00fcrd\u00fcrmekteydi. Bates College \u00f6\u011fretim \u00fcyesi Dr. Ali Humayun Akhtar, 10. y\u00fczy\u0131ldan 12. y\u00fczy\u0131la dek bu siyasi rekabetin ve endi\u015felerin h\u00e2kim oldu\u011fu bir toplumsal ortamda felsefe, kelam ve tasavvufun nas\u0131l hem bir m\u00fccadele hem de kar\u015f\u0131l\u0131kl\u0131 etkile\u015fim i\u00e7inde oldu\u011funu ortaya koyuyor. Filozoflar, Mutasavv\u0131flar ve Halifeler \u0130slam entelekt\u00fcel tarihinin en \u00e7etrefilli metafizik meselelerini tarihi ve siyasal ba\u011flam\u0131n\u0131 ve \u00e7er\u00e7evesini ihmal etmeden ele almay\u0131 ba\u015far\u0131yor. \u0130bn Meserre, \u0130bn Hazm, \u0130bn Berrecan, \u0130bn Kasi ve \u0130bn Tufeyl ba\u015fta olmak \u00fczere, alim ve sufilerin eserlerini derinlikli ve titiz bir incelemeye tabi tutarak bilhassa End\u00fcl\u00fcs entelekt\u00fcel tarihine \u0131\u015f\u0131k tutuyor ve \u0130slam d\u00fc\u015f\u00fcnce tarihine esasl\u0131 bir katk\u0131 sa\u011fl\u0131yor. Yazar Hakk\u0131nda: New York \u00dcniversitesinden doktora derecesini alan yazar, \u0130slam d\u00fcnyas\u0131nda siyaset, din ve iktisat alanlar\u0131nda uzmanla\u015fm\u0131\u015ft\u0131r. Geni\u015f bir sahada ara\u015ft\u0131rmalar\u0131n\u0131 y\u00fcr\u00fctmekte olup k\u00fcresel ipek ticaretinin tarihi \u00fczerinde yeni \u00e7al\u0131\u015fmalar\u0131n\u0131 y\u00fcr\u00fctmektedir. <\/p>\n","protected":false},"excerpt":{"rendered":"<p>\u0130slam d\u00fcnyas\u0131n\u0131n Kurtuba\u2019da End\u00fcl\u00fcs Emevi, Kahire\u2019de Fat\u0131mi ve Ba\u011fdat\u2019ta Abbasi h\u00fck\u00fcmdarlar\u0131 aras\u0131nda siyaseten \u00fc\u00e7e b\u00f6l\u00fcnd\u00fc\u011f\u00fc bir \u00e7a\u011fda, ilmi tart\u0131\u015fmalar da bu siyasi rekabetin d\u00f6n\u00fc\u015ft\u00fcr\u00fcc\u00fc etkisi alt\u0131nda<span class=\"excerpt-hellip\"> [\u2026]<\/span><\/p>\n","protected":false},"featured_media":0,"template":"","meta":{"_monsterinsights_skip_tracking":false,"_monsterinsights_sitenote_active":false,"_monsterinsights_sitenote_note":"","_monsterinsights_sitenote_category":0},"product_brand":[],"product_cat":[12370,12304],"product_tag":[],"class_list":{"0":"post-737397","1":"product","2":"type-product","3":"status-publish","5":"product_cat-arastirma-inceleme","6":"product_cat-tarih","7":"pa_cilt-ciltsiz","8":"pa_tur-kitap","9":"pa_yayinevi-vakifbank-kultur-yayinlari","10":"pa_yazar-ali-humayun-akhtar","12":"first","13":"instock","14":"sale","15":"shipping-taxable","16":"purchasable","17":"product-type-simple"},"_links":{"self":[{"href":"https:\/\/roveyayinevi.com.tr\/index.php\/wp-json\/wp\/v2\/product\/737397","targetHints":{"allow":["GET"]}}],"collection":[{"href":"https:\/\/roveyayinevi.com.tr\/index.php\/wp-json\/wp\/v2\/product"}],"about":[{"href":"https:\/\/roveyayinevi.com.tr\/index.php\/wp-json\/wp\/v2\/types\/product"}],"wp:attachment":[{"href":"https:\/\/roveyayinevi.com.tr\/index.php\/wp-json\/wp\/v2\/media?parent=737397"}],"wp:term":[{"taxonomy":"product_brand","embeddable":true,"href":"https:\/\/roveyayinevi.com.tr\/index.php\/wp-json\/wp\/v2\/product_brand?post=737397"},{"taxonomy":"product_cat","embeddable":true,"href":"https:\/\/roveyayinevi.com.tr\/index.php\/wp-json\/wp\/v2\/product_cat?post=737397"},{"taxonomy":"product_tag","embeddable":true,"href":"https:\/\/roveyayinevi.com.tr\/index.php\/wp-json\/wp\/v2\/product_tag?post=737397"}],"curies":[{"name":"wp","href":"https:\/\/api.w.org\/{rel}","templated":true}]}}