{"id":737396,"date":"2025-08-27T23:27:29","date_gmt":"2025-08-27T20:27:29","guid":{"rendered":"https:\/\/roveyayinevi.com.tr\/index.php\/urun\/kalp-ne-isterse-o-olur-2-ciltli\/"},"modified":"2026-04-16T02:46:50","modified_gmt":"2026-04-15T23:46:50","slug":"kalp-ne-isterse-o-olur-2-ciltli","status":"publish","type":"product","link":"https:\/\/roveyayinevi.com.tr\/index.php\/urun\/kalp-ne-isterse-o-olur-2-ciltli\/","title":{"rendered":"Kalp Ne \u0130sterse O Olur 2 (Ciltli)"},"content":{"rendered":"<p>Ya\u011f\u0131z ile yapt\u0131\u011f\u0131 d\u00fcnya turundan sonra hayata bak\u0131\u015f\u0131 de\u011fi\u015fen \u015eeyda, kendini istemedi\u011fi bir ya\u015fam tarz\u0131n\u0131n i\u00e7inde bulur.Kalbi h\u00e2l\u00e2 Ya\u011f\u0131z i\u00e7in atarken onun yolundan giderekyard\u0131ma ihtiyac\u0131 olan gen\u00e7lere el uzat\u0131r ve hayatlar\u0131ndatemiz bir sayfa a\u00e7malar\u0131n\u0131 sa\u011flar.Ancak bir s\u00fcre sonra bunu yaparken \u00e7evresindeki insanlara yard\u0131m etmek yerine asl\u0131nda onlar\u0131n hayatlar\u0131n\u0131 mahvetmekte oldu\u011funu fark eder. \u00c7\u00fcnk\u00fc kurtar\u0131lmas\u0131gereken as\u0131l ki\u015fionlar de\u011fil, kendisidir.   Peki \u015eeyda, her \u015feye s\u0131f\u0131rdan ba\u015flamak i\u00e7in \u00e7ok mu ge\u00e7 kalm\u0131\u015ft\u0131r?   Kalbin isteklerini yerine getirmekmutlulukla do\u011fru orant\u0131l\u0131 m\u0131d\u0131r?   Kalp Ne \u0130sterse O Olur serinin ikinci kitab\u0131 ileokurlar\u0131yla bulu\u015fuyor. Meryem Nart ikinci kitapta da okurlara ayn\u0131 heyecan ve ser\u00fcven duygusunusunmaya devam ediyor.   \u201cHayat bana o kadar karma\u015f\u0131k geliyordu ki bu karma\u015f\u0131kl\u0131klar aras\u0131nda bo\u011fulup gidecek gibiydim. Kendime bir \u00e7\u0131k\u0131\u015f yolu ar\u0131yordum. Tam \u00e7\u0131k\u0131\u015fa yakla\u015ft\u0131m derken bir adama \u00e7arpt\u0131m. T\u00fcnelin sonunda benibekleyenbir ba\u015fka t\u00fcnel yaratt\u0131m.\u0130\u015fte bu da benim sonum oldu.\u201d  <\/p>\n","protected":false},"excerpt":{"rendered":"<p>Ya\u011f\u0131z ile yapt\u0131\u011f\u0131 d\u00fcnya turundan sonra hayata bak\u0131\u015f\u0131 de\u011fi\u015fen \u015eeyda, kendini istemedi\u011fi bir ya\u015fam tarz\u0131n\u0131n i\u00e7inde bulur.Kalbi h\u00e2l\u00e2 Ya\u011f\u0131z i\u00e7in atarken onun yolundan giderekyard\u0131ma ihtiyac\u0131 olan<span class=\"excerpt-hellip\"> [\u2026]<\/span><\/p>\n","protected":false},"featured_media":0,"template":"","meta":{"_monsterinsights_skip_tracking":false,"_monsterinsights_sitenote_active":false,"_monsterinsights_sitenote_note":"","_monsterinsights_sitenote_category":0},"product_brand":[],"product_cat":[12291,12711],"product_tag":[],"class_list":{"0":"post-737396","1":"product","2":"type-product","3":"status-publish","5":"product_cat-edebiyat","6":"product_cat-roman-oyku","7":"pa_cilt-ciltli","8":"pa_tur-kitap","9":"pa_yayinevi-ephesus-yayinlari","10":"pa_yazar-meryem-nart","12":"first","13":"instock","14":"sale","15":"shipping-taxable","16":"purchasable","17":"product-type-simple"},"_links":{"self":[{"href":"https:\/\/roveyayinevi.com.tr\/index.php\/wp-json\/wp\/v2\/product\/737396","targetHints":{"allow":["GET"]}}],"collection":[{"href":"https:\/\/roveyayinevi.com.tr\/index.php\/wp-json\/wp\/v2\/product"}],"about":[{"href":"https:\/\/roveyayinevi.com.tr\/index.php\/wp-json\/wp\/v2\/types\/product"}],"wp:attachment":[{"href":"https:\/\/roveyayinevi.com.tr\/index.php\/wp-json\/wp\/v2\/media?parent=737396"}],"wp:term":[{"taxonomy":"product_brand","embeddable":true,"href":"https:\/\/roveyayinevi.com.tr\/index.php\/wp-json\/wp\/v2\/product_brand?post=737396"},{"taxonomy":"product_cat","embeddable":true,"href":"https:\/\/roveyayinevi.com.tr\/index.php\/wp-json\/wp\/v2\/product_cat?post=737396"},{"taxonomy":"product_tag","embeddable":true,"href":"https:\/\/roveyayinevi.com.tr\/index.php\/wp-json\/wp\/v2\/product_tag?post=737396"}],"curies":[{"name":"wp","href":"https:\/\/api.w.org\/{rel}","templated":true}]}}