{"id":737393,"date":"2025-08-27T23:27:26","date_gmt":"2025-08-27T20:27:26","guid":{"rendered":"https:\/\/roveyayinevi.com.tr\/index.php\/urun\/liyakat\/"},"modified":"2026-04-16T02:46:50","modified_gmt":"2026-04-15T23:46:50","slug":"liyakat","status":"publish","type":"product","link":"https:\/\/roveyayinevi.com.tr\/index.php\/urun\/liyakat\/","title":{"rendered":"Liyakat"},"content":{"rendered":"<p>C\u00fcmleten ba\u015f\u0131m\u0131z sa\u011f olsun&#8230; Liyakat \u00f6ld\u00fc! Canda\u015f Tolga I\u015f\u0131k, cenaze namaz\u0131 k\u0131l\u0131nan liyakatin nas\u0131l \u00f6ld\u00fcr\u00fcld\u00fc\u011f\u00fcn\u00fc kaleme al\u0131yor. Liyakat ilkesinin terk edildi\u011fi \u00fclkemizde kurumlar\u0131n, kavramlar\u0131n, de\u011ferlerin \u00f6zetle her \u015feyin i\u00e7inin nas\u0131l bo\u015fald\u0131\u011f\u0131n\u0131 \u00f6rneklerle aktar\u0131yor. \u201cBir kurumun i\u00e7inin bo\u015falt\u0131lmas\u0131 denince hem medyan\u0131n hem de vatanda\u015f\u0131n akl\u0131na ilk gelen ve dolay\u0131s\u0131yla ilgisini esas cezbeden konu, o kurumun kasas\u0131n\u0131n bo\u015falt\u0131lmas\u0131. Yolsuzluk, hortumculuk ya da vurgunculuk, ad\u0131na ne derseniz deyin, bunlar\u0131n hepsi hukuken cezaland\u0131r\u0131lmas\u0131 gereken su\u00e7lar. Ancak en az onlar kadar \u00f6nemli olan bir ba\u015fka i\u00e7ini bo\u015faltma y\u00f6ntemi de, \u00fclkemizde s\u0131kl\u0131kla kar\u015f\u0131la\u015ft\u0131\u011f\u0131m\u0131z gibi e\u011fitimden yarg\u0131ya, b\u00fcrokrasiden sanata, sa\u011fl\u0131k sisteminden sivil toplum \u00f6rg\u00fctlenmelerine kadar t\u00fcm kurumlar\u0131n liyakatten mahrum ellere terk edilip, iradesinin siyasi y\u00f6nlendirmelere teslim edilerek de\u011fersizle\u015ftirilmesi, itibars\u0131zla\u015ft\u0131r\u0131lmas\u0131.\u201d <\/p>\n","protected":false},"excerpt":{"rendered":"<p>C\u00fcmleten ba\u015f\u0131m\u0131z sa\u011f olsun&#8230; Liyakat \u00f6ld\u00fc! Canda\u015f Tolga I\u015f\u0131k, cenaze namaz\u0131 k\u0131l\u0131nan liyakatin nas\u0131l \u00f6ld\u00fcr\u00fcld\u00fc\u011f\u00fcn\u00fc kaleme al\u0131yor. Liyakat ilkesinin terk edildi\u011fi \u00fclkemizde kurumlar\u0131n, kavramlar\u0131n, de\u011ferlerin \u00f6zetle<span class=\"excerpt-hellip\"> [\u2026]<\/span><\/p>\n","protected":false},"featured_media":0,"template":"","meta":{"_monsterinsights_skip_tracking":false,"_monsterinsights_sitenote_active":false,"_monsterinsights_sitenote_note":"","_monsterinsights_sitenote_category":0},"product_brand":[],"product_cat":[13590,12337],"product_tag":[],"class_list":{"0":"post-737393","1":"product","2":"type-product","3":"status-publish","5":"product_cat-arastirma-inceleme-politika-siyaset","6":"product_cat-politika-siyaset","7":"pa_cilt-ciltsiz","8":"pa_tur-kitap","9":"pa_yayinevi-kirmizi-kedi-yayinevi","10":"pa_yazar-candas-tolga-isik","12":"first","13":"instock","14":"sale","15":"shipping-taxable","16":"purchasable","17":"product-type-simple"},"_links":{"self":[{"href":"https:\/\/roveyayinevi.com.tr\/index.php\/wp-json\/wp\/v2\/product\/737393","targetHints":{"allow":["GET"]}}],"collection":[{"href":"https:\/\/roveyayinevi.com.tr\/index.php\/wp-json\/wp\/v2\/product"}],"about":[{"href":"https:\/\/roveyayinevi.com.tr\/index.php\/wp-json\/wp\/v2\/types\/product"}],"wp:attachment":[{"href":"https:\/\/roveyayinevi.com.tr\/index.php\/wp-json\/wp\/v2\/media?parent=737393"}],"wp:term":[{"taxonomy":"product_brand","embeddable":true,"href":"https:\/\/roveyayinevi.com.tr\/index.php\/wp-json\/wp\/v2\/product_brand?post=737393"},{"taxonomy":"product_cat","embeddable":true,"href":"https:\/\/roveyayinevi.com.tr\/index.php\/wp-json\/wp\/v2\/product_cat?post=737393"},{"taxonomy":"product_tag","embeddable":true,"href":"https:\/\/roveyayinevi.com.tr\/index.php\/wp-json\/wp\/v2\/product_tag?post=737393"}],"curies":[{"name":"wp","href":"https:\/\/api.w.org\/{rel}","templated":true}]}}