{"id":737392,"date":"2025-08-27T23:27:25","date_gmt":"2025-08-27T20:27:25","guid":{"rendered":"https:\/\/roveyayinevi.com.tr\/index.php\/urun\/kuresellesmenin-ilk-adimlari-1000-yili\/"},"modified":"2026-04-16T02:46:50","modified_gmt":"2026-04-15T23:46:50","slug":"kuresellesmenin-ilk-adimlari-1000-yili","status":"publish","type":"product","link":"https:\/\/roveyayinevi.com.tr\/index.php\/urun\/kuresellesmenin-ilk-adimlari-1000-yili\/","title":{"rendered":"K\u00fcreselle\u015fmenin \u0130lk Ad\u0131mlar\u0131 1000 Y\u0131l\u0131"},"content":{"rendered":"<p>\u201cDenizciler, t\u00fcccarlar, g\u00f6\u00e7menler, kad\u0131nlar ve erkekler e\u015fli\u011finde yakla\u015f\u0131k bin y\u0131l \u00f6ncesinin d\u00fcnyas\u0131na destans\u0131 bir yolculuk. C\u00fcretk\u00e2r ve e\u011flenceli bir hik\u00e2ye; al\u0131\u015f\u0131lmad\u0131k olan\u0131n farkl\u0131l\u0131klar\u0131 i\u00e7in bir kutlama.\u201d -Arezou Azad Oxford \u00dcniversitesi\u2019nde ara\u015ft\u0131rmac\u0131   Valerie Hansen, \u0130pek Yolu ile ba\u015flad\u0131\u011f\u0131 tarih yolculu\u011funa bu kez 1000 y\u0131l\u0131n\u0131 anlatt\u0131\u011f\u0131 e\u015fsiz bir eserle devam ediyor. K\u00fcreselle\u015fmenin ba\u015flang\u0131c\u0131 da kabul edilen 1000 y\u0131l\u0131 mallar\u0131n, teknolojilerin, dinlerin d\u00f6n\u00fc\u015ft\u00fc\u011f\u00fc ve etkilendi\u011fi bir d\u00f6nem. \u0130nsanlar\u0131n yurdundan ayr\u0131l\u0131p yeni yerlere gitmesine olanak tan\u0131yan, d\u00fcnya \u00e7ap\u0131ndaki ticaret yollar\u0131n\u0131n \u015fekillendi\u011fi \u00f6nemli bir zaman dilimi. Bunun sonucunda ortaya \u00e7\u0131kan de\u011fi\u015fimler o kadar k\u00f6kl\u00fc ki medeniyetleri ve insanlar\u0131 da kapsayan etkilere sahip. \u00c7\u0131\u011f\u0131r a\u00e7\u0131c\u0131 bir tarih kitab\u0131 olan K\u00fcreselle\u015fmenin \u0130lk Ad\u0131mlar\u0131 1000 Y\u0131l\u0131 modern d\u00fcnyan\u0131n nas\u0131l olu\u015ftu\u011funa dair bildi\u011finiz her \u015feyi g\u00f6zden ge\u00e7irmenizi sa\u011flayacak. Ayn\u0131 zamanda g\u00fcn\u00fcm\u00fczde insanl\u0131k taraf\u0131ndan deneyimlenen umut ve korkulara ayna tutacak. <\/p>\n","protected":false},"excerpt":{"rendered":"<p>\u201cDenizciler, t\u00fcccarlar, g\u00f6\u00e7menler, kad\u0131nlar ve erkekler e\u015fli\u011finde yakla\u015f\u0131k bin y\u0131l \u00f6ncesinin d\u00fcnyas\u0131na destans\u0131 bir yolculuk. C\u00fcretk\u00e2r ve e\u011flenceli bir hik\u00e2ye; al\u0131\u015f\u0131lmad\u0131k olan\u0131n farkl\u0131l\u0131klar\u0131 i\u00e7in bir kutlama.\u201d<span class=\"excerpt-hellip\"> [\u2026]<\/span><\/p>\n","protected":false},"featured_media":0,"template":"","meta":{"_monsterinsights_skip_tracking":false,"_monsterinsights_sitenote_active":false,"_monsterinsights_sitenote_note":"","_monsterinsights_sitenote_category":0},"product_brand":[],"product_cat":[12370,12304],"product_tag":[],"class_list":{"0":"post-737392","1":"product","2":"type-product","3":"status-publish","5":"product_cat-arastirma-inceleme","6":"product_cat-tarih","7":"pa_cilt-ciltsiz","8":"pa_tur-kitap","9":"pa_yayinevi-nora-kitap","10":"pa_yazar-valerie-hansen","12":"first","13":"instock","14":"sale","15":"shipping-taxable","16":"purchasable","17":"product-type-simple"},"_links":{"self":[{"href":"https:\/\/roveyayinevi.com.tr\/index.php\/wp-json\/wp\/v2\/product\/737392","targetHints":{"allow":["GET"]}}],"collection":[{"href":"https:\/\/roveyayinevi.com.tr\/index.php\/wp-json\/wp\/v2\/product"}],"about":[{"href":"https:\/\/roveyayinevi.com.tr\/index.php\/wp-json\/wp\/v2\/types\/product"}],"wp:attachment":[{"href":"https:\/\/roveyayinevi.com.tr\/index.php\/wp-json\/wp\/v2\/media?parent=737392"}],"wp:term":[{"taxonomy":"product_brand","embeddable":true,"href":"https:\/\/roveyayinevi.com.tr\/index.php\/wp-json\/wp\/v2\/product_brand?post=737392"},{"taxonomy":"product_cat","embeddable":true,"href":"https:\/\/roveyayinevi.com.tr\/index.php\/wp-json\/wp\/v2\/product_cat?post=737392"},{"taxonomy":"product_tag","embeddable":true,"href":"https:\/\/roveyayinevi.com.tr\/index.php\/wp-json\/wp\/v2\/product_tag?post=737392"}],"curies":[{"name":"wp","href":"https:\/\/api.w.org\/{rel}","templated":true}]}}