{"id":737390,"date":"2025-08-27T23:27:22","date_gmt":"2025-08-27T20:27:22","guid":{"rendered":"https:\/\/roveyayinevi.com.tr\/index.php\/urun\/limit-4-cilt\/"},"modified":"2026-04-16T02:46:50","modified_gmt":"2026-04-15T23:46:50","slug":"limit-4-cilt","status":"publish","type":"product","link":"https:\/\/roveyayinevi.com.tr\/index.php\/urun\/limit-4-cilt\/","title":{"rendered":"Limit 4. Cilt"},"content":{"rendered":"<p>Beklenmedik bir \u00f6l\u00fcmle sars\u0131lan grupta herkes zan alt\u0131nda\u2026 Aralar\u0131nda ger\u00e7ekten bir katil olabilir mi? \u0130\u00e7ine d\u00fc\u015ft\u00fckleri bu zor durum, kazadan \u00f6nceki okul hayatlar\u0131nda birbirlerine kar\u015f\u0131 tak\u0131nd\u0131klar\u0131 tutum ve davran\u0131\u015flar\u0131n\u0131 sorgulamalar\u0131na, kar\u015f\u0131l\u0131kl\u0131 su\u00e7lamalara yol a\u00e7\u0131yor. Grubun kar\u015f\u0131s\u0131nda art\u0131k iki se\u00e7enek var; birbirlerine g\u00fcvenip birlik mi olacaklar yoksa nihai olarak ortak korkular\u0131na yenik mi d\u00fc\u015fecekler?   Limit, bir grup gencin ya\u015fad\u0131\u011f\u0131 zorlu hayatta kalma m\u00fccadelesinin hik\u00e2yesi! <\/p>\n","protected":false},"excerpt":{"rendered":"<p>Beklenmedik bir \u00f6l\u00fcmle sars\u0131lan grupta herkes zan alt\u0131nda\u2026 Aralar\u0131nda ger\u00e7ekten bir katil olabilir mi? \u0130\u00e7ine d\u00fc\u015ft\u00fckleri bu zor durum, kazadan \u00f6nceki okul hayatlar\u0131nda birbirlerine kar\u015f\u0131 tak\u0131nd\u0131klar\u0131<span class=\"excerpt-hellip\"> [\u2026]<\/span><\/p>\n","protected":false},"featured_media":0,"template":"","meta":{"_monsterinsights_skip_tracking":false,"_monsterinsights_sitenote_active":false,"_monsterinsights_sitenote_note":"","_monsterinsights_sitenote_category":0},"product_brand":[],"product_cat":[12416,12291],"product_tag":[],"class_list":{"0":"post-737390","1":"product","2":"type-product","3":"status-publish","5":"product_cat-cizgi-roman","6":"product_cat-edebiyat","7":"pa_cilt-ciltsiz","8":"pa_tur-kitap","9":"pa_yayinevi-akil-celen-kitaplar","10":"pa_yazar-keiko-suenobu","12":"first","13":"instock","14":"sale","15":"shipping-taxable","16":"purchasable","17":"product-type-simple"},"_links":{"self":[{"href":"https:\/\/roveyayinevi.com.tr\/index.php\/wp-json\/wp\/v2\/product\/737390","targetHints":{"allow":["GET"]}}],"collection":[{"href":"https:\/\/roveyayinevi.com.tr\/index.php\/wp-json\/wp\/v2\/product"}],"about":[{"href":"https:\/\/roveyayinevi.com.tr\/index.php\/wp-json\/wp\/v2\/types\/product"}],"wp:attachment":[{"href":"https:\/\/roveyayinevi.com.tr\/index.php\/wp-json\/wp\/v2\/media?parent=737390"}],"wp:term":[{"taxonomy":"product_brand","embeddable":true,"href":"https:\/\/roveyayinevi.com.tr\/index.php\/wp-json\/wp\/v2\/product_brand?post=737390"},{"taxonomy":"product_cat","embeddable":true,"href":"https:\/\/roveyayinevi.com.tr\/index.php\/wp-json\/wp\/v2\/product_cat?post=737390"},{"taxonomy":"product_tag","embeddable":true,"href":"https:\/\/roveyayinevi.com.tr\/index.php\/wp-json\/wp\/v2\/product_tag?post=737390"}],"curies":[{"name":"wp","href":"https:\/\/api.w.org\/{rel}","templated":true}]}}