{"id":737386,"date":"2025-08-27T23:27:18","date_gmt":"2025-08-27T20:27:18","guid":{"rendered":"https:\/\/roveyayinevi.com.tr\/index.php\/urun\/marcus-aurelius\/"},"modified":"2026-04-16T02:46:49","modified_gmt":"2026-04-15T23:46:49","slug":"marcus-aurelius","status":"publish","type":"product","link":"https:\/\/roveyayinevi.com.tr\/index.php\/urun\/marcus-aurelius\/","title":{"rendered":"Marcus Aurelius"},"content":{"rendered":"<p>Hem filozof hem devlet adam\u0131, hem en iyiyi hem de en k\u00f6t\u00fcy\u00fc yapmaya muktedir \u0130mparator Marcus Aurelius, Roma imparatorlar\u0131n\u0131n aras\u0131nda her zaman en merak uyand\u0131ran y\u00f6neticilerden olmu\u015ftur. Yazg\u0131s\u0131nda Roma\u2019ya imparator olmak bulunmayan, Stoac\u0131 felsefeye tutkuyla ba\u011fl\u0131 ve Yunan dilinde yaz\u0131lar kaleme alan kendi halindeki bu adam nas\u0131l o zamanlar en parlak g\u00fcnlerini ya\u015fayan bir imparatorlu\u011fun zirvesine ula\u015ft\u0131?  \u201cBe\u015f \u0130yi \u0130mparatorun Sonuncusu\u201d olan Marcus Aurelius 121 y\u0131l\u0131nda Roma\u2019da do\u011far. Erkek evlad\u0131 bulunmayan \u0130mparator Hadrianus v\u00e2ris bulmaya \u00e7al\u0131\u015f\u0131rken Marcus Aurelius, ya\u015f\u0131na g\u00f6re \u00e7ok erken geli\u015fmi\u015f zekas\u0131yla onun dikkatini \u00e7eker. Hadrianus onu halefi yapmak ister ancak iktidar i\u00e7in hen\u00fcz \u00e7ok gen\u00e7 ve deneyimsizdir. Ya\u015fl\u0131 imparator vefat\u0131ndan \u00f6nce Marcus\u2019un tahta ge\u00e7ebilmesini garanti alt\u0131na alacak \u00f6nlemler al\u0131r. B\u00f6ylece gen\u00e7 adam\u0131n felsefeye, edebiyata ve sanata odakl\u0131 ya\u015fam\u0131 imparatorlu\u011fa g\u00f6re yeniden \u015fekillenir.  161 y\u0131l\u0131nda 40 ya\u015f\u0131ndayken alt\u0131n \u00e7a\u011f\u0131n\u0131 ya\u015fayan Roma \u0130mparatorlu\u011fu\u2019nun taht\u0131na oturdu\u011funda imparatorluk d\u0131\u015f sald\u0131r\u0131larla u\u011fra\u015fmaktad\u0131r. Marcus Aurelius 19 y\u0131ll\u0131k saltanat\u0131n\u0131n 17 y\u0131l\u0131n\u0131 at s\u0131rt\u0131nda, F\u0131rat k\u0131y\u0131lar\u0131nda Parthlarla ve Tuna s\u0131n\u0131r\u0131nda Cermen kabileleriyle m\u00fccadeleyle ge\u00e7irir. 180\u2019de Tuna\u2019da sava\u015ftayken hastaland\u0131\u011f\u0131nda, imparatorluk hekimi Galenos\u2019un elinden bir \u015fey gelmez ve filozof imparator beraberinde Roma \u0130mparatorlu\u011fu\u2019nun ayd\u0131nl\u0131k zamanlar\u0131n\u0131 da g\u00f6t\u00fcrerek bu d\u00fcnyadan ayr\u0131l\u0131r. V\u00e9ronique Boudon-Millot kitab\u0131nda, Aurelius\u2019un Kendime D\u00fc\u015f\u00fcnceler\u2019inden, mektuplar\u0131ndan ve hakk\u0131nda yaz\u0131lan imparator biyografilerinden yararlanarak bu ilgi \u00e7ekici ki\u015fili\u011fin hayat\u0131n\u0131 aktar\u0131yor. Hangi yetenekleri ona Hadrianus\u2019un korumas\u0131n\u0131 kazand\u0131rd\u0131? \u0130mparator oldu\u011funda d\u00f6neminin b\u00fcy\u00fck zorluklar\u0131yla y\u00fczle\u015firken nas\u0131l hareket etti? S\u0131n\u0131rlardaki barbarlar\u0131n tehditleri ve Parthlar\u0131n istila \u00e7abalar\u0131, H\u0131ristiyanl\u0131\u011f\u0131n y\u00fckseli\u015fi ve y\u0131k\u0131c\u0131 Antoninus Vebas\u0131\u2019n\u0131n ortaya \u00e7\u0131k\u0131\u015f\u0131&#8230; T\u00fcm bu heng\u00e2me i\u00e7erisinde Kendime D\u00fc\u015f\u00fcnceler gibi zamans\u0131z bir eseri yazabilecek ruh halini nas\u0131l koruyabildi?  Marcus Aurelius\u2019un etkileyici ve hayranl\u0131k uyand\u0131r\u0131c\u0131 hayat \u00f6yk\u00fcs\u00fc, i\u00e7eride ve d\u0131\u015far\u0131da \u00e7etin krizlerle bo\u011fu\u015fan Roma \u0130mparatorlu\u011fu\u2019nun ba\u015f\u0131nda, ya\u015fam\u0131n\u0131 felsefi ideallerinin rehberli\u011finde s\u00fcrd\u00fcren bir yenilik\u00e7inin ki\u015fili\u011fine, kendi i\u00e7indeki \u00e7at\u0131\u015fmalara ve edindi\u011fi tecr\u00fcbelere \u0131\u015f\u0131k tutuyor.<\/p>\n","protected":false},"excerpt":{"rendered":"<p>Hem filozof hem devlet adam\u0131, hem en iyiyi hem de en k\u00f6t\u00fcy\u00fc yapmaya muktedir \u0130mparator Marcus Aurelius, Roma imparatorlar\u0131n\u0131n aras\u0131nda her zaman en merak uyand\u0131ran y\u00f6neticilerden<span class=\"excerpt-hellip\"> [\u2026]<\/span><\/p>\n","protected":false},"featured_media":0,"template":"","meta":{"_monsterinsights_skip_tracking":false,"_monsterinsights_sitenote_active":false,"_monsterinsights_sitenote_note":"","_monsterinsights_sitenote_category":0},"product_brand":[],"product_cat":[12370,12304],"product_tag":[],"class_list":{"0":"post-737386","1":"product","2":"type-product","3":"status-publish","5":"product_cat-arastirma-inceleme","6":"product_cat-tarih","7":"pa_cilt-ciltsiz","8":"pa_tur-kitap","9":"pa_yayinevi-kronik-kitap","10":"pa_yazar-veronique-boudon-millot","12":"first","13":"instock","14":"sale","15":"shipping-taxable","16":"purchasable","17":"product-type-simple"},"_links":{"self":[{"href":"https:\/\/roveyayinevi.com.tr\/index.php\/wp-json\/wp\/v2\/product\/737386","targetHints":{"allow":["GET"]}}],"collection":[{"href":"https:\/\/roveyayinevi.com.tr\/index.php\/wp-json\/wp\/v2\/product"}],"about":[{"href":"https:\/\/roveyayinevi.com.tr\/index.php\/wp-json\/wp\/v2\/types\/product"}],"wp:attachment":[{"href":"https:\/\/roveyayinevi.com.tr\/index.php\/wp-json\/wp\/v2\/media?parent=737386"}],"wp:term":[{"taxonomy":"product_brand","embeddable":true,"href":"https:\/\/roveyayinevi.com.tr\/index.php\/wp-json\/wp\/v2\/product_brand?post=737386"},{"taxonomy":"product_cat","embeddable":true,"href":"https:\/\/roveyayinevi.com.tr\/index.php\/wp-json\/wp\/v2\/product_cat?post=737386"},{"taxonomy":"product_tag","embeddable":true,"href":"https:\/\/roveyayinevi.com.tr\/index.php\/wp-json\/wp\/v2\/product_tag?post=737386"}],"curies":[{"name":"wp","href":"https:\/\/api.w.org\/{rel}","templated":true}]}}