{"id":737384,"date":"2025-08-27T23:27:16","date_gmt":"2025-08-27T20:27:16","guid":{"rendered":"https:\/\/roveyayinevi.com.tr\/index.php\/urun\/yaz-dedi-ayse-hanim\/"},"modified":"2026-04-16T02:46:49","modified_gmt":"2026-04-15T23:46:49","slug":"yaz-dedi-ayse-hanim","status":"publish","type":"product","link":"https:\/\/roveyayinevi.com.tr\/index.php\/urun\/yaz-dedi-ayse-hanim\/","title":{"rendered":"Yaz Dedi Ay\u015fe Han\u0131m"},"content":{"rendered":"<p>\u2026 Yaz\u0131 getiren renklere bezenmi\u015f \u0130\u00e7imde f\u0131rt\u0131na koparan desenlerinde \u00d6yle aniden esiyor ya deli r\u00fczg\u00e2rlar, Naz\u0131n da bana nasip oldu diye \u015e\u00fckrederken buluyorum kendimi. \u2026<\/p>\n","protected":false},"excerpt":{"rendered":"<p>\u2026 Yaz\u0131 getiren renklere bezenmi\u015f \u0130\u00e7imde f\u0131rt\u0131na koparan desenlerinde \u00d6yle aniden esiyor ya deli r\u00fczg\u00e2rlar, Naz\u0131n da bana nasip oldu diye \u015e\u00fckrederken buluyorum kendimi. \u2026<\/p>\n","protected":false},"featured_media":0,"template":"","meta":{"_monsterinsights_skip_tracking":false,"_monsterinsights_sitenote_active":false,"_monsterinsights_sitenote_note":"","_monsterinsights_sitenote_category":0},"product_brand":[],"product_cat":[12291,12509],"product_tag":[],"class_list":{"0":"post-737384","1":"product","2":"type-product","3":"status-publish","5":"product_cat-edebiyat","6":"product_cat-siir","7":"pa_cilt-ciltsiz","8":"pa_tur-kitap","9":"pa_yayinevi-elpis-yayinlari","10":"pa_yazar-ozer-yilmaz","12":"first","13":"instock","14":"sale","15":"shipping-taxable","16":"purchasable","17":"product-type-simple"},"_links":{"self":[{"href":"https:\/\/roveyayinevi.com.tr\/index.php\/wp-json\/wp\/v2\/product\/737384","targetHints":{"allow":["GET"]}}],"collection":[{"href":"https:\/\/roveyayinevi.com.tr\/index.php\/wp-json\/wp\/v2\/product"}],"about":[{"href":"https:\/\/roveyayinevi.com.tr\/index.php\/wp-json\/wp\/v2\/types\/product"}],"wp:attachment":[{"href":"https:\/\/roveyayinevi.com.tr\/index.php\/wp-json\/wp\/v2\/media?parent=737384"}],"wp:term":[{"taxonomy":"product_brand","embeddable":true,"href":"https:\/\/roveyayinevi.com.tr\/index.php\/wp-json\/wp\/v2\/product_brand?post=737384"},{"taxonomy":"product_cat","embeddable":true,"href":"https:\/\/roveyayinevi.com.tr\/index.php\/wp-json\/wp\/v2\/product_cat?post=737384"},{"taxonomy":"product_tag","embeddable":true,"href":"https:\/\/roveyayinevi.com.tr\/index.php\/wp-json\/wp\/v2\/product_tag?post=737384"}],"curies":[{"name":"wp","href":"https:\/\/api.w.org\/{rel}","templated":true}]}}