{"id":737382,"date":"2025-08-27T23:27:13","date_gmt":"2025-08-27T20:27:13","guid":{"rendered":"https:\/\/roveyayinevi.com.tr\/index.php\/urun\/bir-baska-sev\/"},"modified":"2026-04-16T02:46:49","modified_gmt":"2026-04-15T23:46:49","slug":"bir-baska-sev","status":"publish","type":"product","link":"https:\/\/roveyayinevi.com.tr\/index.php\/urun\/bir-baska-sev\/","title":{"rendered":"Bir Ba\u015fka Sev"},"content":{"rendered":"<p>Tanr\u0131lar, ruhlar ve insanlar aras\u0131nda k\u00f6pr\u00fc kuran \u015famanlar ge\u00e7mi\u015ften bug\u00fcne iyile\u015ftirmenin bir e\u015fi\u011fi, arac\u0131 olmay\u0131 ba\u015farm\u0131\u015flar. \u0130lkel y\u00f6ntemlerden s\u0131yr\u0131l\u0131p toplum i\u00e7inde var olduk\u00e7a yepyeni y\u00f6ntemlerle misyonlar\u0131n\u0131 s\u00fcrd\u00fcrm\u00fc\u015flerdir. Bug\u00fcn dahi aram\u0131zda bulunan \u015famanlar, k\u00f6keninde bir \u015faman oldu\u011fu i\u00e7in bu kutsal konuma eri\u015febilmi\u015flerdir. Ancak bildiklerini ba\u015fkalar\u0131yla payla\u015fma ve ihtiyac\u0131 olana yeti\u015fme konusunda olduk\u00e7a bonk\u00f6r davranm\u0131\u015flard\u0131r. Dolay\u0131s\u0131yla bir \u015faman gibi ya\u015famak i\u00e7in \u015faman soyundan gelmek zorunda de\u011filsiniz. Bu elinizde tuttu\u011funuz kitap da Bir Ba\u015fka Sev ad\u0131yla size bir iyile\u015fme vadediyor. Serinin ilk kitab\u0131 olan \u015eaman\u0131n \u015eark\u0131s\u0131 \u015fiirin iyile\u015ftirici etkisinden faydalanarak yolunuzu bulman\u0131z konusunda bir rehber olarak sunuluyor. Bir kez bitirdi\u011finizde a\u015fk kavram\u0131na \u00e7ok daha geni\u015f bir pencereden bak\u0131yor oldu\u011funuzu fark edeceksiniz. Dr. Bhakti kendinizi ke\u015ffetme, tan\u0131ma, d\u00fcnyaya yeniden bakma ve toplumlar\u0131, do\u011fay\u0131 iyile\u015ftirme konusunda elini uzat\u0131yor. Tutacak m\u0131s\u0131n\u0131z?<\/p>\n","protected":false},"excerpt":{"rendered":"<p>Tanr\u0131lar, ruhlar ve insanlar aras\u0131nda k\u00f6pr\u00fc kuran \u015famanlar ge\u00e7mi\u015ften bug\u00fcne iyile\u015ftirmenin bir e\u015fi\u011fi, arac\u0131 olmay\u0131 ba\u015farm\u0131\u015flar. \u0130lkel y\u00f6ntemlerden s\u0131yr\u0131l\u0131p toplum i\u00e7inde var olduk\u00e7a yepyeni y\u00f6ntemlerle misyonlar\u0131n\u0131<span class=\"excerpt-hellip\"> [\u2026]<\/span><\/p>\n","protected":false},"featured_media":0,"template":"","meta":{"_monsterinsights_skip_tracking":false,"_monsterinsights_sitenote_active":false,"_monsterinsights_sitenote_note":"","_monsterinsights_sitenote_category":0},"product_brand":[],"product_cat":[12291,12509],"product_tag":[],"class_list":{"0":"post-737382","1":"product","2":"type-product","3":"status-publish","5":"product_cat-edebiyat","6":"product_cat-siir","7":"pa_cilt-ciltsiz","8":"pa_tur-kitap","9":"pa_yayinevi-elpis-yayinlari","10":"pa_yazar-bhakti","12":"first","13":"instock","14":"sale","15":"shipping-taxable","16":"purchasable","17":"product-type-simple"},"_links":{"self":[{"href":"https:\/\/roveyayinevi.com.tr\/index.php\/wp-json\/wp\/v2\/product\/737382","targetHints":{"allow":["GET"]}}],"collection":[{"href":"https:\/\/roveyayinevi.com.tr\/index.php\/wp-json\/wp\/v2\/product"}],"about":[{"href":"https:\/\/roveyayinevi.com.tr\/index.php\/wp-json\/wp\/v2\/types\/product"}],"wp:attachment":[{"href":"https:\/\/roveyayinevi.com.tr\/index.php\/wp-json\/wp\/v2\/media?parent=737382"}],"wp:term":[{"taxonomy":"product_brand","embeddable":true,"href":"https:\/\/roveyayinevi.com.tr\/index.php\/wp-json\/wp\/v2\/product_brand?post=737382"},{"taxonomy":"product_cat","embeddable":true,"href":"https:\/\/roveyayinevi.com.tr\/index.php\/wp-json\/wp\/v2\/product_cat?post=737382"},{"taxonomy":"product_tag","embeddable":true,"href":"https:\/\/roveyayinevi.com.tr\/index.php\/wp-json\/wp\/v2\/product_tag?post=737382"}],"curies":[{"name":"wp","href":"https:\/\/api.w.org\/{rel}","templated":true}]}}