{"id":737380,"date":"2025-08-27T23:27:10","date_gmt":"2025-08-27T20:27:10","guid":{"rendered":"https:\/\/roveyayinevi.com.tr\/index.php\/urun\/fizigin-gizemi\/"},"modified":"2026-04-16T02:46:49","modified_gmt":"2026-04-15T23:46:49","slug":"fizigin-gizemi","status":"publish","type":"product","link":"https:\/\/roveyayinevi.com.tr\/index.php\/urun\/fizigin-gizemi\/","title":{"rendered":"Fizi\u011fin Gizemi"},"content":{"rendered":"<p>Prof. Dr. Mehmet Sa\u011fba\u015f ile fizi\u011fin gizemli d\u00fcnyas\u0131n\u0131 ke\u015ffetmeye haz\u0131r m\u0131s\u0131n\u0131z? Mert&#8217;in yolu, gizli ama\u00e7lar\u0131 olan, ya\u015fl\u0131 bir adamla kesi\u015fir. Onun sayesinde zaman yolculu\u011funa \u00e7\u0131kan Mert&#8217;e, 1196 y\u0131l\u0131nda ya\u015fayan Melike e\u015flik eder. Farkl\u0131 k\u00fclt\u00fcrlere sahip bu iki gen\u00e7, anla\u015fmakta zorluk \u00e7ekse de ekip olmak zorunda kal\u0131rlar. \u00dcnl\u00fc bilim insanlar\u0131n\u0131n ya\u015fad\u0131klar\u0131 zamanlara gitmeli ve onlar\u0131n \u00e7ok \u00f6zel, gizli icatlar\u0131n\u0131 g\u00fcn\u00fcm\u00fcze ta\u015f\u0131mal\u0131d\u0131rlar. Mert ve Melike&#8217;nin maceralar\u0131na e\u015flik ederken zaman yolculu\u011fu paradokslar\u0131n\u0131, B\u00fcy\u00fck Patlama teorisini, enerjiyi, elektri\u011fi, ses dalgalar\u0131n\u0131n \u00f6zelliklerini, g\u00f6relilik kuram\u0131n\u0131, solucan deli\u011fini, karanl\u0131k maddeyi, k\u0131saca fizi\u011fin gizemli y\u00f6nlerini ke\u015ffedeceksiniz. Bilim ve macera dolu bir hik\u00e2ye sizi bekliyor! <\/p>\n","protected":false},"excerpt":{"rendered":"<p>Prof. Dr. Mehmet Sa\u011fba\u015f ile fizi\u011fin gizemli d\u00fcnyas\u0131n\u0131 ke\u015ffetmeye haz\u0131r m\u0131s\u0131n\u0131z? Mert&#8217;in yolu, gizli ama\u00e7lar\u0131 olan, ya\u015fl\u0131 bir adamla kesi\u015fir. Onun sayesinde zaman yolculu\u011funa \u00e7\u0131kan Mert&#8217;e,<span class=\"excerpt-hellip\"> [\u2026]<\/span><\/p>\n","protected":false},"featured_media":0,"template":"","meta":{"_monsterinsights_skip_tracking":false,"_monsterinsights_sitenote_active":false,"_monsterinsights_sitenote_note":"","_monsterinsights_sitenote_category":0},"product_brand":[],"product_cat":[13829,12274],"product_tag":[],"class_list":{"0":"post-737380","1":"product","2":"type-product","3":"status-publish","5":"product_cat-bilimsel-kitaplar","6":"product_cat-cocuk-ve-genclik-kitaplari","7":"pa_cilt-ciltsiz","8":"pa_tur-kitap","9":"pa_yayinevi-beyaz-balina-yayinlari","10":"pa_yazar-mehmet-sagbas","12":"first","13":"instock","14":"sale","15":"shipping-taxable","16":"purchasable","17":"product-type-simple"},"_links":{"self":[{"href":"https:\/\/roveyayinevi.com.tr\/index.php\/wp-json\/wp\/v2\/product\/737380","targetHints":{"allow":["GET"]}}],"collection":[{"href":"https:\/\/roveyayinevi.com.tr\/index.php\/wp-json\/wp\/v2\/product"}],"about":[{"href":"https:\/\/roveyayinevi.com.tr\/index.php\/wp-json\/wp\/v2\/types\/product"}],"wp:attachment":[{"href":"https:\/\/roveyayinevi.com.tr\/index.php\/wp-json\/wp\/v2\/media?parent=737380"}],"wp:term":[{"taxonomy":"product_brand","embeddable":true,"href":"https:\/\/roveyayinevi.com.tr\/index.php\/wp-json\/wp\/v2\/product_brand?post=737380"},{"taxonomy":"product_cat","embeddable":true,"href":"https:\/\/roveyayinevi.com.tr\/index.php\/wp-json\/wp\/v2\/product_cat?post=737380"},{"taxonomy":"product_tag","embeddable":true,"href":"https:\/\/roveyayinevi.com.tr\/index.php\/wp-json\/wp\/v2\/product_tag?post=737380"}],"curies":[{"name":"wp","href":"https:\/\/api.w.org\/{rel}","templated":true}]}}