{"id":737375,"date":"2025-08-27T23:27:03","date_gmt":"2025-08-27T20:27:03","guid":{"rendered":"https:\/\/roveyayinevi.com.tr\/index.php\/urun\/mucize-kedi-koket\/"},"modified":"2026-04-16T02:46:49","modified_gmt":"2026-04-15T23:46:49","slug":"mucize-kedi-koket","status":"publish","type":"product","link":"https:\/\/roveyayinevi.com.tr\/index.php\/urun\/mucize-kedi-koket\/","title":{"rendered":"Mucize Kedi Koket"},"content":{"rendered":"<p>(\u2026) Nank\u00f6rl\u00fc\u011f\u00fcn, insandan ba\u015fka hi\u00e7bir canl\u0131ya yak\u0131\u015fmad\u0131\u011f\u0131n\u0131 bir kez daha anlam\u0131\u015ft\u0131m. \u00c7\u00fcnk\u00fc insanl\u0131\u011f\u0131n halk olu\u015funda nank\u00f6rl\u00fck vard\u0131. Ve bizler, kendimize yak\u0131\u015ft\u0131ramad\u0131\u011f\u0131m\u0131z t\u00fcm vas\u0131f ve s\u0131fatlar\u0131, di\u011fer canl\u0131lara y\u00fcklemi\u015ftik. Oysa hepsi bizdik. Y\u0131landan daha fazla zehir var dilimizde ve tilkiden daha fazla kurnaz\u0131z. Bir kediden daha \u00e7ok nank\u00f6r bir mart\u0131dan daha fazla doyumsuz. Ne k\u00f6pekten kadar sadakat var i\u00e7imizde ne de kumru kadar ba\u011fl\u0131l\u0131k. Angut kadar sonsuz de\u011fil hi\u00e7bir insan\u0131n sevgisi! Hi\u00e7li\u011fin pi\u00e7li\u011finde kaybolmu\u015f ruhlar\u0131m\u0131za k\u0131l\u0131f aramaktan ba\u015fka hi\u00e7bir marifet sergileyemeyen biz, aciz insanlar(!) gerek bilin\u00e7 d\u00fczeyinde tasarlanm\u0131\u015f gerekse bilin\u00e7alt\u0131nda sakl\u0131 kalm\u0131\u015f t\u00fcm k\u00f6t\u00fcl\u00fcklerimize veya bu ba\u011flamdaki niyetlerimize kendimizce gerek\u00e7eler bulup, vicdan\u0131m\u0131z\u0131 yast\u0131\u011fa rahat koydu\u011fumuzu varsaym\u0131\u015ft\u0131k. E\u015fref-i mahl\u00fbkat olman\u0131n kibri ile di\u011fer t\u00fcm canl\u0131lar \u00fczerinde tahakk\u00fcm kurma gayretimiz, y\u00fcre\u011fimizi k\u00f6r etti. G\u00f6zlerimiz a\u00e7\u0131kt\u0131 ama k\u00f6rd\u00fck. Kulaklar\u0131m\u0131z duyuyordu ama i\u015fitmiyorduk. T\u00fcketti\u011fimiz her \u015fey ama her \u015fey bizden uzakta olan di\u011fer \u015feylermi\u015f gibi gelse de asl\u0131nda en derinimizde kendimizi t\u00fcketiyorduk. Yarat\u0131l\u0131\u015f\u0131 sorguya \u00e7ekti\u011fim o an, varl\u0131\u011f\u0131m\u0131z\u0131n zerreli\u011fine bir kez daha tan\u0131k oldum. D\u00fc\u015f\u00fcnd\u00fcm\u2026 D\u00fc\u015f\u00fcnd\u00fck\u00e7e, Utand\u0131m\u2026 <\/p>\n","protected":false},"excerpt":{"rendered":"<p>(\u2026) Nank\u00f6rl\u00fc\u011f\u00fcn, insandan ba\u015fka hi\u00e7bir canl\u0131ya yak\u0131\u015fmad\u0131\u011f\u0131n\u0131 bir kez daha anlam\u0131\u015ft\u0131m. \u00c7\u00fcnk\u00fc insanl\u0131\u011f\u0131n halk olu\u015funda nank\u00f6rl\u00fck vard\u0131. Ve bizler, kendimize yak\u0131\u015ft\u0131ramad\u0131\u011f\u0131m\u0131z t\u00fcm vas\u0131f ve s\u0131fatlar\u0131, di\u011fer<span class=\"excerpt-hellip\"> [\u2026]<\/span><\/p>\n","protected":false},"featured_media":0,"template":"","meta":{"_monsterinsights_skip_tracking":false,"_monsterinsights_sitenote_active":false,"_monsterinsights_sitenote_note":"","_monsterinsights_sitenote_category":0},"product_brand":[],"product_cat":[12291,12711],"product_tag":[],"class_list":{"0":"post-737375","1":"product","2":"type-product","3":"status-publish","5":"product_cat-edebiyat","6":"product_cat-roman-oyku","7":"pa_cilt-ciltsiz","8":"pa_tur-kitap","9":"pa_yayinevi-kalkedon-yayincilik","10":"pa_yazar-erdal-baris-yildirim","12":"first","13":"instock","14":"sale","15":"shipping-taxable","16":"purchasable","17":"product-type-simple"},"_links":{"self":[{"href":"https:\/\/roveyayinevi.com.tr\/index.php\/wp-json\/wp\/v2\/product\/737375","targetHints":{"allow":["GET"]}}],"collection":[{"href":"https:\/\/roveyayinevi.com.tr\/index.php\/wp-json\/wp\/v2\/product"}],"about":[{"href":"https:\/\/roveyayinevi.com.tr\/index.php\/wp-json\/wp\/v2\/types\/product"}],"wp:attachment":[{"href":"https:\/\/roveyayinevi.com.tr\/index.php\/wp-json\/wp\/v2\/media?parent=737375"}],"wp:term":[{"taxonomy":"product_brand","embeddable":true,"href":"https:\/\/roveyayinevi.com.tr\/index.php\/wp-json\/wp\/v2\/product_brand?post=737375"},{"taxonomy":"product_cat","embeddable":true,"href":"https:\/\/roveyayinevi.com.tr\/index.php\/wp-json\/wp\/v2\/product_cat?post=737375"},{"taxonomy":"product_tag","embeddable":true,"href":"https:\/\/roveyayinevi.com.tr\/index.php\/wp-json\/wp\/v2\/product_tag?post=737375"}],"curies":[{"name":"wp","href":"https:\/\/api.w.org\/{rel}","templated":true}]}}