{"id":737374,"date":"2025-08-27T23:27:02","date_gmt":"2025-08-27T20:27:02","guid":{"rendered":"https:\/\/roveyayinevi.com.tr\/index.php\/urun\/555-eglenceli-cikartma-araclar\/"},"modified":"2026-04-16T02:46:49","modified_gmt":"2026-04-15T23:46:49","slug":"555-eglenceli-cikartma-araclar","status":"publish","type":"product","link":"https:\/\/roveyayinevi.com.tr\/index.php\/urun\/555-eglenceli-cikartma-araclar\/","title":{"rendered":"555 E\u011flenceli \u00c7\u0131kartma &#8211; Ara\u00e7lar"},"content":{"rendered":"<p>Kalabal\u0131k tren istasyonlar\u0131ndan yelkenlilere, s\u0131cak hava balonlar\u0131ndan bisiklet yar\u0131\u015flar\u0131na \u00e7e\u015fit \u00e7e\u015fit \u00e7\u0131kartma 555 E\u011flenceli \u00c7\u0131kartma \/Ara\u00e7lar kitab\u0131nda bir arada! Her sayfay\u0131 birbirinden renkli ve farkl\u0131 \u00e7\u0131kartmalarla s\u00fcsleyerek e\u011flenceli saatler ge\u00e7irebilirsiniz! 555 E\u011flenceli \u00c7\u0131kartma ile birbirinden h\u0131zl\u0131 ara\u00e7lar\u0131 yar\u0131\u015ft\u0131r\u0131n!<\/p>\n","protected":false},"excerpt":{"rendered":"<p>Kalabal\u0131k tren istasyonlar\u0131ndan yelkenlilere, s\u0131cak hava balonlar\u0131ndan bisiklet yar\u0131\u015flar\u0131na \u00e7e\u015fit \u00e7e\u015fit \u00e7\u0131kartma 555 E\u011flenceli \u00c7\u0131kartma \/Ara\u00e7lar kitab\u0131nda bir arada! Her sayfay\u0131 birbirinden renkli ve farkl\u0131 \u00e7\u0131kartmalarla<span class=\"excerpt-hellip\"> [\u2026]<\/span><\/p>\n","protected":false},"featured_media":0,"template":"","meta":{"_monsterinsights_skip_tracking":false,"_monsterinsights_sitenote_active":false,"_monsterinsights_sitenote_note":"","_monsterinsights_sitenote_category":0},"product_brand":[],"product_cat":[12913,12274],"product_tag":[],"class_list":{"0":"post-737374","1":"product","2":"type-product","3":"status-publish","5":"product_cat-3-6-yas-kitaplari","6":"product_cat-cocuk-ve-genclik-kitaplari","7":"pa_cilt-ciltsiz","8":"pa_tur-kitap","9":"pa_yayinevi-altin-kitaplar-cocuk-kitaplari","10":"pa_yazar-altin-kitaplar-kolektif","12":"first","13":"instock","14":"sale","15":"shipping-taxable","16":"purchasable","17":"product-type-simple"},"_links":{"self":[{"href":"https:\/\/roveyayinevi.com.tr\/index.php\/wp-json\/wp\/v2\/product\/737374","targetHints":{"allow":["GET"]}}],"collection":[{"href":"https:\/\/roveyayinevi.com.tr\/index.php\/wp-json\/wp\/v2\/product"}],"about":[{"href":"https:\/\/roveyayinevi.com.tr\/index.php\/wp-json\/wp\/v2\/types\/product"}],"wp:attachment":[{"href":"https:\/\/roveyayinevi.com.tr\/index.php\/wp-json\/wp\/v2\/media?parent=737374"}],"wp:term":[{"taxonomy":"product_brand","embeddable":true,"href":"https:\/\/roveyayinevi.com.tr\/index.php\/wp-json\/wp\/v2\/product_brand?post=737374"},{"taxonomy":"product_cat","embeddable":true,"href":"https:\/\/roveyayinevi.com.tr\/index.php\/wp-json\/wp\/v2\/product_cat?post=737374"},{"taxonomy":"product_tag","embeddable":true,"href":"https:\/\/roveyayinevi.com.tr\/index.php\/wp-json\/wp\/v2\/product_tag?post=737374"}],"curies":[{"name":"wp","href":"https:\/\/api.w.org\/{rel}","templated":true}]}}