{"id":737373,"date":"2025-08-27T23:27:01","date_gmt":"2025-08-27T20:27:01","guid":{"rendered":"https:\/\/roveyayinevi.com.tr\/index.php\/urun\/usttekiler-irk-biliminin-geri-donusu\/"},"modified":"2026-04-16T02:46:49","modified_gmt":"2026-04-15T23:46:49","slug":"usttekiler-irk-biliminin-geri-donusu","status":"publish","type":"product","link":"https:\/\/roveyayinevi.com.tr\/index.php\/urun\/usttekiler-irk-biliminin-geri-donusu\/","title":{"rendered":"\u00dcsttekiler &#8211; Irk Biliminin Geri D\u00f6n\u00fc\u015f\u00fc"},"content":{"rendered":"<p>Financial Times Y\u0131l\u0131n Kitab\u0131Guardian Y\u0131l\u0131n Kitab\u0131New Statesman Y\u0131l\u0131n Kitab\u0131   Binlerce y\u0131ld\u0131r, egemen toplumlar\u0131n i\u00e7ten i\u00e7e kendilerinin en iyisi oldu\u011funa inanmak gibi bir al\u0131\u015fkanl\u0131\u011f\u0131 var; g\u00fc\u00e7leri artt\u0131k\u00e7a da bu g\u00fcc\u00fc yaln\u0131zca k\u00fclt\u00fcrel de\u011fil, ayn\u0131 zamanda do\u011fal bir unsurmu\u015f gibi sunuyorlar. \u0130ktidar\u0131n \u0131rk fikrini nas\u0131l \u015fekillendirdi\u011fini g\u00f6rd\u00fc\u011f\u00fcn\u00fczde onun anlam\u0131n\u0131 da kavramaya ba\u015fl\u0131yorsunuz.Yirmi birinci y\u00fczy\u0131lda, bilimsel \u0131rk\u00e7\u0131l\u0131\u011f\u0131 geride b\u0131rakt\u0131\u011f\u0131m\u0131za, \u00e7o\u011fu insan\u0131n \u0131rk\u0131n biyolojik bir durumdan ziyade toplumsal bir in\u015fa oldu\u011funu kabullendi\u011fine inanma e\u011filimindeyiz. Gelgelelim bilimin belirli siyasi \u00e7evrelerce istismar edilmesiyle \u0131rk bilimi yeniden aram\u0131za d\u00f6nd\u00fc.   \u0130yi niyetli biliminsanlar\u0131 dahi genetik ve t\u0131bbi ara\u015ft\u0131rmalarda \u0131rk kategorilerini kullanarak \u0131rk\u0131n bir \u00e7e\u015fit biyolojik temeli olabilece\u011fi ku\u015fkular\u0131n\u0131 a\u00e7\u0131\u011fa vuruyor. Oysa bu \u015f\u00fcpheleri, muktedirlerin icat etti\u011fi \u0131rk hiyerar\u015filerinin h\u00fck\u00fcm s\u00fcrd\u00fc\u011f\u00fc y\u00fcz y\u0131l \u00f6ncesinden daha ger\u00e7ek de\u011fil bug\u00fcn de.   \u00d6d\u00fcll\u00fc yazar Angela Saini d\u00fcnyan\u0131n d\u00f6rt bir yan\u0131ndan genetik\u00e7iler, antropologlar, tarih\u00e7iler ve sosyal bilimcilerle g\u00f6r\u00fc\u015ferek ilk zamanlar\u0131ndan g\u00fcn\u00fcm\u00fcze \u0131rk kavram\u0131n\u0131n izini s\u00fcr\u00fcyor. \u00dcsttekiler \u0131rk\u0131n ger\u00e7ek, baz\u0131 insanlar\u0131n da di\u011ferlerinden \u00fcst\u00fcn oldu\u011funa dair sinsi ve y\u0131k\u0131c\u0131 inanc\u0131n do\u011fas\u0131n\u0131 irdeleyen g\u00fc\u00e7l\u00fc ve titiz bir \u00e7al\u0131\u015fma. <\/p>\n","protected":false},"excerpt":{"rendered":"<p>Financial Times Y\u0131l\u0131n Kitab\u0131Guardian Y\u0131l\u0131n Kitab\u0131New Statesman Y\u0131l\u0131n Kitab\u0131 Binlerce y\u0131ld\u0131r, egemen toplumlar\u0131n i\u00e7ten i\u00e7e kendilerinin en iyisi oldu\u011funa inanmak gibi bir al\u0131\u015fkanl\u0131\u011f\u0131 var; g\u00fc\u00e7leri artt\u0131k\u00e7a<span class=\"excerpt-hellip\"> [\u2026]<\/span><\/p>\n","protected":false},"featured_media":0,"template":"","meta":{"_monsterinsights_skip_tracking":false,"_monsterinsights_sitenote_active":false,"_monsterinsights_sitenote_note":"","_monsterinsights_sitenote_category":0},"product_brand":[],"product_cat":[13005,13006],"product_tag":[],"class_list":{"0":"post-737373","1":"product","2":"type-product","3":"status-publish","5":"product_cat-bilim-muhendislik","6":"product_cat-populer-bilim","7":"pa_cilt-ciltsiz","8":"pa_tur-kitap","9":"pa_yayinevi-minotor-kitap","10":"pa_yazar-angela-saini","12":"first","13":"instock","14":"sale","15":"shipping-taxable","16":"purchasable","17":"product-type-simple"},"_links":{"self":[{"href":"https:\/\/roveyayinevi.com.tr\/index.php\/wp-json\/wp\/v2\/product\/737373","targetHints":{"allow":["GET"]}}],"collection":[{"href":"https:\/\/roveyayinevi.com.tr\/index.php\/wp-json\/wp\/v2\/product"}],"about":[{"href":"https:\/\/roveyayinevi.com.tr\/index.php\/wp-json\/wp\/v2\/types\/product"}],"wp:attachment":[{"href":"https:\/\/roveyayinevi.com.tr\/index.php\/wp-json\/wp\/v2\/media?parent=737373"}],"wp:term":[{"taxonomy":"product_brand","embeddable":true,"href":"https:\/\/roveyayinevi.com.tr\/index.php\/wp-json\/wp\/v2\/product_brand?post=737373"},{"taxonomy":"product_cat","embeddable":true,"href":"https:\/\/roveyayinevi.com.tr\/index.php\/wp-json\/wp\/v2\/product_cat?post=737373"},{"taxonomy":"product_tag","embeddable":true,"href":"https:\/\/roveyayinevi.com.tr\/index.php\/wp-json\/wp\/v2\/product_tag?post=737373"}],"curies":[{"name":"wp","href":"https:\/\/api.w.org\/{rel}","templated":true}]}}