{"id":737367,"date":"2025-08-27T23:26:53","date_gmt":"2025-08-27T20:26:53","guid":{"rendered":"https:\/\/roveyayinevi.com.tr\/index.php\/urun\/daha-iyi-bir-sen-olabilirim\/"},"modified":"2026-04-16T02:46:49","modified_gmt":"2026-04-15T23:46:49","slug":"daha-iyi-bir-sen-olabilirim","status":"publish","type":"product","link":"https:\/\/roveyayinevi.com.tr\/index.php\/urun\/daha-iyi-bir-sen-olabilirim\/","title":{"rendered":"Daha \u0130yi Bir Sen Olabilirim"},"content":{"rendered":"<p>Daha \u0130yi Bir Sen Olabilirim &#8211; Sars\u0131c\u0131 Bir Psikolojik Gerilim\u201cRahats\u0131z edici, ama tad\u0131 dama\u011f\u0131n\u0131zda kalacak!New York TimesSizi, koltu\u011funuzun kenar\u0131na \u00e7ivileyecek ve sessiz b\u0131rakacak.\u201dUSA TodayE\u011fer otuz ya\u015f\u0131ndaysan\u0131z, neredeyse her g\u00fcn \u00e7ok k\u00f6t\u00fc bir g\u00fcnd\u00fcr. G\u00f6\u011f\u00fcsleriniz sarkmaya ba\u015flam\u0131\u015f, g\u00f6zlerinizin etraf\u0131ndaki \u00e7izgiler derinle\u015fmi\u015ftir. Ger\u00e7ekte kim oldu\u011funuzu bilseler kimsenin sizi sevmeyece\u011fini \u00f6\u011frenmi\u015fsinizdir. Fig Coxbury hayat\u0131ndan b\u0131km\u0131\u015ft\u0131r: Onu aldatan eski kocas\u0131, belinin etraf\u0131nda birikmi\u015f fazla ya\u011flar\u0131 ve en \u00f6nemlisi de yaln\u0131zl\u0131\u011f\u0131.Fig, \u015fimdiye kadar olmak istedi\u011fi her \u015feyin somut bir hali olan Jolene Avery&#8217;ye rastlad\u0131\u011f\u0131nda, \u00f6nce sadece merak\u0131ndan onunla arkada\u015f olur.Fig, Jolene&#8217;in hayat\u0131n\u0131 t\u00fcm ayr\u0131nt\u0131lar\u0131yla taklit etmeye ba\u015flar, \u00e7\u00fcnk\u00fc tam olarak kim oldu\u011funu bilen birini buldu\u011funuzda, sadece onlar gibi olmak istersiniz ve bu d\u00fcrt\u00fcn\u00fcz\u00fc engelleyemezsiniz.<\/p>\n","protected":false},"excerpt":{"rendered":"<p>Daha \u0130yi Bir Sen Olabilirim &#8211; Sars\u0131c\u0131 Bir Psikolojik Gerilim\u201cRahats\u0131z edici, ama tad\u0131 dama\u011f\u0131n\u0131zda kalacak!New York TimesSizi, koltu\u011funuzun kenar\u0131na \u00e7ivileyecek ve sessiz b\u0131rakacak.\u201dUSA TodayE\u011fer otuz ya\u015f\u0131ndaysan\u0131z,<span class=\"excerpt-hellip\"> [\u2026]<\/span><\/p>\n","protected":false},"featured_media":0,"template":"","meta":{"_monsterinsights_skip_tracking":false,"_monsterinsights_sitenote_active":false,"_monsterinsights_sitenote_note":"","_monsterinsights_sitenote_category":0},"product_brand":[],"product_cat":[12291,17033],"product_tag":[],"class_list":{"0":"post-737367","1":"product","2":"type-product","3":"status-publish","5":"product_cat-edebiyat","6":"product_cat-korku-gerilim","7":"pa_cilt-ciltsiz","8":"pa_tur-kitap","9":"pa_yayinevi-theseus-yayinevi","10":"pa_yazar-tarryn-fisher","12":"first","13":"instock","14":"sale","15":"shipping-taxable","16":"purchasable","17":"product-type-simple"},"_links":{"self":[{"href":"https:\/\/roveyayinevi.com.tr\/index.php\/wp-json\/wp\/v2\/product\/737367","targetHints":{"allow":["GET"]}}],"collection":[{"href":"https:\/\/roveyayinevi.com.tr\/index.php\/wp-json\/wp\/v2\/product"}],"about":[{"href":"https:\/\/roveyayinevi.com.tr\/index.php\/wp-json\/wp\/v2\/types\/product"}],"wp:attachment":[{"href":"https:\/\/roveyayinevi.com.tr\/index.php\/wp-json\/wp\/v2\/media?parent=737367"}],"wp:term":[{"taxonomy":"product_brand","embeddable":true,"href":"https:\/\/roveyayinevi.com.tr\/index.php\/wp-json\/wp\/v2\/product_brand?post=737367"},{"taxonomy":"product_cat","embeddable":true,"href":"https:\/\/roveyayinevi.com.tr\/index.php\/wp-json\/wp\/v2\/product_cat?post=737367"},{"taxonomy":"product_tag","embeddable":true,"href":"https:\/\/roveyayinevi.com.tr\/index.php\/wp-json\/wp\/v2\/product_tag?post=737367"}],"curies":[{"name":"wp","href":"https:\/\/api.w.org\/{rel}","templated":true}]}}