{"id":737356,"date":"2025-08-27T23:26:41","date_gmt":"2025-08-27T20:26:41","guid":{"rendered":"https:\/\/roveyayinevi.com.tr\/index.php\/urun\/safiiler-icin-abdest-gusul-ve-namazi-ogreniyorum-cep-boy\/"},"modified":"2026-04-16T02:46:47","modified_gmt":"2026-04-15T23:46:47","slug":"safiiler-icin-abdest-gusul-ve-namazi-ogreniyorum-cep-boy","status":"publish","type":"product","link":"https:\/\/roveyayinevi.com.tr\/index.php\/urun\/safiiler-icin-abdest-gusul-ve-namazi-ogreniyorum-cep-boy\/","title":{"rendered":"\u015eafiiler \u0130\u00e7in Abdest Gus\u00fcl ve Namaz&#8217;\u0131 \u00d6\u011freniyorum Cep Boy"},"content":{"rendered":"<p>\u015eafiiler \u0130\u00e7in Abdest, Gus\u00fcl ve Namaz&#8217;\u0131 \u00d6\u011freniyorum<\/p>\n","protected":false},"excerpt":{"rendered":"<p>\u015eafiiler \u0130\u00e7in Abdest, Gus\u00fcl ve Namaz&#8217;\u0131 \u00d6\u011freniyorum<\/p>\n","protected":false},"featured_media":0,"template":"","meta":{"_monsterinsights_skip_tracking":false,"_monsterinsights_sitenote_active":false,"_monsterinsights_sitenote_note":"","_monsterinsights_sitenote_category":0},"product_brand":[],"product_cat":[12718,12719,22508],"product_tag":[],"class_list":{"0":"post-737356","1":"product","2":"type-product","3":"status-publish","5":"product_cat-din","6":"product_cat-islam","7":"product_cat-islam-egitimi","8":"pa_cilt-ciltsiz","9":"pa_tur-kitap","10":"pa_yayinevi-seda-yayinlari","11":"pa_yazar-abdusselam-kartal","13":"first","14":"instock","15":"sale","16":"shipping-taxable","17":"purchasable","18":"product-type-simple"},"_links":{"self":[{"href":"https:\/\/roveyayinevi.com.tr\/index.php\/wp-json\/wp\/v2\/product\/737356","targetHints":{"allow":["GET"]}}],"collection":[{"href":"https:\/\/roveyayinevi.com.tr\/index.php\/wp-json\/wp\/v2\/product"}],"about":[{"href":"https:\/\/roveyayinevi.com.tr\/index.php\/wp-json\/wp\/v2\/types\/product"}],"wp:attachment":[{"href":"https:\/\/roveyayinevi.com.tr\/index.php\/wp-json\/wp\/v2\/media?parent=737356"}],"wp:term":[{"taxonomy":"product_brand","embeddable":true,"href":"https:\/\/roveyayinevi.com.tr\/index.php\/wp-json\/wp\/v2\/product_brand?post=737356"},{"taxonomy":"product_cat","embeddable":true,"href":"https:\/\/roveyayinevi.com.tr\/index.php\/wp-json\/wp\/v2\/product_cat?post=737356"},{"taxonomy":"product_tag","embeddable":true,"href":"https:\/\/roveyayinevi.com.tr\/index.php\/wp-json\/wp\/v2\/product_tag?post=737356"}],"curies":[{"name":"wp","href":"https:\/\/api.w.org\/{rel}","templated":true}]}}