{"id":737355,"date":"2025-08-27T23:26:40","date_gmt":"2025-08-27T20:26:40","guid":{"rendered":"https:\/\/roveyayinevi.com.tr\/index.php\/urun\/mahirane-soylemler\/"},"modified":"2026-04-16T02:46:47","modified_gmt":"2026-04-15T23:46:47","slug":"mahirane-soylemler","status":"publish","type":"product","link":"https:\/\/roveyayinevi.com.tr\/index.php\/urun\/mahirane-soylemler\/","title":{"rendered":"Mahirane S\u00f6ylemler"},"content":{"rendered":"<p>Ey o\u011ful!Anneler &#8211; babalar vard\u0131r, kendisi i\u00e7in \u00e7ocuklar\u0131n\u0131 feda ederler. Anneler &#8211; babalar vard\u0131r, \u00e7ocuklar\u0131 i\u00e7in kendini feda ederler. Kendini feda eden anne &#8211; babalar\u0131n kadrini, k\u0131ymetini bir kat daha fazla bilmeye \u00e7al\u0131\u015f o\u011ful.Ey o\u011ful!\u00c7evrendeki arkada\u015f k\u0131tl\u0131\u011f\u0131, sosyal payla\u015f\u0131m sitelerinde arkada\u015f \u00e7oklu\u011funa sebep olur. Onun i\u00e7in \u00e7evrende iyi arkada\u015flar edinmeye \u00e7al\u0131\u015f ki, sanal arkada\u015f \u00e7oklu\u011funa ihtiya\u00e7 olmas\u0131n o\u011ful.Ey o\u011ful!Bir makama geldi\u011finde, \u00f6nemli de\u011fildir gelecek \u00e7i\u00e7ekler, lakin \u00e7ok \u00f6nemlidir giderken g\u00fcle g\u00fcle diyecekler. Onun i\u00e7in daha makamda iken, ayr\u0131lma vakti geldi\u011finde g\u00fcle g\u00fcle diyecekleri biriktirmeye \u00e7al\u0131\u015f o\u011ful.Ey o\u011ful!Eskiden okullarda \u00f6\u011frenciler hizmetlilere, \u00f6\u011fretmenlere g\u00f6sterdi\u011fi kadar sayg\u0131 g\u00f6sterirdi. \u015eimdi art\u0131k \u00f6\u011fretmenlere bile sayg\u0131 g\u00f6sterilmez oldu. Sen herkese daima sayg\u0131 g\u00f6stermeye \u00e7al\u0131\u015f o\u011ful.Ey o\u011ful!Yolda giderken tan\u0131masan da k\u00f6t\u00fc bir hareketini g\u00f6rd\u00fc\u011f\u00fcn insana g\u0131yaben dua et; \u2018Allah\u2019\u0131m \u0131slah et\u2019 de. \u0130yi bir davran\u0131\u015f\u0131n\u0131 g\u00f6r\u00fcrsen de \u2018Allah\u2019\u0131m daim et, Cennetine de d\u00e2hil et\u2019 deyiver. Unutma ki Allah r\u0131zas\u0131 i\u00e7in yap\u0131lan g\u0131yabi dualar kabul olur. Sen g\u0131yabi dua edersen sana da dua edenler \u00e7\u0131kar o\u011ful.<\/p>\n","protected":false},"excerpt":{"rendered":"<p>Ey o\u011ful!Anneler &#8211; babalar vard\u0131r, kendisi i\u00e7in \u00e7ocuklar\u0131n\u0131 feda ederler. Anneler &#8211; babalar vard\u0131r, \u00e7ocuklar\u0131 i\u00e7in kendini feda ederler. Kendini feda eden anne &#8211; babalar\u0131n kadrini,<span class=\"excerpt-hellip\"> [\u2026]<\/span><\/p>\n","protected":false},"featured_media":0,"template":"","meta":{"_monsterinsights_skip_tracking":false,"_monsterinsights_sitenote_active":false,"_monsterinsights_sitenote_note":"","_monsterinsights_sitenote_category":0},"product_brand":[],"product_cat":[12291,12509],"product_tag":[],"class_list":{"0":"post-737355","1":"product","2":"type-product","3":"status-publish","5":"product_cat-edebiyat","6":"product_cat-siir","7":"pa_cilt-ciltsiz","8":"pa_tur-kitap","9":"pa_yayinevi-gulnar-yayinlari","10":"pa_yazar-mahir-odabasi","12":"first","13":"instock","14":"sale","15":"shipping-taxable","16":"purchasable","17":"product-type-simple"},"_links":{"self":[{"href":"https:\/\/roveyayinevi.com.tr\/index.php\/wp-json\/wp\/v2\/product\/737355","targetHints":{"allow":["GET"]}}],"collection":[{"href":"https:\/\/roveyayinevi.com.tr\/index.php\/wp-json\/wp\/v2\/product"}],"about":[{"href":"https:\/\/roveyayinevi.com.tr\/index.php\/wp-json\/wp\/v2\/types\/product"}],"wp:attachment":[{"href":"https:\/\/roveyayinevi.com.tr\/index.php\/wp-json\/wp\/v2\/media?parent=737355"}],"wp:term":[{"taxonomy":"product_brand","embeddable":true,"href":"https:\/\/roveyayinevi.com.tr\/index.php\/wp-json\/wp\/v2\/product_brand?post=737355"},{"taxonomy":"product_cat","embeddable":true,"href":"https:\/\/roveyayinevi.com.tr\/index.php\/wp-json\/wp\/v2\/product_cat?post=737355"},{"taxonomy":"product_tag","embeddable":true,"href":"https:\/\/roveyayinevi.com.tr\/index.php\/wp-json\/wp\/v2\/product_tag?post=737355"}],"curies":[{"name":"wp","href":"https:\/\/api.w.org\/{rel}","templated":true}]}}