{"id":737353,"date":"2025-08-27T23:26:38","date_gmt":"2025-08-27T20:26:38","guid":{"rendered":"https:\/\/roveyayinevi.com.tr\/index.php\/urun\/denetim-anilari\/"},"modified":"2026-03-03T03:07:04","modified_gmt":"2026-03-03T00:07:04","slug":"denetim-anilari","status":"publish","type":"product","link":"https:\/\/roveyayinevi.com.tr\/index.php\/urun\/denetim-anilari\/","title":{"rendered":"Denetim An\u0131lar\u0131"},"content":{"rendered":"<p>Bu kitapta a\u011f\u0131rl\u0131kl\u0131 olarak yurt \u00e7ap\u0131nda kamu harcamalar\u0131n\u0131n denetimini yapan Maliye Bakanl\u0131\u011f\u0131 Muhasebat Kontrol\u00f6rlerinin denetim an\u0131lar\u0131 yer al\u0131yor. Ayr\u0131ca Maliye Bakanl\u0131\u011f\u0131nda Muhasebat Kontrol\u00f6rlerinin d\u0131\u015f\u0131ndaki denetim kurumlar\u0131n\u0131n her birinden birer \u00f6rnek ile Maliye Bakanl\u0131\u011f\u0131 d\u0131\u015f\u0131ndan da bir \u00f6rne\u011fe yer verilmi\u015ftir. \u00c7o\u011funlu\u011fu s\u0131ra d\u0131\u015f\u0131 an\u0131lar\u0131n tamam\u0131 ya\u015fanm\u0131\u015f ger\u00e7ek hayat hikayeleri olup bu hikayelerde \u00f6ncelikle ba\u015fta Muhasebat Kontrol\u00f6rleri olmak \u00fczere kamu denetim elemanlar\u0131n\u0131n erdemli hayatlar\u0131yla tan\u0131\u015facaks\u0131n\u0131z. Bunun yan\u0131 s\u0131ra baz\u0131 hikayelerde temiz Anadolu insan\u0131n\u0131n faziletleri ile gururlan\u0131rken, baz\u0131 hikayelerde kimi kusurlar\u0131m\u0131zla y\u00fczle\u015fmenin buruklu\u011funu ya\u015fayacaks\u0131n\u0131z. Yeni nesiller i\u00e7in iyiliklerimizin \u00f6rnek ve kusurlar\u0131m\u0131z\u0131n ibret olmas\u0131 umudu, \u00fclkemizin ve milletimizin g\u00fczel g\u00fcnlerinde okunmas\u0131 dileklerimle&#8230;<\/p>\n","protected":false},"excerpt":{"rendered":"<p>Bu kitapta a\u011f\u0131rl\u0131kl\u0131 olarak yurt \u00e7ap\u0131nda kamu harcamalar\u0131n\u0131n denetimini yapan Maliye Bakanl\u0131\u011f\u0131 Muhasebat Kontrol\u00f6rlerinin denetim an\u0131lar\u0131 yer al\u0131yor. Ayr\u0131ca Maliye Bakanl\u0131\u011f\u0131nda Muhasebat Kontrol\u00f6rlerinin d\u0131\u015f\u0131ndaki denetim kurumlar\u0131n\u0131n<span class=\"excerpt-hellip\"> [\u2026]<\/span><\/p>\n","protected":false},"featured_media":0,"template":"","meta":{"_monsterinsights_skip_tracking":false,"_monsterinsights_sitenote_active":false,"_monsterinsights_sitenote_note":"","_monsterinsights_sitenote_category":0},"product_brand":[],"product_cat":[13701,12291],"product_tag":[],"class_list":{"0":"post-737353","1":"product","2":"type-product","3":"status-publish","5":"product_cat-ani-mektup-gunluk","6":"product_cat-edebiyat","7":"pa_cilt-ciltsiz","8":"pa_tur-kitap","9":"pa_yayinevi-atayurt-yayinlari","10":"pa_yazar-feyzullah-budak","12":"first","13":"instock","14":"sale","15":"shipping-taxable","16":"purchasable","17":"product-type-simple"},"_links":{"self":[{"href":"https:\/\/roveyayinevi.com.tr\/index.php\/wp-json\/wp\/v2\/product\/737353","targetHints":{"allow":["GET"]}}],"collection":[{"href":"https:\/\/roveyayinevi.com.tr\/index.php\/wp-json\/wp\/v2\/product"}],"about":[{"href":"https:\/\/roveyayinevi.com.tr\/index.php\/wp-json\/wp\/v2\/types\/product"}],"wp:attachment":[{"href":"https:\/\/roveyayinevi.com.tr\/index.php\/wp-json\/wp\/v2\/media?parent=737353"}],"wp:term":[{"taxonomy":"product_brand","embeddable":true,"href":"https:\/\/roveyayinevi.com.tr\/index.php\/wp-json\/wp\/v2\/product_brand?post=737353"},{"taxonomy":"product_cat","embeddable":true,"href":"https:\/\/roveyayinevi.com.tr\/index.php\/wp-json\/wp\/v2\/product_cat?post=737353"},{"taxonomy":"product_tag","embeddable":true,"href":"https:\/\/roveyayinevi.com.tr\/index.php\/wp-json\/wp\/v2\/product_tag?post=737353"}],"curies":[{"name":"wp","href":"https:\/\/api.w.org\/{rel}","templated":true}]}}