{"id":737352,"date":"2025-08-27T23:26:37","date_gmt":"2025-08-27T20:26:37","guid":{"rendered":"https:\/\/roveyayinevi.com.tr\/index.php\/urun\/llama-llama-ve-arkadaslari\/"},"modified":"2026-04-16T02:46:47","modified_gmt":"2026-04-15T23:46:47","slug":"llama-llama-ve-arkadaslari","status":"publish","type":"product","link":"https:\/\/roveyayinevi.com.tr\/index.php\/urun\/llama-llama-ve-arkadaslari\/","title":{"rendered":"Llama Llama ve Arkada\u015flar\u0131"},"content":{"rendered":"<p>G\u00fcne\u015f parl\u0131yor ve Llama Llama y\u00fcz\u00fcnde kocaman bir g\u00fcl\u00fcmsemeyle kalk\u0131yor yatag\u0131ndan. Bug\u00fcn \u00e7ok \u00f6nemli i\u015fleri var. Annesi upuzun al\u0131\u015fveri\u015f listesini Llama\u2019ya veriyor ve Llama \u00e7ar\u015f\u0131n\u0131n yolunu tutuyor. Ama bir bak\u0131yor ki t\u00fcm arkada\u015flar\u0131 kasabaya inmi\u015f ve onunla oynamak istiyor. Sizce Llama arkada\u015flar\u0131yla m\u0131 vakit ge\u00e7irmeli yoksa annesine yard\u0131m m\u0131 etmeli?   Bu kitapta neler var? Aile ve Sevgi Evdeki Sorumluluklar\u0131m\u0131z G\u00fcnl\u00fck Yasam Rutinleri Arkadasl\u0131k ve Dayan\u0131sma <\/p>\n","protected":false},"excerpt":{"rendered":"<p>G\u00fcne\u015f parl\u0131yor ve Llama Llama y\u00fcz\u00fcnde kocaman bir g\u00fcl\u00fcmsemeyle kalk\u0131yor yatag\u0131ndan. Bug\u00fcn \u00e7ok \u00f6nemli i\u015fleri var. Annesi upuzun al\u0131\u015fveri\u015f listesini Llama\u2019ya veriyor ve Llama \u00e7ar\u015f\u0131n\u0131n yolunu<span class=\"excerpt-hellip\"> [\u2026]<\/span><\/p>\n","protected":false},"featured_media":0,"template":"","meta":{"_monsterinsights_skip_tracking":false,"_monsterinsights_sitenote_active":false,"_monsterinsights_sitenote_note":"","_monsterinsights_sitenote_category":0},"product_brand":[],"product_cat":[12274,12518],"product_tag":[],"class_list":{"0":"post-737352","1":"product","2":"type-product","3":"status-publish","5":"product_cat-cocuk-ve-genclik-kitaplari","6":"product_cat-okul-oncesi-kitaplar","7":"pa_cilt-ciltsiz","8":"pa_tur-kitap","9":"pa_yayinevi-mundi","10":"pa_yazar-anna-dewdney","12":"first","13":"instock","14":"sale","15":"shipping-taxable","16":"purchasable","17":"product-type-simple"},"_links":{"self":[{"href":"https:\/\/roveyayinevi.com.tr\/index.php\/wp-json\/wp\/v2\/product\/737352","targetHints":{"allow":["GET"]}}],"collection":[{"href":"https:\/\/roveyayinevi.com.tr\/index.php\/wp-json\/wp\/v2\/product"}],"about":[{"href":"https:\/\/roveyayinevi.com.tr\/index.php\/wp-json\/wp\/v2\/types\/product"}],"wp:attachment":[{"href":"https:\/\/roveyayinevi.com.tr\/index.php\/wp-json\/wp\/v2\/media?parent=737352"}],"wp:term":[{"taxonomy":"product_brand","embeddable":true,"href":"https:\/\/roveyayinevi.com.tr\/index.php\/wp-json\/wp\/v2\/product_brand?post=737352"},{"taxonomy":"product_cat","embeddable":true,"href":"https:\/\/roveyayinevi.com.tr\/index.php\/wp-json\/wp\/v2\/product_cat?post=737352"},{"taxonomy":"product_tag","embeddable":true,"href":"https:\/\/roveyayinevi.com.tr\/index.php\/wp-json\/wp\/v2\/product_tag?post=737352"}],"curies":[{"name":"wp","href":"https:\/\/api.w.org\/{rel}","templated":true}]}}