{"id":737347,"date":"2025-08-27T23:26:31","date_gmt":"2025-08-27T20:26:31","guid":{"rendered":"https:\/\/roveyayinevi.com.tr\/index.php\/urun\/isanin-okul-gunleri\/"},"modified":"2026-04-16T02:46:47","modified_gmt":"2026-04-15T23:46:47","slug":"isanin-okul-gunleri","status":"publish","type":"product","link":"https:\/\/roveyayinevi.com.tr\/index.php\/urun\/isanin-okul-gunleri\/","title":{"rendered":"\u0130sa&#8217;n\u0131n Okul G\u00fcnleri"},"content":{"rendered":"<p>David devaml\u0131 soru soran bir \u00e7ocuktur. Sim\u00f3n ve In\u00e9s ise onu okula g\u00f6ndermez, Estrella\u2019daki yeni evlerinde yeti\u015ftirirler. David oran\u0131n dilini \u00f6\u011frenir, arkada\u015f edinmeye ba\u015flar. Onu koruyan b\u00fcy\u00fck k\u00f6pekleri Bol\u00edvar da yan\u0131ndad\u0131r.   Fakat David yedi ya\u015f\u0131na geldi\u011finde okula yaz\u0131lmas\u0131 gerekir. B\u00f6ylece Dans Akademisi\u2019ne kaydolur. \u0130\u015fte tam da burada, alt\u0131n dans ayakkab\u0131lar\u0131n\u0131n i\u00e7inde g\u00f6kten say\u0131lar\u0131 nas\u0131l indirece\u011fini \u00f6\u011frenir. Yeti\u015fkinlerin ne kadar korkun\u00e7 \u015feylere muktedir oldu\u011funu da yine burada \u00f6\u011frenecektir.   \u00c7a\u011f\u0131m\u0131z\u0131n en b\u00fcy\u00fck yazarlar\u0131ndan J.M. Coetzee, \u0130sa \u00dc\u00e7lemesi\u2019nin ikinci kitab\u0131 olan bu b\u00fcy\u00fcleyici alegorik roman\u0131nda b\u00fcy\u00fcmek, ebeveyn olmak, zek\u00e2 ile duygu aras\u0131ndaki daimi ikilemler gibi hayati konular\u0131 irdeliyor.     \u201c\u0130sa\u2019n\u0131n Okul G\u00fcnleri, canl\u0131 felsefi konu\u015fmalar, mizah dolu baba-o\u011ful diyaloglar\u0131, duygusal aile romans\u0131 ve son olarak da tekinsiz alegorik imalar\u0131n da dahil edildi\u011fi bir \u00e7e\u015fit t\u00fcrler ala\u015f\u0131m\u0131. Sonu\u00e7 zengin, yo\u011fun, yer yer de e\u011flenceli, ama hepsinden \u00f6te i\u00e7sel bir gerilimle y\u00fckl\u00fc.\u201d The New York Times Book Review #ilkgen\u00e7lik #aile #ger\u00e7ekler  #y\u00fczle\u015fme #dans #sanat #adalet #babao\u011fulili\u015fkisi #a\u015fk<\/p>\n","protected":false},"excerpt":{"rendered":"<p>David devaml\u0131 soru soran bir \u00e7ocuktur. Sim\u00f3n ve In\u00e9s ise onu okula g\u00f6ndermez, Estrella\u2019daki yeni evlerinde yeti\u015ftirirler. David oran\u0131n dilini \u00f6\u011frenir, arkada\u015f edinmeye ba\u015flar. Onu koruyan<span class=\"excerpt-hellip\"> [\u2026]<\/span><\/p>\n","protected":false},"featured_media":0,"template":"","meta":{"_monsterinsights_skip_tracking":false,"_monsterinsights_sitenote_active":false,"_monsterinsights_sitenote_note":"","_monsterinsights_sitenote_category":0},"product_brand":[],"product_cat":[12291,12711],"product_tag":[],"class_list":{"0":"post-737347","1":"product","2":"type-product","3":"status-publish","5":"product_cat-edebiyat","6":"product_cat-roman-oyku","7":"pa_cilt-ciltsiz","8":"pa_tur-kitap","9":"pa_yayinevi-can-yayinlari","10":"pa_yazar-j-m-coetzee","12":"first","13":"instock","14":"sale","15":"shipping-taxable","16":"purchasable","17":"product-type-simple"},"_links":{"self":[{"href":"https:\/\/roveyayinevi.com.tr\/index.php\/wp-json\/wp\/v2\/product\/737347","targetHints":{"allow":["GET"]}}],"collection":[{"href":"https:\/\/roveyayinevi.com.tr\/index.php\/wp-json\/wp\/v2\/product"}],"about":[{"href":"https:\/\/roveyayinevi.com.tr\/index.php\/wp-json\/wp\/v2\/types\/product"}],"wp:attachment":[{"href":"https:\/\/roveyayinevi.com.tr\/index.php\/wp-json\/wp\/v2\/media?parent=737347"}],"wp:term":[{"taxonomy":"product_brand","embeddable":true,"href":"https:\/\/roveyayinevi.com.tr\/index.php\/wp-json\/wp\/v2\/product_brand?post=737347"},{"taxonomy":"product_cat","embeddable":true,"href":"https:\/\/roveyayinevi.com.tr\/index.php\/wp-json\/wp\/v2\/product_cat?post=737347"},{"taxonomy":"product_tag","embeddable":true,"href":"https:\/\/roveyayinevi.com.tr\/index.php\/wp-json\/wp\/v2\/product_tag?post=737347"}],"curies":[{"name":"wp","href":"https:\/\/api.w.org\/{rel}","templated":true}]}}