{"id":737346,"date":"2025-08-27T23:26:29","date_gmt":"2025-08-27T20:26:29","guid":{"rendered":"https:\/\/roveyayinevi.com.tr\/index.php\/urun\/kopek-2\/"},"modified":"2026-04-06T03:01:05","modified_gmt":"2026-04-06T00:01:05","slug":"kopek-2","status":"publish","type":"product","link":"https:\/\/roveyayinevi.com.tr\/index.php\/urun\/kopek-2\/","title":{"rendered":"K\u00f6pek"},"content":{"rendered":"<p>Kolombiya\u2019n\u0131n g\u00fcnl\u00fck hayat\u0131n \u00e7etin do\u011fa \u015fartlar\u0131yla m\u00fccadele anlam\u0131na geldi\u011fi, hemen her \u015feyin \u015fansa kald\u0131\u011f\u0131 Pasifik k\u0131y\u0131s\u0131. Kocas\u0131yla birlikte denize bakan derme \u00e7atma bir kul\u00fcbede ya\u015fayan orta ya\u015f\u0131ndaki Damaris, anne olma arzusu i\u00e7indedir. Bir g\u00fcn b\u00fcy\u00fck bir hevesle yavru bir k\u00f6pek edinir. Ancak bu sahiplenme \u015fefkatten \u00e7ok daha farkl\u0131 duygular\u0131 beraberinde getirir.   Her bir k\u00f6\u015feden ger\u00e7ek ya da duygusal f\u0131rt\u0131nalar\u0131n patlak vermesine kar\u015f\u0131n tutumlu ve \u00f6zl\u00fc bir dille yaz\u0131lm\u0131\u015f K\u00f6pek yay\u0131mland\u0131\u011f\u0131nda bir\u00e7ok dile \u00e7evrildi ve \u0130ngiliz Pen \u00d6d\u00fcl\u00fc\u2019n\u00fc kazan\u0131p Amerikan Ulusal Kitap \u00d6d\u00fcl\u00fc k\u0131sa listesinde yer ald\u0131. Pilar Quintana annelik, sevgi ve \u015fiddete dair bu dokunakl\u0131 soru\u015fturmada, g\u00fczellik ile deh\u015fet hissini yan yana getiriyor.     \u201c\u0130nsan\u0131n i\u00e7ine i\u015fleyen \u015fehvet dolu bir roman. Kolombiya\u2019dan \u00e7arp\u0131c\u0131 do\u011fa manzaralar\u0131 e\u015fli\u011finde annelik arzusu \u00fczerine a\u011f\u0131r bir soru\u015fturma.\u201d Le\u00efla Slimani     \u201cBu kitap insan\u0131 de\u011fi\u015ftiriyor. Annelik g\u00fcd\u00fcs\u00fcne ve muhte\u015fem oldu\u011fu kadar ac\u0131mas\u0131z o vah\u015fi Kolombiya sahilleriyle do\u011fadaki uzla\u015fmazl\u0131\u011fa derinlemesine bakm\u0131\u015f. Ve unutulmaz bir roman \u00e7\u0131km\u0131\u015f ortaya.\u201d Mariana Enr\u00edquez     \u201cBu roman\u0131n b\u00fcy\u00fcs\u00fc, her biri \u00f6nemli farkl\u0131 okumalara a\u00e7\u0131k olmas\u0131nda yat\u0131yor ve bamba\u015fka bir konudan bahseder gibi yap\u0131yor bunu. Asl\u0131nda ne mi anlat\u0131yor? \u015eiddet, yaln\u0131zl\u0131k, diren\u00e7 ve gaddarl\u0131k&#8230;\u201d Juan Gabriel V\u00e1squez   #annelik #aile #\u015fiddet #kolombiya #vah\u015fido\u011fa #k\u00f6pek #\u00e7ocuk #hayvansevgisi<\/p>\n","protected":false},"excerpt":{"rendered":"<p>Kolombiya\u2019n\u0131n g\u00fcnl\u00fck hayat\u0131n \u00e7etin do\u011fa \u015fartlar\u0131yla m\u00fccadele anlam\u0131na geldi\u011fi, hemen her \u015feyin \u015fansa kald\u0131\u011f\u0131 Pasifik k\u0131y\u0131s\u0131. Kocas\u0131yla birlikte denize bakan derme \u00e7atma bir kul\u00fcbede ya\u015fayan orta<span class=\"excerpt-hellip\"> [\u2026]<\/span><\/p>\n","protected":false},"featured_media":0,"template":"","meta":{"_monsterinsights_skip_tracking":false,"_monsterinsights_sitenote_active":false,"_monsterinsights_sitenote_note":"","_monsterinsights_sitenote_category":0},"product_brand":[],"product_cat":[12291,12711],"product_tag":[],"class_list":{"0":"post-737346","1":"product","2":"type-product","3":"status-publish","5":"product_cat-edebiyat","6":"product_cat-roman-oyku","7":"pa_cilt-ciltsiz","8":"pa_tur-kitap","9":"pa_yayinevi-can-yayinlari","10":"pa_yazar-pilar-quintana","12":"first","13":"instock","14":"sale","15":"shipping-taxable","16":"purchasable","17":"product-type-simple"},"_links":{"self":[{"href":"https:\/\/roveyayinevi.com.tr\/index.php\/wp-json\/wp\/v2\/product\/737346","targetHints":{"allow":["GET"]}}],"collection":[{"href":"https:\/\/roveyayinevi.com.tr\/index.php\/wp-json\/wp\/v2\/product"}],"about":[{"href":"https:\/\/roveyayinevi.com.tr\/index.php\/wp-json\/wp\/v2\/types\/product"}],"wp:attachment":[{"href":"https:\/\/roveyayinevi.com.tr\/index.php\/wp-json\/wp\/v2\/media?parent=737346"}],"wp:term":[{"taxonomy":"product_brand","embeddable":true,"href":"https:\/\/roveyayinevi.com.tr\/index.php\/wp-json\/wp\/v2\/product_brand?post=737346"},{"taxonomy":"product_cat","embeddable":true,"href":"https:\/\/roveyayinevi.com.tr\/index.php\/wp-json\/wp\/v2\/product_cat?post=737346"},{"taxonomy":"product_tag","embeddable":true,"href":"https:\/\/roveyayinevi.com.tr\/index.php\/wp-json\/wp\/v2\/product_tag?post=737346"}],"curies":[{"name":"wp","href":"https:\/\/api.w.org\/{rel}","templated":true}]}}