{"id":737345,"date":"2025-08-27T23:26:28","date_gmt":"2025-08-27T20:26:28","guid":{"rendered":"https:\/\/roveyayinevi.com.tr\/index.php\/urun\/marsik-ve-ben\/"},"modified":"2026-04-16T02:46:47","modified_gmt":"2026-04-15T23:46:47","slug":"marsik-ve-ben","status":"publish","type":"product","link":"https:\/\/roveyayinevi.com.tr\/index.php\/urun\/marsik-ve-ben\/","title":{"rendered":"Mars\u0131k ve Ben"},"content":{"rendered":"<p>Joey\u2019nin evinin yak\u0131nlar\u0131nda bir tepe vard\u0131r. Kimsenin gitmedi\u011fi, bak\u0131ms\u0131z, \u00fczeri toprakla kapl\u0131, eski bir \u00e7\u00f6pl\u00fckten ibarettir buras\u0131. Yine de Joey buray\u0131 sever, buras\u0131 onun tepesidir. D\u00fc\u015f\u00fcnmek ve hayal kurmak i\u00e7in gitti\u011fi yerdir. Bir konuda herkesten iyi olmak, gelecekte \u00fcnl\u00fc bir astronot ya da da\u011fc\u0131 olmak i\u00e7in can atar Joey.   Bir g\u00fcn, tepede bir a\u011fa\u00e7 ev ke\u015ffetti\u011finde, birinin onun \u00f6zel yerini i\u015fgal etmi\u015f olmas\u0131na \u00e7ok \u00f6fkelenir. Gelgelelim bu davetsiz misafirin kim olabilece\u011fini de merak eder. Ama onunla temas kurmak kolay olmayacakt\u0131r. A\u011fa\u00e7 evdeki k\u0131z vah\u015fi, s\u0131rlarla dolu biridir ve Joey\u2019ye hi\u00e7 dostane davranmaz. Joey onunla ge\u00e7inmenin bir yolunu bulmal\u0131d\u0131r. Bu yolu ararken kendisiyle ilgili de yeni ke\u015fiflerde bulunacakt\u0131r. Mars\u0131k ve Ben dostluk, g\u00fcven, kendimize inanmay\u0131 \u00f6\u011frenmek ve bizi \u00f6zel k\u0131lan \u015feyin ne oldu\u011funu ke\u015ffetmek \u00fczerine unutulmaz bir hik\u00e2ye.<\/p>\n","protected":false},"excerpt":{"rendered":"<p>Joey\u2019nin evinin yak\u0131nlar\u0131nda bir tepe vard\u0131r. Kimsenin gitmedi\u011fi, bak\u0131ms\u0131z, \u00fczeri toprakla kapl\u0131, eski bir \u00e7\u00f6pl\u00fckten ibarettir buras\u0131. Yine de Joey buray\u0131 sever, buras\u0131 onun tepesidir. D\u00fc\u015f\u00fcnmek<span class=\"excerpt-hellip\"> [\u2026]<\/span><\/p>\n","protected":false},"featured_media":0,"template":"","meta":{"_monsterinsights_skip_tracking":false,"_monsterinsights_sitenote_active":false,"_monsterinsights_sitenote_note":"","_monsterinsights_sitenote_category":0},"product_brand":[],"product_cat":[12275,12274],"product_tag":[],"class_list":{"0":"post-737345","1":"product","2":"type-product","3":"status-publish","5":"product_cat-6-12-yas-kitaplari","6":"product_cat-cocuk-ve-genclik-kitaplari","7":"pa_cilt-ciltsiz","8":"pa_tur-kitap","9":"pa_yayinevi-can-cocuk-yayinlari","10":"pa_yazar-martine-murray","12":"first","13":"instock","14":"sale","15":"shipping-taxable","16":"purchasable","17":"product-type-simple"},"_links":{"self":[{"href":"https:\/\/roveyayinevi.com.tr\/index.php\/wp-json\/wp\/v2\/product\/737345","targetHints":{"allow":["GET"]}}],"collection":[{"href":"https:\/\/roveyayinevi.com.tr\/index.php\/wp-json\/wp\/v2\/product"}],"about":[{"href":"https:\/\/roveyayinevi.com.tr\/index.php\/wp-json\/wp\/v2\/types\/product"}],"wp:attachment":[{"href":"https:\/\/roveyayinevi.com.tr\/index.php\/wp-json\/wp\/v2\/media?parent=737345"}],"wp:term":[{"taxonomy":"product_brand","embeddable":true,"href":"https:\/\/roveyayinevi.com.tr\/index.php\/wp-json\/wp\/v2\/product_brand?post=737345"},{"taxonomy":"product_cat","embeddable":true,"href":"https:\/\/roveyayinevi.com.tr\/index.php\/wp-json\/wp\/v2\/product_cat?post=737345"},{"taxonomy":"product_tag","embeddable":true,"href":"https:\/\/roveyayinevi.com.tr\/index.php\/wp-json\/wp\/v2\/product_tag?post=737345"}],"curies":[{"name":"wp","href":"https:\/\/api.w.org\/{rel}","templated":true}]}}