{"id":737343,"date":"2025-08-27T23:26:26","date_gmt":"2025-08-27T20:26:26","guid":{"rendered":"https:\/\/roveyayinevi.com.tr\/index.php\/urun\/yeni-baslayanlar-icin-shakespeare\/"},"modified":"2026-04-16T02:46:47","modified_gmt":"2026-04-15T23:46:47","slug":"yeni-baslayanlar-icin-shakespeare","status":"publish","type":"product","link":"https:\/\/roveyayinevi.com.tr\/index.php\/urun\/yeni-baslayanlar-icin-shakespeare\/","title":{"rendered":"Yeni Ba\u015flayanlar \u0130\u00e7in Shakespeare"},"content":{"rendered":"<p>William Shakespeare, 350 y\u0131ldan fazlad\u0131r, d\u00fcnyan\u0131n en pop\u00fcler oyun yazar\u0131. Oyunlar\u0131 her yerde ilgiyle seyredilir ve b\u00fcy\u00fck bir zevkle tekrar tekrar okunur. Ama bir\u00e7o\u011fumuzun g\u00f6z\u00fcn\u00fc de korkutmu\u015ftur. Yeni Ba\u015flayanlar \u0130\u00e7in Shakespeare i\u015fte tam bu sebeple ortaya \u00e7\u0131kt\u0131. Onu hi\u00e7 okumad\u0131ysan\u0131z ya da deneyip anlamakta s\u0131k\u0131nt\u0131 \u00e7ektiyseniz bu kitap her \u015feyi anla\u015f\u0131l\u0131r ve e\u011flenceli hale getirecek.   Yeni Ba\u015flayanlar i\u00e7in Shakespeare, onun t\u00fcm oyunlar\u0131n\u0131 kapsayan tek \u201cgiri\u015f seviyesi\u201d kitab\u0131d\u0131r. \u0130\u00e7inde neler mi var? Her bir oyunun \u00f6zeti, anahtar temalar\u0131n listesi, metindeki ana d\u00fc\u015f\u00fcnceler ve kavramlar, \u00f6nemli pasajlardan al\u0131nt\u0131lar, baz\u0131 ele\u015ftiriler ve ilgin\u00e7 ayr\u0131nt\u0131lar\u2026   Haydi, Shakespeare\u2019e merhaba deyin! <\/p>\n","protected":false},"excerpt":{"rendered":"<p>William Shakespeare, 350 y\u0131ldan fazlad\u0131r, d\u00fcnyan\u0131n en pop\u00fcler oyun yazar\u0131. Oyunlar\u0131 her yerde ilgiyle seyredilir ve b\u00fcy\u00fck bir zevkle tekrar tekrar okunur. Ama bir\u00e7o\u011fumuzun g\u00f6z\u00fcn\u00fc de<span class=\"excerpt-hellip\"> [\u2026]<\/span><\/p>\n","protected":false},"featured_media":0,"template":"","meta":{"_monsterinsights_skip_tracking":false,"_monsterinsights_sitenote_active":false,"_monsterinsights_sitenote_note":"","_monsterinsights_sitenote_category":0},"product_brand":[],"product_cat":[13072,12291],"product_tag":[],"class_list":{"0":"post-737343","1":"product","2":"type-product","3":"status-publish","5":"product_cat-arastirma-inceleme-referans","6":"product_cat-edebiyat","7":"pa_cilt-ciltsiz","8":"pa_tur-kitap","9":"pa_yayinevi-tuti-kitap","10":"pa_yazar-brandon-toropov","12":"first","13":"instock","14":"sale","15":"shipping-taxable","16":"purchasable","17":"product-type-simple"},"_links":{"self":[{"href":"https:\/\/roveyayinevi.com.tr\/index.php\/wp-json\/wp\/v2\/product\/737343","targetHints":{"allow":["GET"]}}],"collection":[{"href":"https:\/\/roveyayinevi.com.tr\/index.php\/wp-json\/wp\/v2\/product"}],"about":[{"href":"https:\/\/roveyayinevi.com.tr\/index.php\/wp-json\/wp\/v2\/types\/product"}],"wp:attachment":[{"href":"https:\/\/roveyayinevi.com.tr\/index.php\/wp-json\/wp\/v2\/media?parent=737343"}],"wp:term":[{"taxonomy":"product_brand","embeddable":true,"href":"https:\/\/roveyayinevi.com.tr\/index.php\/wp-json\/wp\/v2\/product_brand?post=737343"},{"taxonomy":"product_cat","embeddable":true,"href":"https:\/\/roveyayinevi.com.tr\/index.php\/wp-json\/wp\/v2\/product_cat?post=737343"},{"taxonomy":"product_tag","embeddable":true,"href":"https:\/\/roveyayinevi.com.tr\/index.php\/wp-json\/wp\/v2\/product_tag?post=737343"}],"curies":[{"name":"wp","href":"https:\/\/api.w.org\/{rel}","templated":true}]}}