{"id":737342,"date":"2025-08-27T23:26:25","date_gmt":"2025-08-27T20:26:25","guid":{"rendered":"https:\/\/roveyayinevi.com.tr\/index.php\/urun\/kafacanlar-ben-de-oynayabilir-miyim\/"},"modified":"2026-04-16T02:46:47","modified_gmt":"2026-04-15T23:46:47","slug":"kafacanlar-ben-de-oynayabilir-miyim","status":"publish","type":"product","link":"https:\/\/roveyayinevi.com.tr\/index.php\/urun\/kafacanlar-ben-de-oynayabilir-miyim\/","title":{"rendered":"Kafacanlar &#8211; Ben De Oynayabilir Miyim?"},"content":{"rendered":"<p>\u0130\u015fte kar\u015f\u0131n\u0131zda KAFACANLAR!   Kalabal\u0131k bir mahallede, t\u00fcrl\u00fc maceralar ya\u015f\u0131yorlar. Bazen konu\u015fup bazen dinliyor, bazen d\u00fc\u015f\u00fcn\u00fcp bazen ka\u015f\u0131n\u0131yorlar; sonu\u00e7ta hep e\u011fleniyorlar. Birbirlerinden \u00e7ok farkl\u0131 olsalar da uzla\u015fman\u0131n bir yolunu mutlaka buluyorlar. Bu kitapta Efecan, futbol oynamak istiyor. Ama tak\u0131ma girmek isteyen herkese bir bahane buluyor. Neyse ki mahallenin k\u00f6pe\u011fi Fincan sahaya \u00e7\u0131k\u0131nca, sorun \u015f\u0131p diye \u00e7\u00f6z\u00fcl\u00fcyor. <\/p>\n","protected":false},"excerpt":{"rendered":"<p>\u0130\u015fte kar\u015f\u0131n\u0131zda KAFACANLAR! Kalabal\u0131k bir mahallede, t\u00fcrl\u00fc maceralar ya\u015f\u0131yorlar. Bazen konu\u015fup bazen dinliyor, bazen d\u00fc\u015f\u00fcn\u00fcp bazen ka\u015f\u0131n\u0131yorlar; sonu\u00e7ta hep e\u011fleniyorlar. Birbirlerinden \u00e7ok farkl\u0131 olsalar da uzla\u015fman\u0131n<span class=\"excerpt-hellip\"> [\u2026]<\/span><\/p>\n","protected":false},"featured_media":0,"template":"","meta":{"_monsterinsights_skip_tracking":false,"_monsterinsights_sitenote_active":false,"_monsterinsights_sitenote_note":"","_monsterinsights_sitenote_category":0},"product_brand":[],"product_cat":[12291,12711],"product_tag":[],"class_list":{"0":"post-737342","1":"product","2":"type-product","3":"status-publish","5":"product_cat-edebiyat","6":"product_cat-roman-oyku","7":"pa_cilt-ciltsiz","8":"pa_tur-kitap","9":"pa_yayinevi-dogan-cocuk","10":"pa_yazar-tulin-kozikoglu","12":"first","13":"instock","14":"sale","15":"shipping-taxable","16":"purchasable","17":"product-type-simple"},"_links":{"self":[{"href":"https:\/\/roveyayinevi.com.tr\/index.php\/wp-json\/wp\/v2\/product\/737342","targetHints":{"allow":["GET"]}}],"collection":[{"href":"https:\/\/roveyayinevi.com.tr\/index.php\/wp-json\/wp\/v2\/product"}],"about":[{"href":"https:\/\/roveyayinevi.com.tr\/index.php\/wp-json\/wp\/v2\/types\/product"}],"wp:attachment":[{"href":"https:\/\/roveyayinevi.com.tr\/index.php\/wp-json\/wp\/v2\/media?parent=737342"}],"wp:term":[{"taxonomy":"product_brand","embeddable":true,"href":"https:\/\/roveyayinevi.com.tr\/index.php\/wp-json\/wp\/v2\/product_brand?post=737342"},{"taxonomy":"product_cat","embeddable":true,"href":"https:\/\/roveyayinevi.com.tr\/index.php\/wp-json\/wp\/v2\/product_cat?post=737342"},{"taxonomy":"product_tag","embeddable":true,"href":"https:\/\/roveyayinevi.com.tr\/index.php\/wp-json\/wp\/v2\/product_tag?post=737342"}],"curies":[{"name":"wp","href":"https:\/\/api.w.org\/{rel}","templated":true}]}}