{"id":737339,"date":"2025-08-27T23:26:21","date_gmt":"2025-08-27T20:26:21","guid":{"rendered":"https:\/\/roveyayinevi.com.tr\/index.php\/urun\/anti-kapitalist-gunlukler\/"},"modified":"2026-04-16T02:46:46","modified_gmt":"2026-04-15T23:46:46","slug":"anti-kapitalist-gunlukler","status":"publish","type":"product","link":"https:\/\/roveyayinevi.com.tr\/index.php\/urun\/anti-kapitalist-gunlukler\/","title":{"rendered":"Anti-Kapitalist G\u00fcnl\u00fckler"},"content":{"rendered":"<p>Bug\u00fcn, evet, t\u00fcm d\u00fcnyada neoliberal devletin ve onun ideolojik dayanaklar\u0131n\u0131n me\u015fruiyeti iyiden iyiye sorgulan\u0131yor. Ancak bu, neoliberalizmin sonunun geldi\u011fi anlam\u0131na da gelmiyor. Tam tersine, bu siyasal proje, kendi i\u00e7 dinamikleri i\u00e7inde pek \u00e7ok \u00fclkede y\u00fckselen yeni fa\u015fizm dalgas\u0131n\u0131n deste\u011fiyle h\u00e2l\u00e2 canl\u0131 ve zinde. Asl\u0131na bak\u0131l\u0131rsa bu ittifak hi\u00e7 \u015fa\u015f\u0131rt\u0131c\u0131 de\u011fil, zira sermaye s\u0131n\u0131f\u0131n\u0131n yine bir ekonomik \u00e7\u00f6k\u00fc\u015f ve beraberinde geli\u015fen toplumsal \u00e7alkant\u0131lar ile giderek radikalle\u015fen muhalefet kar\u015f\u0131s\u0131nda varl\u0131\u011f\u0131n\u0131n tehdit alt\u0131na girdi\u011fini hissetmesiyle sar\u0131ld\u0131\u011f\u0131, ge\u00e7mi\u015fi olduk\u00e7a kanl\u0131 bir &#8220;\u00e7\u00f6z\u00fcm&#8221; neoliberalizm.Bug\u00fcn neoliberalizmin \u015fafa\u011f\u0131ndakine benzer bir k\u00fcresel krizin ortas\u0131nday\u0131z. Karantina g\u00fcnlerinde de s\u00fcrd\u00fcrd\u00fc\u011f\u00fc podcast ve \u00e7evrimi\u00e7i video dizisindeki derslerinden olu\u015fan Anti-Kapitalist G\u00fcnl\u00fckler&#8217;de David Harvey, d\u00fcnyan\u0131n d\u00f6rt bir yan\u0131nda neoliberallerin neo-fa\u015fistlerle kurdu\u011fu ittifaktan \u00f6rnekler vererek g\u00fcn\u00fcm\u00fcz s\u0131n\u0131f m\u00fccadelesinin g\u00fcncel meselelerine parmak bas\u0131yor ve yabanc\u0131la\u015fma, \u00f6zg\u00fcrl\u00fck ve sermaye birikimi gibi temel ba\u015fl\u0131klar \u00fczerinden Marx&#8217;\u0131n Kapital&#8217;ini yeniden okuyarak ufuk a\u00e7\u0131c\u0131 bir k\u0131lavuz sunuyor&#8230;<\/p>\n","protected":false},"excerpt":{"rendered":"<p>Bug\u00fcn, evet, t\u00fcm d\u00fcnyada neoliberal devletin ve onun ideolojik dayanaklar\u0131n\u0131n me\u015fruiyeti iyiden iyiye sorgulan\u0131yor. Ancak bu, neoliberalizmin sonunun geldi\u011fi anlam\u0131na da gelmiyor. Tam tersine, bu siyasal<span class=\"excerpt-hellip\"> [\u2026]<\/span><\/p>\n","protected":false},"featured_media":0,"template":"","meta":{"_monsterinsights_skip_tracking":false,"_monsterinsights_sitenote_active":false,"_monsterinsights_sitenote_note":"","_monsterinsights_sitenote_category":0},"product_brand":[],"product_cat":[13059,12337],"product_tag":[],"class_list":{"0":"post-737339","1":"product","2":"type-product","3":"status-publish","5":"product_cat-diger-politika-siyaset","6":"product_cat-politika-siyaset","7":"pa_cilt-ciltsiz","8":"pa_tur-kitap","9":"pa_yayinevi-sel-yayincilik","10":"pa_yazar-david-harvey","12":"first","13":"instock","14":"sale","15":"shipping-taxable","16":"purchasable","17":"product-type-simple"},"_links":{"self":[{"href":"https:\/\/roveyayinevi.com.tr\/index.php\/wp-json\/wp\/v2\/product\/737339","targetHints":{"allow":["GET"]}}],"collection":[{"href":"https:\/\/roveyayinevi.com.tr\/index.php\/wp-json\/wp\/v2\/product"}],"about":[{"href":"https:\/\/roveyayinevi.com.tr\/index.php\/wp-json\/wp\/v2\/types\/product"}],"wp:attachment":[{"href":"https:\/\/roveyayinevi.com.tr\/index.php\/wp-json\/wp\/v2\/media?parent=737339"}],"wp:term":[{"taxonomy":"product_brand","embeddable":true,"href":"https:\/\/roveyayinevi.com.tr\/index.php\/wp-json\/wp\/v2\/product_brand?post=737339"},{"taxonomy":"product_cat","embeddable":true,"href":"https:\/\/roveyayinevi.com.tr\/index.php\/wp-json\/wp\/v2\/product_cat?post=737339"},{"taxonomy":"product_tag","embeddable":true,"href":"https:\/\/roveyayinevi.com.tr\/index.php\/wp-json\/wp\/v2\/product_tag?post=737339"}],"curies":[{"name":"wp","href":"https:\/\/api.w.org\/{rel}","templated":true}]}}