{"id":737338,"date":"2025-08-27T23:26:20","date_gmt":"2025-08-27T20:26:20","guid":{"rendered":"https:\/\/roveyayinevi.com.tr\/index.php\/urun\/hayatta-kalma-alistirmalari\/"},"modified":"2026-04-16T02:46:46","modified_gmt":"2026-04-15T23:46:46","slug":"hayatta-kalma-alistirmalari","status":"publish","type":"product","link":"https:\/\/roveyayinevi.com.tr\/index.php\/urun\/hayatta-kalma-alistirmalari\/","title":{"rendered":"Hayatta Kalma Al\u0131\u015ft\u0131rmalar\u0131"},"content":{"rendered":"<p>Ge\u00e7mi\u015fin hayaletlerinden kurtulabilmek&#8230; Ya da bir g\u00fcn yeniden dirilmeleri umuduyla topra\u011f\u0131 kaz\u0131p en derine g\u00f6mebilmek onlar\u0131. Ya\u015fananlar\u0131, bir daha geriye bakmamak \u00fczere unutabilmek&#8230; Ta ki an\u0131lar belle\u011fi zorlayana, eller kaleme kendili\u011finden uzanana dek.Jorge Semprun, Buchenwald Toplama Kamp\u0131&#8217;n\u0131n bacalar\u0131ndan t\u00fcten yo\u011fun gri duman\u0131n g\u00f6lgesinde, yirmi ya\u015f\u0131ndaki g\u00f6z\u00fcpek militan Semprun&#8217;a bak\u0131yor. Zaman, mek\u00e2n ve ac\u0131n\u0131n b\u00fcr\u00fcnd\u00fc\u011f\u00fc farkl\u0131 \u015fekiller aras\u0131nda derin yar\u0131klar a\u00e7arak ilerliyor; orada bir yerlerde bedenle bilin\u00e7 aras\u0131ndaki ayr\u0131\u015fmay\u0131 zorunlu k\u0131lan bir ger\u00e7ekle y\u00fcz y\u00fcze geliyor: i\u015fkence. Utan\u00e7, gurur, kin ve \u00f6fkenin \u00f6tesini; i\u015fkenceciye suskunlukla direnme c\u00fcretini, karde\u015fli\u011fi, dayan\u0131\u015fman\u0131n sa\u011falt\u0131c\u0131l\u0131\u011f\u0131n\u0131 ve var olu\u015fun ta kendisini g\u00f6r\u00fcyor bu deneyimde.Hayatta Kalma Al\u0131\u015ft\u0131rmalar\u0131, R\u00e9gis Debray \u00f6ns\u00f6z\u00fcyle, \u00f6l\u00fcme ra\u011fmen a\u00e7\u0131k edilmemi\u015f s\u0131rlar ve dimdik, mutlak bir suskunlukla bi\u00e7areli\u011fi tersy\u00fcz edebilmenin ismiyle m\u00fcsemma anlat\u0131s\u0131&#8230;<\/p>\n","protected":false},"excerpt":{"rendered":"<p>Ge\u00e7mi\u015fin hayaletlerinden kurtulabilmek&#8230; Ya da bir g\u00fcn yeniden dirilmeleri umuduyla topra\u011f\u0131 kaz\u0131p en derine g\u00f6mebilmek onlar\u0131. Ya\u015fananlar\u0131, bir daha geriye bakmamak \u00fczere unutabilmek&#8230; Ta ki an\u0131lar<span class=\"excerpt-hellip\"> [\u2026]<\/span><\/p>\n","protected":false},"featured_media":0,"template":"","meta":{"_monsterinsights_skip_tracking":false,"_monsterinsights_sitenote_active":false,"_monsterinsights_sitenote_note":"","_monsterinsights_sitenote_category":0},"product_brand":[],"product_cat":[12291,12711],"product_tag":[],"class_list":{"0":"post-737338","1":"product","2":"type-product","3":"status-publish","5":"product_cat-edebiyat","6":"product_cat-roman-oyku","7":"pa_cilt-ciltsiz","8":"pa_tur-kitap","9":"pa_yayinevi-sel-yayincilik","10":"pa_yazar-jorge-semprun","12":"first","13":"instock","14":"sale","15":"shipping-taxable","16":"purchasable","17":"product-type-simple"},"_links":{"self":[{"href":"https:\/\/roveyayinevi.com.tr\/index.php\/wp-json\/wp\/v2\/product\/737338","targetHints":{"allow":["GET"]}}],"collection":[{"href":"https:\/\/roveyayinevi.com.tr\/index.php\/wp-json\/wp\/v2\/product"}],"about":[{"href":"https:\/\/roveyayinevi.com.tr\/index.php\/wp-json\/wp\/v2\/types\/product"}],"wp:attachment":[{"href":"https:\/\/roveyayinevi.com.tr\/index.php\/wp-json\/wp\/v2\/media?parent=737338"}],"wp:term":[{"taxonomy":"product_brand","embeddable":true,"href":"https:\/\/roveyayinevi.com.tr\/index.php\/wp-json\/wp\/v2\/product_brand?post=737338"},{"taxonomy":"product_cat","embeddable":true,"href":"https:\/\/roveyayinevi.com.tr\/index.php\/wp-json\/wp\/v2\/product_cat?post=737338"},{"taxonomy":"product_tag","embeddable":true,"href":"https:\/\/roveyayinevi.com.tr\/index.php\/wp-json\/wp\/v2\/product_tag?post=737338"}],"curies":[{"name":"wp","href":"https:\/\/api.w.org\/{rel}","templated":true}]}}