{"id":737336,"date":"2025-08-27T23:26:17","date_gmt":"2025-08-27T20:26:17","guid":{"rendered":"https:\/\/roveyayinevi.com.tr\/index.php\/urun\/lady-l\/"},"modified":"2026-04-16T02:46:46","modified_gmt":"2026-04-15T23:46:46","slug":"lady-l","status":"publish","type":"product","link":"https:\/\/roveyayinevi.com.tr\/index.php\/urun\/lady-l\/","title":{"rendered":"Lady L."},"content":{"rendered":"<p>\u0130ngiliz aristokrasisinin pek muhterem \u00fcyelerinden Lady L., sekseninci ya\u015f g\u00fcn\u00fcnde \u015fehvete, h\u0131rsa ve tutkunun t\u00fcketici karanl\u0131\u011f\u0131na dair bir hik\u00e2ye anlatmaya karar verir. Mezara g\u00f6t\u00fcr\u00fclmesi gereken b\u00fcy\u00fck s\u0131rlar ortaya sa\u00e7\u0131l\u0131r; m\u00fccevher kutular\u0131, kilitli kasalar ve m\u00fch\u00fcrl\u00fc kalplerde unutulmaya y\u00fcz tutan ihtimaller bir bir su y\u00fcz\u00fcne \u00e7\u0131kar.Soylu unvanlardan, \u015fatafatl\u0131 giysilerden deri de\u011fi\u015ftiren bir y\u0131lan misali soyunan bu ge\u00e7mi\u015fte, Paris sokaklar\u0131n\u0131 yar\u0131 a\u00e7 yar\u0131 tok, yal\u0131nayak ar\u015f\u0131nlayan \u00e2\u015f\u0131k bir gen\u00e7 kad\u0131n t\u00fcm c\u00fcretk\u00e2rl\u0131\u011f\u0131yla belirir. A\u015fk\u0131n durmaks\u0131z\u0131n k\u00f6r\u00fcklenen bir intikam ate\u015fiyle harland\u0131\u011f\u0131 bu d\u00f6neme\u00e7te, patlayan bombalar\u0131n, havaya u\u00e7urulan binalar\u0131n, ate\u015flenen tabancalar\u0131n ve parampar\u00e7a olmu\u015f isyank\u00e2r bir sevdan\u0131n ortas\u0131nda anar\u015finin, \u015fiddetin, yalan\u0131n ve ihanetin buruk tad\u0131 duyumsan\u0131r.Boyunduruklar\u0131m\u0131zdan kurtulup \u00f6zg\u00fcrle\u015fmek i\u00e7in kendi \u015feytanlar\u0131m\u0131za isyan etmenin, zorbalar\u0131m\u0131zla y\u00fczle\u015fmenin \u015fart oldu\u011funu bilenler; hep sonuna kadar gitmek gerekti\u011fine y\u00fcrekten inananlar i\u00e7in Romain Gary&#8217;den ihtirasl\u0131 bir kurmaca.<\/p>\n","protected":false},"excerpt":{"rendered":"<p>\u0130ngiliz aristokrasisinin pek muhterem \u00fcyelerinden Lady L., sekseninci ya\u015f g\u00fcn\u00fcnde \u015fehvete, h\u0131rsa ve tutkunun t\u00fcketici karanl\u0131\u011f\u0131na dair bir hik\u00e2ye anlatmaya karar verir. Mezara g\u00f6t\u00fcr\u00fclmesi gereken b\u00fcy\u00fck<span class=\"excerpt-hellip\"> [\u2026]<\/span><\/p>\n","protected":false},"featured_media":0,"template":"","meta":{"_monsterinsights_skip_tracking":false,"_monsterinsights_sitenote_active":false,"_monsterinsights_sitenote_note":"","_monsterinsights_sitenote_category":0},"product_brand":[],"product_cat":[12291,12711],"product_tag":[],"class_list":{"0":"post-737336","1":"product","2":"type-product","3":"status-publish","5":"product_cat-edebiyat","6":"product_cat-roman-oyku","7":"pa_cilt-ciltsiz","8":"pa_tur-kitap","9":"pa_yayinevi-sel-yayincilik","10":"pa_yazar-romain-gary","12":"first","13":"instock","14":"sale","15":"shipping-taxable","16":"purchasable","17":"product-type-simple"},"_links":{"self":[{"href":"https:\/\/roveyayinevi.com.tr\/index.php\/wp-json\/wp\/v2\/product\/737336","targetHints":{"allow":["GET"]}}],"collection":[{"href":"https:\/\/roveyayinevi.com.tr\/index.php\/wp-json\/wp\/v2\/product"}],"about":[{"href":"https:\/\/roveyayinevi.com.tr\/index.php\/wp-json\/wp\/v2\/types\/product"}],"wp:attachment":[{"href":"https:\/\/roveyayinevi.com.tr\/index.php\/wp-json\/wp\/v2\/media?parent=737336"}],"wp:term":[{"taxonomy":"product_brand","embeddable":true,"href":"https:\/\/roveyayinevi.com.tr\/index.php\/wp-json\/wp\/v2\/product_brand?post=737336"},{"taxonomy":"product_cat","embeddable":true,"href":"https:\/\/roveyayinevi.com.tr\/index.php\/wp-json\/wp\/v2\/product_cat?post=737336"},{"taxonomy":"product_tag","embeddable":true,"href":"https:\/\/roveyayinevi.com.tr\/index.php\/wp-json\/wp\/v2\/product_tag?post=737336"}],"curies":[{"name":"wp","href":"https:\/\/api.w.org\/{rel}","templated":true}]}}