{"id":737335,"date":"2025-08-27T23:26:15","date_gmt":"2025-08-27T20:26:15","guid":{"rendered":"https:\/\/roveyayinevi.com.tr\/index.php\/urun\/kule-donen-bedenler-ciltli\/"},"modified":"2026-04-16T02:46:46","modified_gmt":"2026-04-15T23:46:46","slug":"kule-donen-bedenler-ciltli","status":"publish","type":"product","link":"https:\/\/roveyayinevi.com.tr\/index.php\/urun\/kule-donen-bedenler-ciltli\/","title":{"rendered":"K\u00fcle D\u00f6nen Bedenler (Ciltli)"},"content":{"rendered":"<p>ATE\u015e\u0130 CANLI TUT. SEN\u0130 KURTARAN ATE\u015eT\u0130R, HEP B\u00d6YLE DERD\u0130. BANA BUNU ANLATIP DURMU\u015eTU. BU SEFER, N\u0130HAYET D\u0130NL\u0130YORDUM. New York Times \u00e7oksatan roman\u0131 Vah\u015fi K\u0131zlar&#8217;\u0131n yazar\u0131ndan y\u00fcksek tansiyonlu, \u015fa\u015f\u0131rt\u0131c\u0131 bir roman: K\u00fcle D\u00f6nen Bedenler. T\u00fcm ya\u015fam\u0131n\u0131 annesiyle, onun so\u011fuk ve \u00e7arp\u0131k sevgisiyle ge\u00e7iren on yedi ya\u015f\u0131ndaki Margot, ailesi hakk\u0131nda hi\u00e7bir \u015fey bilmemekten rahats\u0131zd\u0131r. Annesinin onu uzak tutmakta \u0131srar etti\u011fi ge\u00e7mi\u015finin pe\u015fine d\u00fc\u015ft\u00fc\u011f\u00fcndeyse ilk dura\u011f\u0131 bir telefon numaras\u0131 olur. Bu numarayla sadece ge\u00e7mi\u015fin kap\u0131s\u0131n\u0131 aralamakla kalmaz, ailesinin ve \u00e7evresindekilerin kaderinde bizzat ba\u015frol oynamaya ba\u015flar. Tekerr\u00fcr eden tarihin ve jenerasyonlar aras\u0131 travman\u0131n i\u00e7inde s\u0131k\u0131\u015fan Margot, ailesinin ve aidiyet duygusunun bir lanetten ibaret oldu\u011funu ke\u015ffeder. Cevaplanmas\u0131 gereken onlarca sorudan biri, Margot&#8217;nun zihninde yank\u0131lan\u0131r durur: En sevilenin en zehirli oldu\u011fu yere nas\u0131l &#8220;ev&#8221; denir?  &#8220;\u00c7\u0131lg\u0131nca, t\u00fcyler \u00fcrperten bir hik\u00e2ye. K\u00e2buslar\u0131n\u0131z\u0131 t\u00fcm gece canl\u0131 tutacak cinsten.&#8221;-Melissa Albert, New York Times \u00e7oksatan yazar\u0131 &#8220;Harikayd\u0131. Rory Power yine yapaca\u011f\u0131n\u0131 yapm\u0131\u015f! K\u00fcle D\u00f6nen Bedenler bir ba\u015fyap\u0131t, inan\u0131lmaz. T\u0131pk\u0131 hik\u00e2yedeki \u00fcrk\u00fct\u00fcc\u00fc m\u0131s\u0131r tarlalar\u0131 gibi, dolamba\u00e7l\u0131 ve labirentlerle dolu bu gizem sizi sessizce saracak.&#8221;-Holly Jackson, New York Times \u00e7oksatan yazar\u0131 &#8220;Tar\u0131m, ileri derece genetik ve karakterler aras\u0131 karma\u015fa gibi konular\u0131n kan dondurucu kar\u0131\u015f\u0131m\u0131yla Rory Power, hayatta birbirinden alakas\u0131z \u015feylerin korkun\u00e7 \u015fekilde bir araya gelebilece\u011fini hat\u0131rlat\u0131yor bizlere.&#8221;-Nic Stone, New York Times \u00e7oksatan yazar\u0131 <\/p>\n","protected":false},"excerpt":{"rendered":"<p>ATE\u015e\u0130 CANLI TUT. SEN\u0130 KURTARAN ATE\u015eT\u0130R, HEP B\u00d6YLE DERD\u0130. BANA BUNU ANLATIP DURMU\u015eTU. BU SEFER, N\u0130HAYET D\u0130NL\u0130YORDUM. New York Times \u00e7oksatan roman\u0131 Vah\u015fi K\u0131zlar&#8217;\u0131n yazar\u0131ndan y\u00fcksek<span class=\"excerpt-hellip\"> [\u2026]<\/span><\/p>\n","protected":false},"featured_media":0,"template":"","meta":{"_monsterinsights_skip_tracking":false,"_monsterinsights_sitenote_active":false,"_monsterinsights_sitenote_note":"","_monsterinsights_sitenote_category":0},"product_brand":[],"product_cat":[12291,12711],"product_tag":[],"class_list":{"0":"post-737335","1":"product","2":"type-product","3":"status-publish","5":"product_cat-edebiyat","6":"product_cat-roman-oyku","7":"pa_cilt-ciltli","8":"pa_tur-kitap","9":"pa_yayinevi-epsilon-yayinlari","10":"pa_yazar-rory-power","12":"first","13":"instock","14":"sale","15":"shipping-taxable","16":"purchasable","17":"product-type-simple"},"_links":{"self":[{"href":"https:\/\/roveyayinevi.com.tr\/index.php\/wp-json\/wp\/v2\/product\/737335","targetHints":{"allow":["GET"]}}],"collection":[{"href":"https:\/\/roveyayinevi.com.tr\/index.php\/wp-json\/wp\/v2\/product"}],"about":[{"href":"https:\/\/roveyayinevi.com.tr\/index.php\/wp-json\/wp\/v2\/types\/product"}],"wp:attachment":[{"href":"https:\/\/roveyayinevi.com.tr\/index.php\/wp-json\/wp\/v2\/media?parent=737335"}],"wp:term":[{"taxonomy":"product_brand","embeddable":true,"href":"https:\/\/roveyayinevi.com.tr\/index.php\/wp-json\/wp\/v2\/product_brand?post=737335"},{"taxonomy":"product_cat","embeddable":true,"href":"https:\/\/roveyayinevi.com.tr\/index.php\/wp-json\/wp\/v2\/product_cat?post=737335"},{"taxonomy":"product_tag","embeddable":true,"href":"https:\/\/roveyayinevi.com.tr\/index.php\/wp-json\/wp\/v2\/product_tag?post=737335"}],"curies":[{"name":"wp","href":"https:\/\/api.w.org\/{rel}","templated":true}]}}