{"id":737332,"date":"2025-08-27T23:26:13","date_gmt":"2025-08-27T20:26:13","guid":{"rendered":"https:\/\/roveyayinevi.com.tr\/index.php\/urun\/mogollarin-tarihi\/"},"modified":"2026-04-16T02:46:46","modified_gmt":"2026-04-15T23:46:46","slug":"mogollarin-tarihi","status":"publish","type":"product","link":"https:\/\/roveyayinevi.com.tr\/index.php\/urun\/mogollarin-tarihi\/","title":{"rendered":"Mo\u011follar\u0131n Tarihi"},"content":{"rendered":"<p>1241\u20131242 y\u0131l\u0131nda Polonya\u2019dan ba\u015flay\u0131p Almanya hudutlar\u0131na uzanan, buradan da Avusturya\u2019ya ilerleyip Macaristan\u2019\u0131n bat\u0131 kesimlerine do\u011fru sokularak Dalma\u00e7ya sahillerine inen hat \u00e2deta bir yang\u0131n s\u0131n\u0131r\u0131yd\u0131. Bu s\u0131n\u0131r, Mo\u011fol sald\u0131r\u0131s\u0131na u\u011frayan b\u00f6lgelerle g\u00fcvende kalan topraklar\u0131 birbirinden ay\u0131r\u0131yordu ay\u0131rmas\u0131na ancak korkunun bir hududu yoktu ve tedirginlik k\u0131tan\u0131n neredeyse tamam\u0131nda h\u00fck\u00fcm s\u00fcr\u00fcyordu. Nitekim o karanl\u0131k g\u00fcnleri yans\u0131tan Latince belgeler, sadece sald\u0131r\u0131ya u\u011frayan insanlar\u0131n de\u011fil, \u00e7ok uzakta ya\u015fayanlar\u0131n bile korkunun esiri olduklar\u0131n\u0131 g\u00f6steriyor. Ve bu, t\u00fcm konumlar\u0131 birbirine e\u015fitleyen bir korkuydu. Fransa Kral\u0131 IX. Louis\u2019nin, annesi Kastilyal\u0131 Blanca\u2019ya \u00e2deta vedala\u015f\u0131rcas\u0131na g\u00f6nderdi\u011fi mektup bu g\u00fcnlerin ruhunu yans\u0131tan belgelerden sadece biridir. Bununla birlikte Mo\u011follar 1242 bahar\u0131nda beklenmedik \u015fekilde geri \u00e7ekilmeye ba\u015flad\u0131lar. Avrupa\u2019da hemen herkes derin bir nefes alm\u0131\u015ft\u0131. Ancak yine de baz\u0131 kimseler daha farkl\u0131 d\u00fc\u015f\u00fcn\u00fcyordu. Ya tekrar gelirlerse? Hem de bir daha gitmemek \u00fczere. Bu k\u00f6t\u00fc senaryoyu d\u00fc\u015f\u00fcnenlerden biri de Papa IV. Innocentius\u2019tu.      IV. Innocentius\u2019un korkusu Johannes adl\u0131 bir Fransisken din adam\u0131n\u0131n 1245 Nisan ay\u0131nda Mo\u011folistan\u2019a g\u00f6nderilmesine kadar vard\u0131. Din adam\u0131n\u0131n g\u00f6revi, Mo\u011follar\u0131n Avrupa\u2019ya bir sefer d\u00fczenleyip d\u00fczenlemeyeceklerini \u00f6\u011frenmek, b\u00f6yle bir niyetleri varsa onlarla etkili bir m\u00fccadeleye giri\u015fmek i\u00e7in d\u00fc\u015fmanlar\u0131n\u0131 yak\u0131ndan tan\u0131mak \u00fczere dinlerini, geleneklerini, mutfak k\u00fclt\u00fcrlerini, aralar\u0131ndaki ili\u015fkileri ve daha da \u00f6nemlisi taktikleri ile sava\u015f k\u00fclt\u00fcrlerine var\u0131ncaya kadar her \u015feyi, ama her \u015feyi \u00f6\u011frenmekti. Mo\u011folistan\u2019dan d\u00f6n\u00fc\u015f\u00fcn\u00fcn ard\u0131ndan 1247\u2019de kaleme ald\u0131\u011f\u0131 eserinde seyahatinin yan\u0131 s\u0131ra t\u00fcm bu hususlarda tan\u0131mlay\u0131c\u0131 bilgiler vermesi de vazifesinin, omuzlar\u0131na y\u00fckledi\u011fi bilin\u00e7le ilgiliydi. Sorumluluklar\u0131 ile b\u00fct\u00fcnle\u015fen Plano Carpinili Johannes i\u00e7in seyahati sadece bir yolculuk de\u011fildi. Bir ke\u015fifti ayn\u0131 zamanda.      Johannes, Mo\u011fol egemenli\u011findeki topraklarda bir bu\u00e7uk seneden fazla bir s\u00fcre ge\u00e7irdi. Bu zaman zarf\u0131nda Mo\u011follarla yak\u0131n temas i\u00e7erisinde bulundu. Ba\u015flang\u0131\u00e7ta, birka\u00e7 sene \u00f6nce Avrupa\u2019n\u0131n bir k\u0131sm\u0131n\u0131n alt\u0131n\u0131 \u00fcst\u00fcne getirmi\u015f bir halk\u0131n topraklar\u0131na gitmek onu \u00fcrk\u00fct\u00fcyordu. Ancak deneyimledi\u011fi \u015feyler onu bamba\u015fka bir hissiyata s\u00fcr\u00fckleyecekti. Seyahati s\u0131ras\u0131nda kimi olumsuz durumlarla kar\u015f\u0131 kar\u015f\u0131ya kald\u0131ysa da \u00e7o\u011fu zaman Mo\u011follar\u0131n misafirperverliklerinden istifade etti, onlar taraf\u0131ndan korundu, iyiliklerini g\u00f6rd\u00fc, onlarla ayn\u0131 sofraya oturdu ve ayn\u0131 suyu i\u00e7ti. Hatta eserinde Mo\u011follar\u0131n iyi huylar\u0131na temas etti\u011fi birka\u00e7 ba\u015fl\u0131k bile kaleme ald\u0131. Johannes Mo\u011follar hakk\u0131nda bilgi veren ilk Bat\u0131l\u0131 olmasa da onlar\u0131 ke\u015ffeden ilk ki\u015fi olmu\u015ftu. Ayr\u0131ca Asya\u2019y\u0131 da\u2026 Daha \u00f6nce mitolojik bir d\u00fcnya gibi g\u00f6r\u00fcnen Asya onun aktard\u0131klar\u0131 sayesinde art\u0131k daha iyi biliniyordu. Bunun, Johannes\u2019i takip edecek kimseleri Asya seyahati i\u00e7in daha da cesaretlendirdi\u011fi ve onlar\u0131 Asya\u2019n\u0131n farkl\u0131 noktalar\u0131na ad\u0131m atmaya te\u015fvik etti\u011fi bir ger\u00e7ek. Bu, Johannes\u2019i elbette denizci k\u00e2\u015fifler seviyesine \u00e7\u0131karm\u0131yor. Ancak ba\u015fard\u0131\u011f\u0131 \u015fey buna uzak da de\u011fildi asl\u0131nda.      Johannes\u2019in k\u00e2\u015fifli\u011fini bir tarafa b\u0131rakacak olursak onun as\u0131l \u00f6nemi, Mo\u011fol tarihi ile ilgili en \u00f6nemli kaynaklardan birisini kaleme alm\u0131\u015f olmas\u0131ndan ileri gelir. Bir Mo\u011fol kurultay\u0131nda ilk kez bulunmakla kalmayarak bunu detayl\u0131 bir \u015fekilde aktaran ki\u015fi de Johannes\u2019ti, Mo\u011follar\u0131n geleneklerini ve g\u00f6reneklerini \u00fcst\u00fcn bir g\u00f6zlemle aktaran da. Mo\u011follar\u0131n asker\u00ee geleneklerini \u00e7\u00f6z\u00fcmleyen de, Mo\u011fol tarihi konusunda ilk defa ger\u00e7ek\u00e7i aktar\u0131mlar\u0131 yapan da oydu. Ve t\u00fcm bunlar\u0131 sadece bu i\u015fi ilk defa ba\u015faran bir ki\u015fi olarak de\u011fil, bunu m\u00fckemmel bir \u015fekilde ortaya koyan bir ki\u015fi olarak yap\u0131yordu. Bu, Mo\u011folistan\u2019da bulunarak onlar\u0131 ya\u015fad\u0131klar\u0131 b\u00f6lgede g\u00f6zlemlemesi ile t\u00fcm bunlar\u0131 \u00fcst\u00fcn bir kavray\u0131\u015fla analiz etmesinin bir neticesiydi.<\/p>\n","protected":false},"excerpt":{"rendered":"<p>1241\u20131242 y\u0131l\u0131nda Polonya\u2019dan ba\u015flay\u0131p Almanya hudutlar\u0131na uzanan, buradan da Avusturya\u2019ya ilerleyip Macaristan\u2019\u0131n bat\u0131 kesimlerine do\u011fru sokularak Dalma\u00e7ya sahillerine inen hat \u00e2deta bir yang\u0131n s\u0131n\u0131r\u0131yd\u0131. Bu s\u0131n\u0131r,<span class=\"excerpt-hellip\"> [\u2026]<\/span><\/p>\n","protected":false},"featured_media":0,"template":"","meta":{"_monsterinsights_skip_tracking":false,"_monsterinsights_sitenote_active":false,"_monsterinsights_sitenote_note":"","_monsterinsights_sitenote_category":0},"product_brand":[],"product_cat":[12370,12304],"product_tag":[],"class_list":{"0":"post-737332","1":"product","2":"type-product","3":"status-publish","5":"product_cat-arastirma-inceleme","6":"product_cat-tarih","7":"pa_cilt-ciltsiz","8":"pa_tur-kitap","9":"pa_yayinevi-otuken-nesriyat","10":"pa_yazar-plano-carpinili-johannes","12":"first","13":"instock","14":"sale","15":"shipping-taxable","16":"purchasable","17":"product-type-simple"},"_links":{"self":[{"href":"https:\/\/roveyayinevi.com.tr\/index.php\/wp-json\/wp\/v2\/product\/737332","targetHints":{"allow":["GET"]}}],"collection":[{"href":"https:\/\/roveyayinevi.com.tr\/index.php\/wp-json\/wp\/v2\/product"}],"about":[{"href":"https:\/\/roveyayinevi.com.tr\/index.php\/wp-json\/wp\/v2\/types\/product"}],"wp:attachment":[{"href":"https:\/\/roveyayinevi.com.tr\/index.php\/wp-json\/wp\/v2\/media?parent=737332"}],"wp:term":[{"taxonomy":"product_brand","embeddable":true,"href":"https:\/\/roveyayinevi.com.tr\/index.php\/wp-json\/wp\/v2\/product_brand?post=737332"},{"taxonomy":"product_cat","embeddable":true,"href":"https:\/\/roveyayinevi.com.tr\/index.php\/wp-json\/wp\/v2\/product_cat?post=737332"},{"taxonomy":"product_tag","embeddable":true,"href":"https:\/\/roveyayinevi.com.tr\/index.php\/wp-json\/wp\/v2\/product_tag?post=737332"}],"curies":[{"name":"wp","href":"https:\/\/api.w.org\/{rel}","templated":true}]}}